{"id":707050,"date":"2024-10-15T16:40:02","date_gmt":"2024-10-15T14:40:02","guid":{"rendered":"https:\/\/streetmarkets.fr\/app\/produit\/robe-lourdes-st-purple-stripe-bellepiece-60\/"},"modified":"2026-05-11T02:01:20","modified_gmt":"2026-05-11T00:01:20","slug":"robe-lourdes-st-purple-stripe-bellepiece-60","status":"publish","type":"product","link":"https:\/\/streetmarkets.fr\/app\/produit\/robe-lourdes-st-purple-stripe-bellepiece-60\/","title":{"rendered":"BELLEPIECE Robe Lourdes ST Purple Stripe -60%"},"content":{"rendered":"<p class=\"\">Robe longue en coton coupe ample, manches courtes \u00e9vas\u00e9es, encolure avec lien crois\u00e9, coton pliss\u00e9 aux \u00e9paules, deux poches lat\u00e9rales. <\/p>\n<p class=\"\">D\u00e9tail : 100% coton<\/p>\n","protected":false},"excerpt":{"rendered":"<p>Robe longue en coton coupe ample, manches courtes \u00e9vas\u00e9es, encolure avec lien crois\u00e9, coton pliss\u00e9 aux \u00e9paules, deux poches lat\u00e9rales. D\u00e9tail : 100% coton<\/p>\n","protected":false},"featured_media":707051,"comment_status":"open","ping_status":"closed","template":"","meta":[],"product_brand":[],"product_cat":[1756,1758],"product_tag":[2244],"acf":[],"_links":{"self":[{"href":"https:\/\/streetmarkets.fr\/app\/wp-json\/wp\/v2\/product\/707050"}],"collection":[{"href":"https:\/\/streetmarkets.fr\/app\/wp-json\/wp\/v2\/product"}],"about":[{"href":"https:\/\/streetmarkets.fr\/app\/wp-json\/wp\/v2\/types\/product"}],"replies":[{"embeddable":true,"href":"https:\/\/streetmarkets.fr\/app\/wp-json\/wp\/v2\/comments?post=707050"}],"wp:featuredmedia":[{"embeddable":true,"href":"https:\/\/streetmarkets.fr\/app\/wp-json\/wp\/v2\/media\/707051"}],"wp:attachment":[{"href":"https:\/\/streetmarkets.fr\/app\/wp-json\/wp\/v2\/media?parent=707050"}],"wp:term":[{"taxonomy":"product_brand","embeddable":true,"href":"https:\/\/streetmarkets.fr\/app\/wp-json\/wp\/v2\/product_brand?post=707050"},{"taxonomy":"product_cat","embeddable":true,"href":"https:\/\/streetmarkets.fr\/app\/wp-json\/wp\/v2\/product_cat?post=707050"},{"taxonomy":"product_tag","embeddable":true,"href":"https:\/\/streetmarkets.fr\/app\/wp-json\/wp\/v2\/product_tag?post=707050"}],"curies":[{"name":"wp","href":"https:\/\/api.w.org\/{rel}","templated":true}]}}