{"id":707034,"date":"2024-10-15T16:40:00","date_gmt":"2024-10-15T14:40:00","guid":{"rendered":"https:\/\/streetmarkets.fr\/app\/produit\/top-satin-the-pomandere-40\/"},"modified":"2024-12-02T00:59:34","modified_gmt":"2024-12-01T23:59:34","slug":"top-satin-the-pomandere-40","status":"publish","type":"product","link":"https:\/\/streetmarkets.fr\/app\/produit\/top-satin-the-pomandere-40\/","title":{"rendered":"POMAND\u00c8RE Top Satin Th\u00e9 -40%"},"content":{"rendered":"<p class=\"\">Top en satin coupe ample et droite, encolure v devant et dos, touch\u00e9 doux et satin\u00e9. \u00c9galement disponible dans la couleur Beurre. <\/p>\n<p class=\"\">D\u00e9tail : 82% actetate, 18% viscose <\/p>\n","protected":false},"excerpt":{"rendered":"<p>Top en satin coupe ample et droite, encolure v devant et dos, touch\u00e9 doux et satin\u00e9. \u00c9galement disponible dans la couleur Beurre. D\u00e9tail : 82% actetate, 18% viscose<\/p>\n","protected":false},"featured_media":707035,"comment_status":"open","ping_status":"closed","template":"","meta":[],"product_brand":[],"product_cat":[1756,1758],"product_tag":[2244],"acf":[],"_links":{"self":[{"href":"https:\/\/streetmarkets.fr\/app\/wp-json\/wp\/v2\/product\/707034"}],"collection":[{"href":"https:\/\/streetmarkets.fr\/app\/wp-json\/wp\/v2\/product"}],"about":[{"href":"https:\/\/streetmarkets.fr\/app\/wp-json\/wp\/v2\/types\/product"}],"replies":[{"embeddable":true,"href":"https:\/\/streetmarkets.fr\/app\/wp-json\/wp\/v2\/comments?post=707034"}],"wp:featuredmedia":[{"embeddable":true,"href":"https:\/\/streetmarkets.fr\/app\/wp-json\/wp\/v2\/media\/707035"}],"wp:attachment":[{"href":"https:\/\/streetmarkets.fr\/app\/wp-json\/wp\/v2\/media?parent=707034"}],"wp:term":[{"taxonomy":"product_brand","embeddable":true,"href":"https:\/\/streetmarkets.fr\/app\/wp-json\/wp\/v2\/product_brand?post=707034"},{"taxonomy":"product_cat","embeddable":true,"href":"https:\/\/streetmarkets.fr\/app\/wp-json\/wp\/v2\/product_cat?post=707034"},{"taxonomy":"product_tag","embeddable":true,"href":"https:\/\/streetmarkets.fr\/app\/wp-json\/wp\/v2\/product_tag?post=707034"}],"curies":[{"name":"wp","href":"https:\/\/api.w.org\/{rel}","templated":true}]}}