{"id":707026,"date":"2024-10-15T16:40:00","date_gmt":"2024-10-15T14:40:00","guid":{"rendered":"https:\/\/streetmarkets.fr\/app\/produit\/veste-coton-lin-framboise-pomandere-50\/"},"modified":"2025-09-17T02:02:08","modified_gmt":"2025-09-17T00:02:08","slug":"veste-coton-lin-framboise-pomandere-50","status":"publish","type":"product","link":"https:\/\/streetmarkets.fr\/app\/produit\/veste-coton-lin-framboise-pomandere-50\/","title":{"rendered":"POMAND\u00c8RE Veste Coton Lin Framboise -50%"},"content":{"rendered":"<p class=\"\">Veste tailleur en coton lin \u00e0 fines rayures, coupe ample et droite, manches longues, poignets boutonn\u00e9s. Deux poches \u00e0 rabats devant. Fermeture par un bouton. <\/p>\n<p class=\"\">D\u00e9tail : 80% coton, 20% lin<\/p>\n","protected":false},"excerpt":{"rendered":"<p>Veste tailleur en coton lin \u00e0 fines rayures, coupe ample et droite, manches longues, poignets boutonn\u00e9s. Deux poches \u00e0 rabats devant. Fermeture par un bouton. D\u00e9tail : 80% coton, 20% lin<\/p>\n","protected":false},"featured_media":707027,"comment_status":"open","ping_status":"closed","template":"","meta":[],"product_brand":[],"product_cat":[1756,1758],"product_tag":[2244],"acf":[],"_links":{"self":[{"href":"https:\/\/streetmarkets.fr\/app\/wp-json\/wp\/v2\/product\/707026"}],"collection":[{"href":"https:\/\/streetmarkets.fr\/app\/wp-json\/wp\/v2\/product"}],"about":[{"href":"https:\/\/streetmarkets.fr\/app\/wp-json\/wp\/v2\/types\/product"}],"replies":[{"embeddable":true,"href":"https:\/\/streetmarkets.fr\/app\/wp-json\/wp\/v2\/comments?post=707026"}],"wp:featuredmedia":[{"embeddable":true,"href":"https:\/\/streetmarkets.fr\/app\/wp-json\/wp\/v2\/media\/707027"}],"wp:attachment":[{"href":"https:\/\/streetmarkets.fr\/app\/wp-json\/wp\/v2\/media?parent=707026"}],"wp:term":[{"taxonomy":"product_brand","embeddable":true,"href":"https:\/\/streetmarkets.fr\/app\/wp-json\/wp\/v2\/product_brand?post=707026"},{"taxonomy":"product_cat","embeddable":true,"href":"https:\/\/streetmarkets.fr\/app\/wp-json\/wp\/v2\/product_cat?post=707026"},{"taxonomy":"product_tag","embeddable":true,"href":"https:\/\/streetmarkets.fr\/app\/wp-json\/wp\/v2\/product_tag?post=707026"}],"curies":[{"name":"wp","href":"https:\/\/api.w.org\/{rel}","templated":true}]}}