{"id":706477,"date":"2024-10-15T16:19:17","date_gmt":"2024-10-15T14:19:17","guid":{"rendered":"https:\/\/streetmarkets.fr\/app\/produit\/t-shirt-patagonia-ms-commontrail-pocket-responsibili-tee-utility-blue\/"},"modified":"2026-05-13T01:59:39","modified_gmt":"2026-05-12T23:59:39","slug":"t-shirt-patagonia-ms-commontrail-pocket-responsibili-tee-utility-blue","status":"publish","type":"product","link":"https:\/\/streetmarkets.fr\/app\/produit\/t-shirt-patagonia-ms-commontrail-pocket-responsibili-tee-utility-blue\/","title":{"rendered":"T-shirt M&#8217;s Commontrail Pocket Responsibili-Tee\u00ae &#8211; Patagonia"},"content":{"rendered":"<h2>T-shirt M&#8217;s Commontrail Pocket Responsibili-Tee\u00ae &#8211; Patagonia<\/h2>\n<p><img decoding=\"async\" alt=\"\" src=\"https:\/\/cdn.shopify.com\/s\/files\/1\/0593\/7093\/0335\/files\/Patagonia-logo_480x480.jpg?v=1678193525\"><img decoding=\"async\" src=\"https:\/\/cdn.shopify.com\/s\/files\/1\/0593\/7093\/0335\/files\/Picto_Mode_Textile_480x480.jpg?v=1677763747\" alt=\"\"><img decoding=\"async\" src=\"https:\/\/cdn.shopify.com\/s\/files\/1\/0593\/7093\/0335\/files\/Picto_Fair_Trade_480x480.jpg?v=1677763747\" alt=\"\"><img decoding=\"async\" src=\"https:\/\/cdn.shopify.com\/s\/files\/1\/0593\/7093\/0335\/files\/Picto_Matieres_recyclees_480x480.jpg?v=1677763747\" alt=\"\"><\/p>\n<p>Le motif sign\u00e9 Wyatt Hersey nous rappelle qu\u2019il faut \u00eatre courtois envers toutes les personnes qui arpentent les sentiers, mais aussi envers la faune et la flore. Ce Commontrail Pocket Responsibili-Tee\u00ae est compos\u00e9 de mat\u00e9riaux recycl\u00e9s. En utilisant des chutes de tissu et des bouteilles recycl\u00e9es, nous r\u00e9duisons notre d\u00e9pendance aux mati\u00e8res premi\u00e8res vierges.<\/p>\n<p>Mod\u00e8le confectionn\u00e9 dans un atelier Fair Trade Certified\u2122.<\/p>\n<p><strong>Mati\u00e8re 100% recycl\u00e9e<\/strong><br \/>Ce t-shirt en mati\u00e8res 100% recycl\u00e9es b\u00e9n\u00e9ficie de la plus faible empreinte carbone de notre gamme<\/p>\n<p><strong>Mod\u00e8le \u00e0 col ras-du-cou, avec poche<\/strong><br \/>Mod\u00e8le ras-du-cou classique et polyvalent, avec poche poitrine, id\u00e9al dans presque toutes les situations<\/p>\n<p><strong>Confort et tenue<\/strong><br \/>Encolure \u00e0 bords c\u00f4tel\u00e9s et coutures \u00e9tanch\u00e9es aux \u00e9paules pour plus de confort et une meilleure tenue<\/p>\n<p><strong>Bas de v\u00eatement<\/strong><br \/>Bas de v\u00eatement droit qui peut \u00eatre rentr\u00e9 dans le pantalon<\/p>\n<p><strong>Motif original<\/strong><br \/>Artiste : Wyatt Hersey<\/p>\n<h3>PATAGONIA<\/h3>\n<p><span><em>\u00ab Acheter pour vivre, au lieu de vivre pour acheter \u00bb, cette phrase\u00a0<\/em>d&#8217;Yvon Chouinard, fondateur peu conventionnel de la marque Patagonia illustre bien le positionnement de la marque.<\/span><\/p>\n<p><span>Depuis 1973, Patagonia propose des v\u00eatements techniques \u00e9co-con\u00e7us de sports de montagne, de surf,\u00a0pour d\u00e9couvrir les grands espaces naturels sauvages.\u00a0Pour concevoir ses v\u00eatements, Patagonia utilise uniquement du coton biologique et des chlorofibres (mati\u00e8res recycl\u00e9es). On pourrait r\u00e9sumer ainsi la philosophie de\u00a0PATAGONIA\u00a0:<em> &#8220;Fabriquer les meilleurs produits en causant le moindre impact environnemental, utiliser le monde des affaires pour inspirer et mettre en place des solutions \u00e0 la crise environnementale.&#8221;<\/em><\/span><\/p>\n<h3>INFORMATIONS<\/h3>\n<p>Mati\u00e8res : Jersey 50% coton recycl\u00e9 et 50% polyester recycl\u00e9 post-consommation, 186 g\/m\u00b2<br \/>Mati\u00e8re certifi\u00e9e bluesign\u00ae<br \/>Mod\u00e8le confectionn\u00e9 dans un atelier Fair Trade Certified\u2122<br \/>Instructions d&#8217;entretien :\u00a0Laver \u00e0 froid en machine, ne pas blanchir, faire s\u00e9cher \u00e0 basse temp\u00e9rature, repasser \u00e0 fer chaud<br \/>Pays d\u2019origine : <span>Fabriqu\u00e9 au Mexique.<\/span><br \/>Poids : 213 g<\/p>\n","protected":false},"excerpt":{"rendered":"<p>T-shirt M&#8217;s Commontrail Pocket Responsibili-Tee\u00ae &#8211; Patagonia Le motif sign\u00e9 Wyatt Hersey nous rappelle qu\u2019il faut \u00eatre courtois envers toutes les personnes qui arpentent les sentiers, mais aussi envers la faune et la flore. Ce Commontrail Pocket Responsibili-Tee\u00ae est compos\u00e9 de mat\u00e9riaux recycl\u00e9s. En utilisant des chutes de tissu et des bouteilles recycl\u00e9es, nous r\u00e9duisons [&hellip;]<\/p>\n","protected":false},"featured_media":706478,"comment_status":"open","ping_status":"closed","template":"","meta":[],"product_brand":[7133],"product_cat":[1756,1760],"product_tag":[1810],"acf":[],"_links":{"self":[{"href":"https:\/\/streetmarkets.fr\/app\/wp-json\/wp\/v2\/product\/706477"}],"collection":[{"href":"https:\/\/streetmarkets.fr\/app\/wp-json\/wp\/v2\/product"}],"about":[{"href":"https:\/\/streetmarkets.fr\/app\/wp-json\/wp\/v2\/types\/product"}],"replies":[{"embeddable":true,"href":"https:\/\/streetmarkets.fr\/app\/wp-json\/wp\/v2\/comments?post=706477"}],"wp:featuredmedia":[{"embeddable":true,"href":"https:\/\/streetmarkets.fr\/app\/wp-json\/wp\/v2\/media\/706478"}],"wp:attachment":[{"href":"https:\/\/streetmarkets.fr\/app\/wp-json\/wp\/v2\/media?parent=706477"}],"wp:term":[{"taxonomy":"product_brand","embeddable":true,"href":"https:\/\/streetmarkets.fr\/app\/wp-json\/wp\/v2\/product_brand?post=706477"},{"taxonomy":"product_cat","embeddable":true,"href":"https:\/\/streetmarkets.fr\/app\/wp-json\/wp\/v2\/product_cat?post=706477"},{"taxonomy":"product_tag","embeddable":true,"href":"https:\/\/streetmarkets.fr\/app\/wp-json\/wp\/v2\/product_tag?post=706477"}],"curies":[{"name":"wp","href":"https:\/\/api.w.org\/{rel}","templated":true}]}}