{"id":706260,"date":"2024-10-15T16:18:43","date_gmt":"2024-10-15T14:18:43","guid":{"rendered":"https:\/\/streetmarkets.fr\/app\/produit\/chaussettes-royalties-en-coton-lea-leopard-royalties\/"},"modified":"2026-04-18T02:00:27","modified_gmt":"2026-04-18T00:00:27","slug":"chaussettes-royalties-en-coton-lea-leopard-royalties","status":"publish","type":"product","link":"https:\/\/streetmarkets.fr\/app\/produit\/chaussettes-royalties-en-coton-lea-leopard-royalties\/","title":{"rendered":"Chaussettes Royalties en coton Lea L\u00e9opard &#8211; Royalties"},"content":{"rendered":"<h2 data-mce-fragment=\"1\">Chaussettes Royalties en coton Lea L\u00e9opard &#8211; Royalties<\/h2>\n<p data-mce-fragment=\"1\"><img decoding=\"async\" src=\"https:\/\/cdn.shopify.com\/s\/files\/1\/0593\/7093\/0335\/files\/Logo-Royalties.png?v=1710502079\" alt=\"\" data-mce-fragment=\"1\" data-mce-src=\"https:\/\/cdn.shopify.com\/s\/files\/1\/0593\/7093\/0335\/files\/Logo-Royalties.png?v=1710502079\"><img decoding=\"async\" alt=\"\" src=\"https:\/\/cdn.shopify.com\/s\/files\/1\/0593\/7093\/0335\/files\/Picto_Mode_Textile_480x480.jpg?v=1677763747\" data-mce-fragment=\"1\" data-mce-src=\"https:\/\/cdn.shopify.com\/s\/files\/1\/0593\/7093\/0335\/files\/Picto_Mode_Textile_480x480.jpg?v=1677763747\"><img decoding=\"async\" alt=\"\" src=\"https:\/\/cdn.shopify.com\/s\/files\/1\/0593\/7093\/0335\/files\/Picto_Made_in_France_480x480.jpg?v=1677763747\" data-mce-fragment=\"1\" data-mce-src=\"https:\/\/cdn.shopify.com\/s\/files\/1\/0593\/7093\/0335\/files\/Picto_Made_in_France_480x480.jpg?v=1677763747\"><\/p>\n<p><span>Des chaussettes l\u00e9opard pour une d\u00e9marche f\u00e9line. Un classique \u00e0 emporter partout avec soi. Elles sont douces au toucher, belles \u00e0 regarder.<\/span><\/p>\n<p>Vos chaussettes Royalties sont tricot\u00e9es avec les m\u00eames fils que vos plus beaux pulls, et la diff\u00e9rence se ressent.<\/p>\n<p>Au toucher (elles sont douces), au porter (elles sont confortables), et sur la dur\u00e9e (elles sont infatigables). Nous mettons du c\u0153ur \u00e0 vous offrir des dessins et des jeux de points raffin\u00e9s pour que vous soyez chaque jour au top jusqu\u2019au bout des pieds.<\/p>\n<p>Pour que vos chaussettes restent douces le plus longtemps possible nous vous conseillons vivement de les laver sur l\u2019envers en cycle court et \u00e0 30\u00b0 maximum. Ne pas s\u00e9cher au s\u00e8che-linge.<\/p>\n<p><span>L\u2019\u00e9lasthanne donne aisance et confort. Le polyamide entoure le fil d\u2019\u00e9lasthanne et renforce ses propri\u00e9t\u00e9s m\u00e9caniques. Le coton est doux au contact de la peau. Ces chaussettes respectent la norme Oeko Tex Standard 100. Garantie de non toxicit\u00e9 des fils.<\/span><\/p>\n<h3><span>ROYALTIES<\/span><\/h3>\n<p>Royalties, fond\u00e9e par le styliste Timoth\u00e9 Pic en 2011 et se poursuivant avec sa rencontre avec Camille Emelina est une marque soucieuse de son impact environnemental a<span data-mce-fragment=\"1\">vec une ligne de conduite : redonner ses lettres de noblesse \u00e0 la chaussette en choisissant la fabrication fran\u00e7aise.<\/span> <br \/>Au sein de l&#8217;entreprise et chez leurs partenaires, tout ce qui peut \u00eatre recycl\u00e9 l&#8217;est. Royalties privil\u00e9gie les fournisseurs \u00e0 proximit\u00e9 et tous les cotons utilis\u00e9s r\u00e9pondent aux normes Oeko Tex standard 100. Royalties travaille \u00e9galement du coton recycl\u00e9 provenant d&#8217;Italie et de la laine recycl\u00e9e d&#8217;un filateur fran\u00e7ais issue de l&#8217;Upcycling.<\/p>\n<h3><span>INFORMATIONS<\/span><\/h3>\n<p><span>Hauteur : 19 cm.<br data-mce-fragment=\"1\">Remaillage fin et solide.<br data-mce-fragment=\"1\">71% Coton \/ 19% Polyamide \/ 9% Polyester M\u00e9tallis\u00e9 \/ 1% Elasthanne<br \/>Fabriqu\u00e9 en France.<\/span><\/p>\n","protected":false},"excerpt":{"rendered":"<p>Chaussettes Royalties en coton Lea L\u00e9opard &#8211; Royalties Des chaussettes l\u00e9opard pour une d\u00e9marche f\u00e9line. Un classique \u00e0 emporter partout avec soi. Elles sont douces au toucher, belles \u00e0 regarder. Vos chaussettes Royalties sont tricot\u00e9es avec les m\u00eames fils que vos plus beaux pulls, et la diff\u00e9rence se ressent. Au toucher (elles sont douces), au [&hellip;]<\/p>\n","protected":false},"featured_media":706261,"comment_status":"open","ping_status":"closed","template":"","meta":[],"product_brand":[],"product_cat":[1756,1764],"product_tag":[1810],"acf":[],"_links":{"self":[{"href":"https:\/\/streetmarkets.fr\/app\/wp-json\/wp\/v2\/product\/706260"}],"collection":[{"href":"https:\/\/streetmarkets.fr\/app\/wp-json\/wp\/v2\/product"}],"about":[{"href":"https:\/\/streetmarkets.fr\/app\/wp-json\/wp\/v2\/types\/product"}],"replies":[{"embeddable":true,"href":"https:\/\/streetmarkets.fr\/app\/wp-json\/wp\/v2\/comments?post=706260"}],"wp:featuredmedia":[{"embeddable":true,"href":"https:\/\/streetmarkets.fr\/app\/wp-json\/wp\/v2\/media\/706261"}],"wp:attachment":[{"href":"https:\/\/streetmarkets.fr\/app\/wp-json\/wp\/v2\/media?parent=706260"}],"wp:term":[{"taxonomy":"product_brand","embeddable":true,"href":"https:\/\/streetmarkets.fr\/app\/wp-json\/wp\/v2\/product_brand?post=706260"},{"taxonomy":"product_cat","embeddable":true,"href":"https:\/\/streetmarkets.fr\/app\/wp-json\/wp\/v2\/product_cat?post=706260"},{"taxonomy":"product_tag","embeddable":true,"href":"https:\/\/streetmarkets.fr\/app\/wp-json\/wp\/v2\/product_tag?post=706260"}],"curies":[{"name":"wp","href":"https:\/\/api.w.org\/{rel}","templated":true}]}}