{"id":705886,"date":"2024-10-15T16:18:04","date_gmt":"2024-10-15T14:18:04","guid":{"rendered":"https:\/\/streetmarkets.fr\/app\/produit\/ceinture-en-polyester-recycle-faguo-bicolore-vert-et-sable\/"},"modified":"2026-05-13T01:59:38","modified_gmt":"2026-05-12T23:59:38","slug":"ceinture-en-polyester-recycle-faguo-bicolore-vert-et-sable","status":"publish","type":"product","link":"https:\/\/streetmarkets.fr\/app\/produit\/ceinture-en-polyester-recycle-faguo-bicolore-vert-et-sable\/","title":{"rendered":"Ceinture tress\u00e9e extensible en polyester recycl\u00e9 bicolore &#8211; Faguo"},"content":{"rendered":"<h2>Ceinture tress\u00e9e extensible en polyester recycl\u00e9 bicolore &#8211; Faguo<\/h2>\n<p><img decoding=\"async\" src=\"https:\/\/cdn.shopify.com\/s\/files\/1\/0593\/7093\/0335\/files\/FaguoLogo_480x480.jpg?v=1678204474\" alt=\"\"><img decoding=\"async\" src=\"https:\/\/cdn.shopify.com\/s\/files\/1\/0593\/7093\/0335\/files\/Picto_Mode_Textile_480x480.jpg?v=1677763747\" alt=\"\"><img decoding=\"async\" src=\"https:\/\/cdn.shopify.com\/s\/files\/1\/0593\/7093\/0335\/files\/Picto_Matieres_recyclees_480x480.jpg?v=1677763747\" alt=\"\"><\/p>\n<p><strong>L\u2019indispensable du vestiaire, revisit\u00e9 avec style et engagement \ud83c\udf3f<\/strong><\/p>\n<p><span>La ceinture tress\u00e9e bicolore Faguo allie \u00e9l\u00e9gance, confort et durabilit\u00e9, gr\u00e2ce \u00e0 son tressage \u00e9lastique extensible et ses finitions en cuir emboss\u00e9. Son design sobre et moderne en fait un accessoire polyvalent, parfait pour le quotidien comme pour les occasions sp\u00e9ciales.<\/span><\/p>\n<p data-start=\"414\" data-end=\"446\"><strong data-start=\"418\" data-end=\"442\">\u2728 Pourquoi l\u2019adopter ?<\/strong><br \/>\ud83d\udd04 Extensible &amp; confortable : S\u2019adapte \u00e0 toutes les morphologies sans trous pr\u00e9d\u00e9finis<br data-start=\"539\" data-end=\"542\">\ud83c\udfa9 Polyvalente &amp; intemporelle : Parfaite pour le bureau, le week-end ou les voyages<br data-start=\"631\" data-end=\"634\">\ud83c\udf0d Mati\u00e8re \u00e9co-responsable : 70 % polyester recycl\u00e9 issu de bouteilles plastiques<br data-start=\"721\" data-end=\"724\">\ud83e\udeb5 Finitions soign\u00e9es : cuir de vachette et boucle m\u00e9tal<br data-start=\"827\" data-end=\"830\">\ud83c\udfa8 Facile \u00e0 assortir : Disponible en plusieurs coloris bicolores pour matcher avec tous les styles<\/p>\n<p data-start=\"1197\" data-end=\"1237\"><strong data-start=\"1201\" data-end=\"1235\">\ud83e\uddfc E<\/strong><strong data-start=\"1201\" data-end=\"1235\">ntretien<br \/><\/strong>Nettoyer avec un chiffon humide, sans d\u00e9tergent, ne pas laver en machine, cela pourrait alt\u00e9rer les mat\u00e9riaux, ranger \u00e0 plat pour \u00e9viter les d\u00e9formations<\/p>\n<p data-start=\"1197\" data-end=\"1237\">\ud83c\udf92 <strong data-start=\"1633\" data-end=\"1717\">Ajoutez une touche d\u2019\u00e9l\u00e9gance responsable \u00e0 votre tenue avec la ceinture Faguo !<\/strong><\/p>\n<h3><span>FAGUO<\/span><\/h3>\n<p>Faguo est une marque fran\u00e7aise \u00e0 mission certifi\u00e9e B Corp, cr\u00e9\u00e9e en 2009 et engag\u00e9e pour une mode \u00e9coresponsable. Elle con\u00e7oit un vestiaire durable en mati\u00e8res recycl\u00e9es, mesure et r\u00e9duit ses \u00e9missions, et plante un arbre pour chaque pi\u00e8ce. Transparente, elle promeut aussi la seconde main et la r\u00e9paration.<\/p>\n<h3><span>INFORMATIONS<\/span><\/h3>\n<p><span>Mod\u00e8le: ceinture tress\u00e9e coloris bicolore, extensible sans trous.<br data-start=\"2053\" data-end=\"2056\">Composition: 70 % polyester recycl\u00e9 issu de bouteilles, 30 % \u00e9lasthanne.<br data-start=\"2128\" data-end=\"2131\">D\u00e9tails: empi\u00e8cements cuir de vachette, boucle m\u00e9tal<br data-start=\"2207\" data-end=\"2210\">Taille: ajustable<\/span><\/p>\n","protected":false},"excerpt":{"rendered":"<p>Ceinture tress\u00e9e extensible en polyester recycl\u00e9 bicolore &#8211; Faguo L\u2019indispensable du vestiaire, revisit\u00e9 avec style et engagement \ud83c\udf3f La ceinture tress\u00e9e bicolore Faguo allie \u00e9l\u00e9gance, confort et durabilit\u00e9, gr\u00e2ce \u00e0 son tressage \u00e9lastique extensible et ses finitions en cuir emboss\u00e9. Son design sobre et moderne en fait un accessoire polyvalent, parfait pour le quotidien comme [&hellip;]<\/p>\n","protected":false},"featured_media":705887,"comment_status":"open","ping_status":"closed","template":"","meta":[],"product_brand":[7128],"product_cat":[1756,1760],"product_tag":[1810],"acf":[],"_links":{"self":[{"href":"https:\/\/streetmarkets.fr\/app\/wp-json\/wp\/v2\/product\/705886"}],"collection":[{"href":"https:\/\/streetmarkets.fr\/app\/wp-json\/wp\/v2\/product"}],"about":[{"href":"https:\/\/streetmarkets.fr\/app\/wp-json\/wp\/v2\/types\/product"}],"replies":[{"embeddable":true,"href":"https:\/\/streetmarkets.fr\/app\/wp-json\/wp\/v2\/comments?post=705886"}],"wp:featuredmedia":[{"embeddable":true,"href":"https:\/\/streetmarkets.fr\/app\/wp-json\/wp\/v2\/media\/705887"}],"wp:attachment":[{"href":"https:\/\/streetmarkets.fr\/app\/wp-json\/wp\/v2\/media?parent=705886"}],"wp:term":[{"taxonomy":"product_brand","embeddable":true,"href":"https:\/\/streetmarkets.fr\/app\/wp-json\/wp\/v2\/product_brand?post=705886"},{"taxonomy":"product_cat","embeddable":true,"href":"https:\/\/streetmarkets.fr\/app\/wp-json\/wp\/v2\/product_cat?post=705886"},{"taxonomy":"product_tag","embeddable":true,"href":"https:\/\/streetmarkets.fr\/app\/wp-json\/wp\/v2\/product_tag?post=705886"}],"curies":[{"name":"wp","href":"https:\/\/api.w.org\/{rel}","templated":true}]}}