{"id":705552,"date":"2024-10-15T16:17:26","date_gmt":"2024-10-15T14:17:26","guid":{"rendered":"https:\/\/streetmarkets.fr\/app\/produit\/veste-impermeable-patagonia-mens-torrentshell-3l-rain-jacket\/"},"modified":"2026-05-02T01:59:24","modified_gmt":"2026-05-01T23:59:24","slug":"veste-impermeable-patagonia-mens-torrentshell-3l-rain-jacket","status":"publish","type":"product","link":"https:\/\/streetmarkets.fr\/app\/produit\/veste-impermeable-patagonia-mens-torrentshell-3l-rain-jacket\/","title":{"rendered":"Veste imperm\u00e9able Torrentshell 3L l\u00e9g\u00e8re &amp; respirante &#8211; Patagonia"},"content":{"rendered":"<h2>Veste imperm\u00e9able Torrentshell 3L l\u00e9g\u00e8re &amp; respirante &#8211; Patagonia<\/h2>\n<p><img decoding=\"async\" alt=\"\" src=\"https:\/\/cdn.shopify.com\/s\/files\/1\/0593\/7093\/0335\/files\/Patagonia-logo_480x480.jpg?v=1678193525\"><img decoding=\"async\" src=\"https:\/\/cdn.shopify.com\/s\/files\/1\/0593\/7093\/0335\/files\/Picto_Mode_Textile_480x480.jpg?v=1677763747\" alt=\"\"><img decoding=\"async\" src=\"https:\/\/cdn.shopify.com\/s\/files\/1\/0593\/7093\/0335\/files\/Picto_Fair_Trade_480x480.jpg?v=1677763747\" alt=\"\"><img decoding=\"async\" alt=\"\" src=\"https:\/\/cdn.shopify.com\/s\/files\/1\/0593\/7093\/0335\/files\/Picto_Matieres_recyclees_480x480.jpg?v=1677763747\"><\/p>\n<h3><span><span class=\"relative -mx-px my-[-0.2rem] rounded px-px py-[0.2rem] transition-colors duration-100 ease-in-out\">\u2614 Protection fiable contre la pluie pour la randonn\u00e9e et les activit\u00e9s outdoor<\/span><\/span><\/h3>\n<p><span><span class=\"relative -mx-px my-[-0.2rem] rounded px-px py-[0.2rem] transition-colors duration-100 ease-in-out\">Con\u00e7ue pour affronter les conditions m\u00e9t\u00e9orologiques les plus exigeantes, la veste Torrentshell 3L de Patagonia offre une protection fiable contre la pluie et le vent.<\/span> <span class=\"relative -mx-px my-[-0.2rem] rounded px-px py-[0.2rem] transition-colors duration-100 ease-in-out\">Fabriqu\u00e9e en nylon ripstop 100 % recycl\u00e9, elle allie performance technique et engagement environnemental.<\/span> <span class=\"relative -mx-px my-[-0.2rem] rounded px-px py-[0.2rem] transition-colors duration-100 ease-in-out\">Sa construction 3 couches assure une imperm\u00e9abilit\u00e9 durable, tandis que ses mat\u00e9riaux recycl\u00e9s et sa confection \u00e9thique en font un choix responsable pour vos aventures en plein air.<\/span><\/span><\/p>\n<p><span><span class=\"relative -mx-px my-[-0.2rem] rounded px-px py-[0.2rem] transition-colors duration-100 ease-in-out\"><strong data-end=\"209\" data-start=\"185\">\u2728 Pourquoi l\u2019adopter<\/strong><br data-end=\"212\" data-start=\"209\">\u2614 Imperm\u00e9abilit\u00e9 fiable par tous temps : Technologie H2No\u2122 3 couches et traitement DWR sans PFC<br data-end=\"312\" data-start=\"309\">\ud83c\udf2c\ufe0f Confort et respirabilit\u00e9 : Zips d\u2019a\u00e9ration sous les bras, col doubl\u00e9 en micropolaire<br data-end=\"405\" data-start=\"402\">\u267b\ufe0f Nylon 100 % recycl\u00e9 : R\u00e9sistant, l\u00e9ger et engag\u00e9 pour la plan\u00e8te<br data-end=\"477\" data-start=\"474\">\ud83c\udf92 Compacte &amp; nomade : Se replie dans sa propre poche pour un transport facile<br data-end=\"560\" data-start=\"557\">\ud83e\uddf5 Coupe technique &amp; ajustable : Capuche r\u00e9glable, poignets \u00e0 scratch et cordon de serrage<br data-end=\"655\" data-start=\"652\">\ud83c\udf0d Confection \u00e9thique : Atelier certifi\u00e9 Fair Trade\u2122<\/span><\/span><\/p>\n<p><strong>Mati\u00e8re ext\u00e9rieure imperm\u00e9able et respirante 100% recycl\u00e9e<\/strong><br \/>Mati\u00e8re ext\u00e9rieure 3 couches imperm\u00e9able et respirante, r\u00e9pondant \u00e0 la norme H2No\u2122 et trait\u00e9e avec un appr\u00eat d\u00e9perlant durable (DWR) sans PFC (sans compos\u00e9s chimiques perfluor\u00e9s) pour un niveau in\u00e9gal\u00e9 de confort et de performance ainsi qu\u2019une imperm\u00e9abilit\u00e9 longue dur\u00e9e ; confection Fair Trade Certified\u2122<\/p>\n<p><strong>Capuche r\u00e9glable<\/strong><br \/>Capuche r\u00e9glable en deux points, avec visi\u00e8re lamin\u00e9e, qui s\u2019enroule et se range \u00e0 l\u2019aide d\u2019un syst\u00e8me simplifi\u00e9 de cordons et de crochets<\/p>\n<p><strong>Col doubl\u00e9 en micropolaire<\/strong><br \/>Doublure en micropolaire \u00e0 l\u2019int\u00e9rieur du col pour plus de confort et une meilleure protection gr\u00e2ce \u00e0 une membrane imperm\u00e9able et respirante<\/p>\n<p><strong>Zip frontal<\/strong><br \/>Zip frontal qui n\u2019accroche pas, avec rabats antitemp\u00eate int\u00e9rieur et ext\u00e9rieur, prot\u00e8ge-glissi\u00e8re et doublure de protection au menton<\/p>\n<p><strong>Caract\u00e9ristiques des poches<\/strong><br \/>Deux poches chauffe-mains et zips de ventilation sous les bras avec rabat antitemp\u00eate ext\u00e9rieur passepoil\u00e9<\/p>\n<p><strong>Fermetures \u00e0 scratch<\/strong><br \/>Poignets avec fermeture \u00e0 scratch fabriqu\u00e9e dans la m\u00eame mati\u00e8re et cordon de serrage au bas du v\u00eatement pour se prot\u00e9ger des \u00e9l\u00e9ments<\/p>\n<p><strong>Rangement dans sa propre poche<\/strong><br \/>Se range dans la poche chauffe-mains de gauche, munie d\u2019une attache pour mousqueton<\/p>\n<\/p>\n<p><strong data-end=\"732\" data-start=\"716\">\ud83e\uddfc Entretien<\/strong><br data-end=\"735\" data-start=\"732\">Lavage en machine \u00e0 l\u2019eau ti\u00e8de (cycle d\u00e9licat). Ne pas utiliser d\u2019agent blanchissant. S\u00e9cher \u00e0 basse temp\u00e9rature. Repasser \u00e0 fer doux si besoin. Ne pas nettoyer \u00e0 sec. Ne pas utiliser d\u2019adoucissant afin de pr\u00e9server les performances techniques de la membrane.<\/p>\n<h3>PATAGONIA<\/h3>\n<p><span><em>\u00ab Acheter pour vivre, au lieu de vivre pour acheter \u00bb, cette phrase\u00a0<\/em>d&#8217;Yvon Chouinard, fondateur peu conventionnel de la marque Patagonia illustre bien le positionnement de la marque.<\/span><\/p>\n<p><span>Depuis 1973, Patagonia propose des v\u00eatements techniques \u00e9co-con\u00e7us de sports de montagne, de surf,\u00a0pour d\u00e9couvrir les grands espaces naturels sauvages.\u00a0Pour concevoir ses v\u00eatements, Patagonia utilise uniquement du coton biologique et des chlorofibres (mati\u00e8res recycl\u00e9es). On pourrait r\u00e9sumer ainsi la philosophie de\u00a0PATAGONIA\u00a0:<em> &#8220;Fabriquer les meilleurs produits en causant le moindre impact environnemental, utiliser le monde des affaires pour inspirer et mettre en place des solutions \u00e0 la crise environnementale.&#8221;<\/em><\/span><\/p>\n<h3>INFORMATIONS<\/h3>\n<p>Mati\u00e8re ext\u00e9rieure : 100 % nylon ripstop recycl\u00e9 ECONYL\u00ae 50 deniers, 119 g\/m\u00b2<br \/>Membrane : PU polycarbonate (13 % d\u2019origine v\u00e9g\u00e9tale) \u2013 technologie H2No\u2122 Performance Standard<br \/>Doublure : Tricot doux et respirant<br \/>Traitement d\u00e9perlant : DWR sans compos\u00e9s fluor\u00e9s (sans PFC)<br \/>Confection Fair Trade Certified\u2122<br \/>Capuche : R\u00e9glable en deux points avec visi\u00e8re lamin\u00e9e, se range via un syst\u00e8me int\u00e9gr\u00e9<br \/>Fermeture : Zip frontal avec rabats int\u00e9rieurs\/ext\u00e9rieurs + prot\u00e8ge-menton<br \/>Ventilation : Zips d\u2019a\u00e9ration sous les bras avec rabat ext\u00e9rieur passepoil\u00e9<br \/>Poches : Deux poches chauffe-mains zipp\u00e9es<br \/>Poignets : Fermetures \u00e0 scratch ton sur ton<br \/>Ourlet : Cordon de serrage ajustable<br \/>Rangement : Se replie dans sa propre poche gauche avec attache mousqueton<br \/>Pays d\u2019origine : Fabriqu\u00e9 au Vietnam<br \/>Poids : 400g<\/p>\n","protected":false},"excerpt":{"rendered":"<p>Veste imperm\u00e9able Torrentshell 3L l\u00e9g\u00e8re &amp; respirante &#8211; Patagonia \u2614 Protection fiable contre la pluie pour la randonn\u00e9e et les activit\u00e9s outdoor Con\u00e7ue pour affronter les conditions m\u00e9t\u00e9orologiques les plus exigeantes, la veste Torrentshell 3L de Patagonia offre une protection fiable contre la pluie et le vent. Fabriqu\u00e9e en nylon ripstop 100 % recycl\u00e9, elle [&hellip;]<\/p>\n","protected":false},"featured_media":705553,"comment_status":"open","ping_status":"closed","template":"","meta":[],"product_brand":[7133],"product_cat":[1756,1758],"product_tag":[1810],"acf":[],"_links":{"self":[{"href":"https:\/\/streetmarkets.fr\/app\/wp-json\/wp\/v2\/product\/705552"}],"collection":[{"href":"https:\/\/streetmarkets.fr\/app\/wp-json\/wp\/v2\/product"}],"about":[{"href":"https:\/\/streetmarkets.fr\/app\/wp-json\/wp\/v2\/types\/product"}],"replies":[{"embeddable":true,"href":"https:\/\/streetmarkets.fr\/app\/wp-json\/wp\/v2\/comments?post=705552"}],"wp:featuredmedia":[{"embeddable":true,"href":"https:\/\/streetmarkets.fr\/app\/wp-json\/wp\/v2\/media\/705553"}],"wp:attachment":[{"href":"https:\/\/streetmarkets.fr\/app\/wp-json\/wp\/v2\/media?parent=705552"}],"wp:term":[{"taxonomy":"product_brand","embeddable":true,"href":"https:\/\/streetmarkets.fr\/app\/wp-json\/wp\/v2\/product_brand?post=705552"},{"taxonomy":"product_cat","embeddable":true,"href":"https:\/\/streetmarkets.fr\/app\/wp-json\/wp\/v2\/product_cat?post=705552"},{"taxonomy":"product_tag","embeddable":true,"href":"https:\/\/streetmarkets.fr\/app\/wp-json\/wp\/v2\/product_tag?post=705552"}],"curies":[{"name":"wp","href":"https:\/\/api.w.org\/{rel}","templated":true}]}}