{"id":705265,"date":"2024-10-15T16:17:15","date_gmt":"2024-10-15T14:17:15","guid":{"rendered":"https:\/\/streetmarkets.fr\/app\/produit\/casquette-reglable-patagonia-p-6-logo-lopro-trucker-hat\/"},"modified":"2026-05-06T01:58:50","modified_gmt":"2026-05-05T23:58:50","slug":"casquette-reglable-patagonia-p-6-logo-lopro-trucker-hat","status":"publish","type":"product","link":"https:\/\/streetmarkets.fr\/app\/produit\/casquette-reglable-patagonia-p-6-logo-lopro-trucker-hat\/","title":{"rendered":"Casquette Trucker r\u00e9glable P-6 Logo LoPro en coton bio et filet recycl\u00e9 &#8211; Patagonia"},"content":{"rendered":"<h2>\n<span><\/span>Casquette Trucker r\u00e9glable P-6 Logo LoPro en coton bio et filet recycl\u00e9 &#8211; Patagonia<\/h2>\n<p><img decoding=\"async\" src=\"https:\/\/cdn.shopify.com\/s\/files\/1\/0593\/7093\/0335\/files\/Patagonia-logo_480x480.jpg?v=1678193525\" alt=\"\"><img decoding=\"async\" alt=\"\" src=\"https:\/\/cdn.shopify.com\/s\/files\/1\/0593\/7093\/0335\/files\/Picto_Mode_Textile_480x480.jpg?v=1677763747\"><img decoding=\"async\" alt=\"\" src=\"https:\/\/cdn.shopify.com\/s\/files\/1\/0593\/7093\/0335\/files\/Picto_Fair_Trade_480x480.jpg?v=1677763747\"><img decoding=\"async\" src=\"https:\/\/cdn.shopify.com\/s\/files\/1\/0593\/7093\/0335\/files\/Picto_Matieres_recyclees_480x480.jpg?v=1677763747\" alt=\"\"><img decoding=\"async\" src=\"https:\/\/cdn.shopify.com\/s\/files\/1\/0593\/7093\/0335\/files\/Picto_Bio_480x480.jpg?v=1677763747\" alt=\"\"><\/p>\n<p data-start=\"237\" data-end=\"548\" class=\"\">Classique et engag\u00e9e, cette casquette trucker de Patagonia mise sur la durabilit\u00e9 sans rien sacrifier au style. Avec son panneau avant en coton biologique, son filet arri\u00e8re en polyester recycl\u00e9 et sa visi\u00e8re en filets de p\u00eache recycl\u00e9s NetPlus\u00ae, elle incarne pleinement la philosophie responsable de la marque.<\/p>\n<p data-start=\"550\" data-end=\"726\" class=\"\">Facile \u00e0 ajuster gr\u00e2ce \u00e0 son attache \u00e0 l\u2019arri\u00e8re, elle offre un confort optimal au quotidien, que ce soit pour une vir\u00e9e en plein air, une session surf ou une journ\u00e9e en ville.<\/p>\n<p data-start=\"728\" data-end=\"1139\" class=\"\"><strong data-start=\"728\" data-end=\"752\">\u2728 Pourquoi l\u2019adopter<\/strong><br data-start=\"752\" data-end=\"755\">\ud83c\udf31Coton biologique : Tissu robuste et respirant \u00e0 l\u2019avant<br data-start=\"815\" data-end=\"818\">\u267b\ufe0f Visi\u00e8re NetPlus\u00ae : Fabriqu\u00e9e \u00e0 partir de filets de p\u00eache recycl\u00e9s<br data-start=\"888\" data-end=\"891\">\ud83e\udde2 Filet arri\u00e8re en mesh : A\u00e9ration optimale, parfait en \u00e9t\u00e9<br data-start=\"953\" data-end=\"956\">\ud83d\udd01 Attache r\u00e9glable : Adaptable \u00e0 toutes les t\u00eates<br data-start=\"1008\" data-end=\"1011\">\ud83c\udf92 Style trucker iconique : Forme six pans, look vintage intemporel<br data-start=\"1080\" data-end=\"1083\">\ud83c\uddfb\ud83c\uddf3 Confection \u00e9thique : Atelier certifi\u00e9 Fair Trade\u2122<\/p>\n<p><strong>Casquette de style \u00ab trucker \u00bb \u00e0 six pans avec coupe de casquette de baseball<\/strong><br \/>Casquette de style \u00ab trucker \u00bb \u00e0 six pans dot\u00e9e d\u2019une coupe classique de casquette de baseball et d\u2019un empi\u00e8cement arri\u00e8re en mesh avec attache r\u00e9glable<\/p>\n<p><strong>100% coton biologique<\/strong><br \/>Panneau frontal et entr\u00e9e de t\u00eate en coutil de coton biologique<\/p>\n<p><strong>Visi\u00e8re 100% filets de p\u00eache recycl\u00e9s<\/strong><br \/>Visi\u00e8re en mati\u00e8re NetPlus\u00ae 100% filets de p\u00eache recycl\u00e9s<\/p>\n<p><strong data-start=\"1141\" data-end=\"1157\">\ud83e\uddfc Entretien<\/strong><br data-start=\"1157\" data-end=\"1160\">Nettoyage \u00e0 la main recommand\u00e9. Ne pas laver en machine ni s\u00e9cher en tambour.<\/p>\n<h3>PATAGONIA<\/h3>\n<p><span><em>\u00ab Acheter pour vivre, au lieu de vivre pour acheter \u00bb, cette phrase\u00a0<\/em>d&#8217;Yvon Chouinard, fondateur peu conventionnel de la marque Patagonia illustre bien le positionnement de la marque.<\/span><\/p>\n<p><span>Depuis 1973, Patagonia propose des v\u00eatements techniques \u00e9co-con\u00e7us de sports de montagne, de surf,\u00a0pour d\u00e9couvrir les grands espaces naturels sauvages.\u00a0Pour concevoir ses v\u00eatements, Patagonia utilise uniquement du coton biologique et des chlorofibres (mati\u00e8res recycl\u00e9es). On pourrait r\u00e9sumer ainsi la philosophie de\u00a0PATAGONIA\u00a0:<em> &#8220;Fabriquer les meilleurs produits en causant le moindre impact environnemental, utiliser le monde des affaires pour inspirer et mettre en place des solutions \u00e0 la crise environnementale.&#8221;<\/em><\/span><\/p>\n<h3>INFORMATIONS<\/h3>\n<p>Mati\u00e8res : Panneau frontal et visi\u00e8re : coutil 100% coton biologique, 254 g\/m\u00b2<br \/>Empi\u00e8cement arri\u00e8re : mesh 100% polyester recycl\u00e9, 102 g\/m\u00b2<br \/>Visi\u00e8re : mati\u00e8re NetPlus\u00ae 100% filets de p\u00eache recycl\u00e9s<br \/>Confection Fair Trade Certified\u2122<br \/>Pays d\u2019origine : Fabriqu\u00e9\u00a0au Vietnam<br \/>Poids : 85 g<\/p>\n","protected":false},"excerpt":{"rendered":"<p>Casquette Trucker r\u00e9glable P-6 Logo LoPro en coton bio et filet recycl\u00e9 &#8211; Patagonia Classique et engag\u00e9e, cette casquette trucker de Patagonia mise sur la durabilit\u00e9 sans rien sacrifier au style. Avec son panneau avant en coton biologique, son filet arri\u00e8re en polyester recycl\u00e9 et sa visi\u00e8re en filets de p\u00eache recycl\u00e9s NetPlus\u00ae, elle incarne [&hellip;]<\/p>\n","protected":false},"featured_media":705266,"comment_status":"open","ping_status":"closed","template":"","meta":[],"product_brand":[7133],"product_cat":[1756,1760],"product_tag":[1810],"acf":[],"_links":{"self":[{"href":"https:\/\/streetmarkets.fr\/app\/wp-json\/wp\/v2\/product\/705265"}],"collection":[{"href":"https:\/\/streetmarkets.fr\/app\/wp-json\/wp\/v2\/product"}],"about":[{"href":"https:\/\/streetmarkets.fr\/app\/wp-json\/wp\/v2\/types\/product"}],"replies":[{"embeddable":true,"href":"https:\/\/streetmarkets.fr\/app\/wp-json\/wp\/v2\/comments?post=705265"}],"wp:featuredmedia":[{"embeddable":true,"href":"https:\/\/streetmarkets.fr\/app\/wp-json\/wp\/v2\/media\/705266"}],"wp:attachment":[{"href":"https:\/\/streetmarkets.fr\/app\/wp-json\/wp\/v2\/media?parent=705265"}],"wp:term":[{"taxonomy":"product_brand","embeddable":true,"href":"https:\/\/streetmarkets.fr\/app\/wp-json\/wp\/v2\/product_brand?post=705265"},{"taxonomy":"product_cat","embeddable":true,"href":"https:\/\/streetmarkets.fr\/app\/wp-json\/wp\/v2\/product_cat?post=705265"},{"taxonomy":"product_tag","embeddable":true,"href":"https:\/\/streetmarkets.fr\/app\/wp-json\/wp\/v2\/product_tag?post=705265"}],"curies":[{"name":"wp","href":"https:\/\/api.w.org\/{rel}","templated":true}]}}