{"id":705124,"date":"2024-10-15T16:16:49","date_gmt":"2024-10-15T14:16:49","guid":{"rendered":"https:\/\/streetmarkets.fr\/app\/produit\/t-shirt-patagonia-p-6-logo-responsibili-tee-coton-et-polyester-recycle\/"},"modified":"2026-05-06T01:58:49","modified_gmt":"2026-05-05T23:58:49","slug":"t-shirt-patagonia-p-6-logo-responsibili-tee-coton-et-polyester-recycle","status":"publish","type":"product","link":"https:\/\/streetmarkets.fr\/app\/produit\/t-shirt-patagonia-p-6-logo-responsibili-tee-coton-et-polyester-recycle\/","title":{"rendered":"T-shirt P-6 Logo Responsibili-Tee Coton et Polyester recycl\u00e9 &#8211; Patagonia"},"content":{"rendered":"<h2>\n<span><\/span>T-shirt P-6 Logo Responsibili-Tee Coton et Polyester recycl\u00e9 &#8211; Patagonia<br \/>\n<\/h2>\n<p><img decoding=\"async\" alt=\"\" src=\"https:\/\/cdn.shopify.com\/s\/files\/1\/0593\/7093\/0335\/files\/Patagonia-logo_480x480.jpg?v=1678193525\"><img decoding=\"async\" src=\"https:\/\/cdn.shopify.com\/s\/files\/1\/0593\/7093\/0335\/files\/Picto_Mode_Textile_480x480.jpg?v=1677763747\" alt=\"\"><img decoding=\"async\" src=\"https:\/\/cdn.shopify.com\/s\/files\/1\/0593\/7093\/0335\/files\/Picto_Fair_Trade_480x480.jpg?v=1677763747\" alt=\"\"><img decoding=\"async\" alt=\"\" src=\"https:\/\/cdn.shopify.com\/s\/files\/1\/0593\/7093\/0335\/files\/Picto_Matieres_recyclees_480x480.jpg?v=1677763747\"><\/p>\n<p class=\"\" data-end=\"1069\" data-start=\"799\">Con\u00e7u pour limiter au maximum son impact sur la plan\u00e8te, ce t-shirt Patagonia embl\u00e9matique est fabriqu\u00e9 \u00e0 partir de mati\u00e8res 100 % recycl\u00e9es. Issu de chutes de coton et de bouteilles plastiques post-consommation, il allie engagement environnemental et confort quotidien.<\/p>\n<p class=\"\" data-end=\"1301\" data-start=\"1071\">Sa coupe classique, son col ras-du-cou et son logo P-6 iconique au dos en font un essentiel du vestiaire \u00e9coresponsable, aussi \u00e0 l\u2019aise en ville que dans la nature. Une pi\u00e8ce phare au style sobre et \u00e0 l\u2019empreinte carbone minimale.<\/p>\n<p class=\"\" data-end=\"1301\" data-start=\"1071\"><strong data-end=\"1332\" data-start=\"1308\">\u2728 Pourquoi l\u2019adopter<\/strong><br data-end=\"1335\" data-start=\"1332\">\u267b\ufe0f 100 % recycl\u00e9 : Fabriqu\u00e9 \u00e0 partir de coton &amp; polyester post-consommation<br data-end=\"1415\" data-start=\"1412\">\ud83c\udf0d T-shirt \u00e0 faible impact : Le plus \u00e9coresponsable de la gamme Patagonia<br data-end=\"1493\" data-start=\"1490\">\ud83d\udc55 Col rond classique : Polyvalent, coupe droite, facile \u00e0 porter<br data-end=\"1563\" data-start=\"1560\">\u2702\ufe0f Coutures renforc\u00e9es aux \u00e9paules : Confort &amp; maintien am\u00e9lior\u00e9s<br data-end=\"1633\" data-start=\"1630\">\ud83c\uddf2\ud83c\uddfd Confection \u00e9quitable : Fair Trade Certified\u2122, fabriqu\u00e9 au Mexique<br data-end=\"1708\" data-start=\"1705\">\ud83e\uddf5 Mati\u00e8re certifi\u00e9e bluesign\u00ae : S\u00e9curit\u00e9, tra\u00e7abilit\u00e9 et impact r\u00e9duit<\/p>\n<p><strong>Patagonia s\u2019engage pour la protection de notre plan\u00e8te<br \/><\/strong>Ce t-shirt en mati\u00e8res 100% recycl\u00e9es b\u00e9n\u00e9ficie de la plus faible empreinte carbone de la gamme<\/p>\n<p><strong>Mod\u00e8le \u00e0 col ras-du-cou classique<\/strong><br \/>Mod\u00e8le ras-du-cou classique et polyvalent, id\u00e9al dans presque toutes les situations<\/p>\n<p><strong>Encolure \u00e0 bords c\u00f4tel\u00e9s et coutures \u00e9tanch\u00e9es aux \u00e9paules<\/strong><br \/>Encolure \u00e0 bords c\u00f4tel\u00e9s et coutures \u00e9tanch\u00e9es aux \u00e9paules pour plus de confort et une meilleure tenue<\/p>\n<p><strong>Bas de v\u00eatement droit<\/strong> qui peut \u00eatre rentr\u00e9 dans le pantalon<\/p>\n<p><strong data-start=\"2104\" data-end=\"2120\">\ud83e\uddfc Entretien<\/strong><br data-start=\"2120\" data-end=\"2123\">Lavage en machine \u00e0 froid avec des couleurs similaires. S\u00e9cher \u00e0 basse temp\u00e9rature. Ne pas repasser le logo imprim\u00e9. \u00c9viter l\u2019adoucissant pour pr\u00e9server la performance du tissu recycl\u00e9.<\/p>\n<h3>PATAGONIA<\/h3>\n<p><span><em>\u00ab Acheter pour vivre, au lieu de vivre pour acheter \u00bb, cette phrase\u00a0<\/em>d&#8217;Yvon Chouinard, fondateur peu conventionnel de la marque Patagonia illustre bien le positionnement de la marque.<\/span><\/p>\n<p><span>Depuis 1973, Patagonia propose des v\u00eatements techniques \u00e9co-con\u00e7us de sports de montagne, de surf,\u00a0pour d\u00e9couvrir les grands espaces naturels sauvages.\u00a0Pour concevoir ses v\u00eatements, Patagonia utilise uniquement du coton biologique et des chlorofibres (mati\u00e8res recycl\u00e9es). On pourrait r\u00e9sumer ainsi la philosophie de\u00a0PATAGONIA\u00a0:<em> &#8220;Fabriquer les meilleurs produits en causant le moindre impact environnemental, utiliser le monde des affaires pour inspirer et mettre en place des solutions \u00e0 la crise environnementale.&#8221;<\/em><\/span><\/p>\n<h3>INFORMATIONS<\/h3>\n<p><span>Mati\u00e8res :\u00a0<\/span><span>Jersey 50% coton recycl\u00e9 et 50% polyester recycl\u00e9 post-consommation<br \/>Mati\u00e8re : jersey l\u00e9ger 190 g\/m\u00b2<br \/>Coupe : droite, col ras-du-cou<br \/>D\u00e9tails : logo Patagonia P-6 dans le dos<\/span><br \/><span>Mati\u00e8re certifi\u00e9e bluesign\u00ae<\/span><br \/><span>Confection Fair Trade Certified\u2122<\/span><br \/>Pays d\u2019origine : <span>Fabriqu\u00e9 au Mexique.<\/span><br \/>Poids : 213 g<\/p>\n","protected":false},"excerpt":{"rendered":"<p>T-shirt P-6 Logo Responsibili-Tee Coton et Polyester recycl\u00e9 &#8211; Patagonia Con\u00e7u pour limiter au maximum son impact sur la plan\u00e8te, ce t-shirt Patagonia embl\u00e9matique est fabriqu\u00e9 \u00e0 partir de mati\u00e8res 100 % recycl\u00e9es. Issu de chutes de coton et de bouteilles plastiques post-consommation, il allie engagement environnemental et confort quotidien. Sa coupe classique, son col [&hellip;]<\/p>\n","protected":false},"featured_media":705125,"comment_status":"open","ping_status":"closed","template":"","meta":[],"product_brand":[7133],"product_cat":[1756,1760],"product_tag":[1810],"acf":[],"_links":{"self":[{"href":"https:\/\/streetmarkets.fr\/app\/wp-json\/wp\/v2\/product\/705124"}],"collection":[{"href":"https:\/\/streetmarkets.fr\/app\/wp-json\/wp\/v2\/product"}],"about":[{"href":"https:\/\/streetmarkets.fr\/app\/wp-json\/wp\/v2\/types\/product"}],"replies":[{"embeddable":true,"href":"https:\/\/streetmarkets.fr\/app\/wp-json\/wp\/v2\/comments?post=705124"}],"wp:featuredmedia":[{"embeddable":true,"href":"https:\/\/streetmarkets.fr\/app\/wp-json\/wp\/v2\/media\/705125"}],"wp:attachment":[{"href":"https:\/\/streetmarkets.fr\/app\/wp-json\/wp\/v2\/media?parent=705124"}],"wp:term":[{"taxonomy":"product_brand","embeddable":true,"href":"https:\/\/streetmarkets.fr\/app\/wp-json\/wp\/v2\/product_brand?post=705124"},{"taxonomy":"product_cat","embeddable":true,"href":"https:\/\/streetmarkets.fr\/app\/wp-json\/wp\/v2\/product_cat?post=705124"},{"taxonomy":"product_tag","embeddable":true,"href":"https:\/\/streetmarkets.fr\/app\/wp-json\/wp\/v2\/product_tag?post=705124"}],"curies":[{"name":"wp","href":"https:\/\/api.w.org\/{rel}","templated":true}]}}