{"id":704890,"date":"2024-10-15T16:16:15","date_gmt":"2024-10-15T14:16:15","guid":{"rendered":"https:\/\/streetmarkets.fr\/app\/produit\/sweat-mixte-brode-longue-vue-noir-lundi-au-soleil\/"},"modified":"2026-05-06T01:58:49","modified_gmt":"2026-05-05T23:58:49","slug":"sweat-mixte-brode-longue-vue-noir-lundi-au-soleil","status":"publish","type":"product","link":"https:\/\/streetmarkets.fr\/app\/produit\/sweat-mixte-brode-longue-vue-noir-lundi-au-soleil\/","title":{"rendered":"Sweat Mixte brod\u00e9 Longue Vue Noir &#8211; Lundi au Soleil"},"content":{"rendered":"<h2>Sweat Mixte brod\u00e9 Longue Vue Noir &#8211; Lundi au Soleil<\/h2>\n<p><img decoding=\"async\" src=\"https:\/\/cdn.shopify.com\/s\/files\/1\/0593\/7093\/0335\/files\/LogoLundiausoleilPNG_480x480.jpg?v=1686154905\" alt=\"\"><img decoding=\"async\" src=\"https:\/\/cdn.shopify.com\/s\/files\/1\/0593\/7093\/0335\/files\/Picto_Mode_Textile_480x480.jpg?v=1677763747\" alt=\"\"><img decoding=\"async\" src=\"https:\/\/cdn.shopify.com\/s\/files\/1\/0593\/7093\/0335\/files\/Picto_Bio_480x480.jpg?v=1677763747\" alt=\"\"><img decoding=\"async\" alt=\"\" src=\"https:\/\/cdn.shopify.com\/s\/files\/1\/0593\/7093\/0335\/files\/Picto_Fair_Trade_480x480.jpg?v=1677763747\"><\/p>\n<p data-end=\"495\" data-start=\"200\">R\u00e9solument <strong data-end=\"226\" data-start=\"211\">confortable<\/strong>, <strong data-end=\"239\" data-start=\"228\">\u00e9thique<\/strong> et <strong data-end=\"254\" data-start=\"243\">cr\u00e9atif<\/strong>, ce sweat noir Longue Vue sign\u00e9 Lundi au Soleil est une pi\u00e8ce mixte qui allie style intemporel et engagement responsable. Sa coupe droite, ses manches longues et son col serr\u00e9 en font un essentiel polyvalent, facile \u00e0 porter au quotidien.<\/p>\n<p data-end=\"785\" data-start=\"497\">L\u2019illustration Longue Vue, brod\u00e9e avec minutie \u00e0 Paris, apporte une touche unique : un motif de 11 \u00d7 13 cm en bas \u00e0 droite et une version plus discr\u00e8te de 6 \u00d7 6 cm c\u00f4t\u00e9 c\u0153ur. Ces broderies soign\u00e9es, r\u00e9alis\u00e9es avec des fils de qualit\u00e9, refl\u00e8tent l\u2019ADN solaire et artistique de la marque.<\/p>\n<p data-end=\"1423\" data-start=\"787\"><strong data-end=\"811\" data-start=\"787\">\u2728 Pourquoi l\u2019adopter<\/strong><br data-end=\"814\" data-start=\"811\">\ud83c\udf1e Style mixte et intemporel : une coupe loose qui s\u2019adapte \u00e0 toutes et \u00e0 tous, pour un look d\u00e9contract\u00e9 ou plus habill\u00e9<br data-end=\"941\" data-start=\"938\">\ud83c\udf3f Mati\u00e8re 100 % bio : coton certifi\u00e9 Oeko-Tex, cultiv\u00e9 sans produits chimiques nocifs<br data-end=\"1034\" data-start=\"1031\">\u270d\ufe0f Broderies made in Paris : motifs uniques plac\u00e9s devant et sur le c\u00f4t\u00e9, sign\u00e9s Lundi au Soleil<br data-end=\"1137\" data-start=\"1134\">\u267b\ufe0f Labels responsables : Earthpositive et Fairwear garantissant respect de l\u2019environnement et conditions de travail \u00e9quitables<br data-end=\"1270\" data-start=\"1267\">\ud83e\uddf5 Finitions soign\u00e9es : col serr\u00e9, couture solide et tomb\u00e9 impeccable<br data-end=\"1346\" data-start=\"1343\">\ud83d\udda4 Couleur noire polyvalente : facile \u00e0 associer avec toutes vos tenues<\/p>\n<p data-end=\"1574\" data-start=\"1425\"><strong data-end=\"1443\" data-start=\"1425\">\ud83e\udd7e Id\u00e9al pour\u2026<\/strong><br data-end=\"1446\" data-start=\"1443\">Les journ\u00e9es d\u00e9contract\u00e9es, les soir\u00e9es entre amis ou simplement pour profiter d\u2019un confort douillet avec une touche cr\u00e9ative.<\/p>\n<p data-end=\"1717\" data-start=\"1576\"><strong data-end=\"1592\" data-start=\"1576\">\ud83e\uddfc Entretien<\/strong><br data-end=\"1595\" data-start=\"1592\">Laver sur l\u2019envers \u00e0 30 \u00b0C, \u00e0 la main ou en machine. S\u00e9cher \u00e0 plat pour pr\u00e9server la forme et la qualit\u00e9 de la broderie.<\/p>\n<div class=\"cxmmr5t8 oygrvhab hcukyx3x c1et5uql o9v6fnle\">\n<div class=\"cxmmr5t8 oygrvhab hcukyx3x c1et5uql o9v6fnle\">\n<div class=\"page\" title=\"Page 15\">\n<div class=\"section\">\n<div class=\"layoutArea\">\n<div class=\"column\">\n<h3><span>LUNDI AU SOLEIL<\/span><\/h3>\n<p>Au d\u00e9part directrice artistique, Vanessa lance Lundi au Soleil, une marque de v\u00eatements \u00e9thiques et responsables, pens\u00e9e comme de l&#8217;art-\u00e0-porter en voulant partager des messages positifs, ensoleill\u00e9s et cr\u00e9atifs.\u00a0Lundi au Soleil con\u00e7oit ses accessoires avec des mat\u00e9riaux de qualit\u00e9 et une production raisonn\u00e9e.\u00a0<\/p>\n<h3>INFORMATION<\/h3>\n<p class=\"cxmmr5t8 oygrvhab hcukyx3x c1et5uql o9v6fnle\">Composition : 100 % coton biologique certifi\u00e9 Oeko-Tex<br data-end=\"2103\" data-start=\"2100\">Labels : Earthpositive, Fairwear<br data-end=\"2138\" data-start=\"2135\">Origine : Broderies r\u00e9alis\u00e9es \u00e0 Paris, fabrication \u00e9thique<br data-end=\"2199\" data-start=\"2196\">Coupe : Loose,\u00a0 prendre sa taille habituelle ou la taille en dessous si h\u00e9sitation<br data-end=\"2284\" data-start=\"2281\">Motifs : 11 \u00d7 13 cm (bas \u00e0 droite), 6 \u00d7 6 cm (c\u00f4t\u00e9 c\u0153ur)<\/p>\n<\/div>\n<\/div>\n<\/div>\n<\/div>\n<\/div>\n<\/div>\n","protected":false},"excerpt":{"rendered":"<p>Sweat Mixte brod\u00e9 Longue Vue Noir &#8211; Lundi au Soleil R\u00e9solument confortable, \u00e9thique et cr\u00e9atif, ce sweat noir Longue Vue sign\u00e9 Lundi au Soleil est une pi\u00e8ce mixte qui allie style intemporel et engagement responsable. Sa coupe droite, ses manches longues et son col serr\u00e9 en font un essentiel polyvalent, facile \u00e0 porter au quotidien. [&hellip;]<\/p>\n","protected":false},"featured_media":704891,"comment_status":"open","ping_status":"closed","template":"","meta":[],"product_brand":[],"product_cat":[1756,1760],"product_tag":[1810],"acf":[],"_links":{"self":[{"href":"https:\/\/streetmarkets.fr\/app\/wp-json\/wp\/v2\/product\/704890"}],"collection":[{"href":"https:\/\/streetmarkets.fr\/app\/wp-json\/wp\/v2\/product"}],"about":[{"href":"https:\/\/streetmarkets.fr\/app\/wp-json\/wp\/v2\/types\/product"}],"replies":[{"embeddable":true,"href":"https:\/\/streetmarkets.fr\/app\/wp-json\/wp\/v2\/comments?post=704890"}],"wp:featuredmedia":[{"embeddable":true,"href":"https:\/\/streetmarkets.fr\/app\/wp-json\/wp\/v2\/media\/704891"}],"wp:attachment":[{"href":"https:\/\/streetmarkets.fr\/app\/wp-json\/wp\/v2\/media?parent=704890"}],"wp:term":[{"taxonomy":"product_brand","embeddable":true,"href":"https:\/\/streetmarkets.fr\/app\/wp-json\/wp\/v2\/product_brand?post=704890"},{"taxonomy":"product_cat","embeddable":true,"href":"https:\/\/streetmarkets.fr\/app\/wp-json\/wp\/v2\/product_cat?post=704890"},{"taxonomy":"product_tag","embeddable":true,"href":"https:\/\/streetmarkets.fr\/app\/wp-json\/wp\/v2\/product_tag?post=704890"}],"curies":[{"name":"wp","href":"https:\/\/api.w.org\/{rel}","templated":true}]}}