{"id":704738,"date":"2024-10-15T16:16:07","date_gmt":"2024-10-15T14:16:07","guid":{"rendered":"https:\/\/streetmarkets.fr\/app\/produit\/t-shirt-unisexe-coton-bio-leon\/"},"modified":"2026-05-06T01:58:49","modified_gmt":"2026-05-05T23:58:49","slug":"t-shirt-unisexe-coton-bio-leon","status":"publish","type":"product","link":"https:\/\/streetmarkets.fr\/app\/produit\/t-shirt-unisexe-coton-bio-leon\/","title":{"rendered":"T-shirt unisexe coton bio brod\u00e9 films cultes &#8211; L\u2019Amer Sup\u00e9rieur"},"content":{"rendered":"<h2>T-shirt unisexe coton bio brod\u00e9 films cultes &#8211; L\u2019Amer Sup\u00e9rieur<\/h2>\n<p><img decoding=\"async\" alt=\"Logo L'Amer Sup\u00e9rieur\" src=\"https:\/\/cdn.shopify.com\/s\/files\/1\/0593\/7093\/0335\/files\/lamer-superieur-logo_480x480.jpg?v=1677944759\"> <img decoding=\"async\" alt=\"Pictogramme mode textile\" src=\"https:\/\/cdn.shopify.com\/s\/files\/1\/0593\/7093\/0335\/files\/Picto_Mode_Textile_480x480.jpg?v=1677763747\"> <img decoding=\"async\" alt=\"Pictogramme coton bio\" src=\"https:\/\/cdn.shopify.com\/s\/files\/1\/0593\/7093\/0335\/files\/Picto_Bio_480x480.jpg?v=1677763747\"> <img decoding=\"async\" alt=\"Pictogramme commerce \u00e9quitable\" src=\"https:\/\/cdn.shopify.com\/s\/files\/1\/0593\/7093\/0335\/files\/Picto_Fair_Trade_480x480.jpg?v=1677763747\"><\/p>\n<p data-end=\"341\" data-start=\"69\">Clin d\u2019\u0153il cin\u00e9, confort au quotidien. Ce t-shirt mixte en coton bio ultra doux est brod\u00e9 \u00e0 Nancy avec des sc\u00e8nes et silhouettes iconiques du grand \u00e9cran. Coupe droite facile \u00e0 porter, finitions soign\u00e9es, visuels inspir\u00e9s de la pop culture pour un style assum\u00e9 et durable.<\/p>\n<p data-end=\"813\" data-start=\"343\"><strong data-end=\"367\" data-start=\"343\">\u2728 Pourquoi l\u2019adopter<\/strong><br data-end=\"370\" data-start=\"367\">\ud83c\udfac Broderie cin\u00e9phile : motifs de films cultes au choix, pr\u00e9cis et durables<br data-end=\"448\" data-start=\"445\">\ud83c\udf31 100 % coton biologique : douceur naturelle, respirant et agr\u00e9able<br data-end=\"519\" data-start=\"516\">\ud83d\udc55 Coupe droite unisexe : tombe bien sur toutes les morphologies<br data-end=\"586\" data-start=\"583\">\ud83d\udcaa Tenue dans le temps : maille solide et broderies nettes lavage apr\u00e8s lavage<br data-end=\"667\" data-start=\"664\">\ud83c\uddeb\ud83c\uddf7 Dessin\u00e9 et brod\u00e9 en France : cr\u00e9ation \u00e0 Nancy, production responsable<br data-end=\"744\" data-start=\"741\">\ud83c\udf81 Id\u00e9e cadeau parfaite : pour afficionados de cin\u00e9ma et looks casual<\/p>\n<p data-end=\"961\" data-start=\"815\"><strong data-end=\"833\" data-start=\"815\">\ud83c\udfac Id\u00e9al pour\u2026<\/strong><br data-end=\"836\" data-start=\"833\">Soir\u00e9es film, week-ends d\u00e9contract\u00e9s, looks layering sous une surchemise ou pour offrir un clin d\u2019\u0153il pop culture bien pens\u00e9.<\/p>\n<p><strong>L\u00e9on :<\/strong><br \/>Sortez vos bonnets, fusils et pots de fleurs, c\u2019est le moment nostalgique. L\u00e9on et Matilda, c\u2019est le duo improbable et iconique de nos ann\u00e9es 90. Cette broderie donnera une fi\u00e8re allure \u00e0 quiconque envisage s\u00e9rieusement une carri\u00e8re de tueur \u00e0 gage.<\/p>\n<p><strong>Tarantino :<\/strong><br \/>Une broderie de Mia (Uma Thurman) &amp; Vincent (John Travolta) qui mettent le feu au dancefloor dans le film culte de Tarantino : <em>Pulp Fiction<\/em>, maintenant sur votre t-shirt !<\/p>\n<p><strong>Gondry :<\/strong><br \/>T-shirt brod\u00e9 du joli film <em>Eternal Sunshine of the Spotless Mind<\/em> par Michel Gondry. Joel et Cl\u00e9mentine, dans la neige pour toujours : \u00ab Would you erase me? \u00bb<\/p>\n<p><strong>King Kong :<\/strong><br \/>Grimpez au sommet du style avec cette broderie hommage au g\u00e9ant le plus c\u00e9l\u00e8bre du cin\u00e9ma. Entre nostalgie, vertige et empire de New York, ce King Kong donnera \u00e0 votre look une allure monstrueusement iconique.<strong><\/strong><\/p>\n<p><strong data-end=\"979\" data-start=\"963\">\ud83e\uddfc Entretien<\/strong><br data-end=\"982\" data-start=\"979\">Laver en machine \u00e0 30 \u00b0C, t-shirt retourn\u00e9. S\u00e9chage \u00e0 l\u2019air libre conseill\u00e9. Repasser sur l\u2019envers, \u00e9viter le repassage direct sur la broderie.<\/p>\n<h3>L&#8217;Amer Sup\u00e9rieur<\/h3>\n<p>L&#8217;Amer Sup\u00e9rieur a \u00e9t\u00e9 fond\u00e9e par Alexis Detrey. Cette marque fran\u00e7aise propose des t-shirts mixtes 100\u00a0% coton bio particuli\u00e8rement doux. Tous les visuels sont inspir\u00e9s de la pop culture et chaque broderie est r\u00e9alis\u00e9e \u00e0 Nancy.<\/p>\n<h3>INFORMATIONS<\/h3>\n<p>Mati\u00e8re : 100 % coton biologique<br data-end=\"1472\" data-start=\"1469\">Coupe : droite, unisexe<br data-end=\"1498\" data-start=\"1495\">Origine graphisme et broderie : France, Nancy<br data-end=\"1546\" data-start=\"1543\">Commerce \u00e9quitable<\/p>\n","protected":false},"excerpt":{"rendered":"<p>T-shirt unisexe coton bio brod\u00e9 films cultes &#8211; L\u2019Amer Sup\u00e9rieur Clin d\u2019\u0153il cin\u00e9, confort au quotidien. Ce t-shirt mixte en coton bio ultra doux est brod\u00e9 \u00e0 Nancy avec des sc\u00e8nes et silhouettes iconiques du grand \u00e9cran. Coupe droite facile \u00e0 porter, finitions soign\u00e9es, visuels inspir\u00e9s de la pop culture pour un style assum\u00e9 et [&hellip;]<\/p>\n","protected":false},"featured_media":704739,"comment_status":"open","ping_status":"closed","template":"","meta":[],"product_brand":[],"product_cat":[1756,1760],"product_tag":[1810],"acf":[],"_links":{"self":[{"href":"https:\/\/streetmarkets.fr\/app\/wp-json\/wp\/v2\/product\/704738"}],"collection":[{"href":"https:\/\/streetmarkets.fr\/app\/wp-json\/wp\/v2\/product"}],"about":[{"href":"https:\/\/streetmarkets.fr\/app\/wp-json\/wp\/v2\/types\/product"}],"replies":[{"embeddable":true,"href":"https:\/\/streetmarkets.fr\/app\/wp-json\/wp\/v2\/comments?post=704738"}],"wp:featuredmedia":[{"embeddable":true,"href":"https:\/\/streetmarkets.fr\/app\/wp-json\/wp\/v2\/media\/704739"}],"wp:attachment":[{"href":"https:\/\/streetmarkets.fr\/app\/wp-json\/wp\/v2\/media?parent=704738"}],"wp:term":[{"taxonomy":"product_brand","embeddable":true,"href":"https:\/\/streetmarkets.fr\/app\/wp-json\/wp\/v2\/product_brand?post=704738"},{"taxonomy":"product_cat","embeddable":true,"href":"https:\/\/streetmarkets.fr\/app\/wp-json\/wp\/v2\/product_cat?post=704738"},{"taxonomy":"product_tag","embeddable":true,"href":"https:\/\/streetmarkets.fr\/app\/wp-json\/wp\/v2\/product_tag?post=704738"}],"curies":[{"name":"wp","href":"https:\/\/api.w.org\/{rel}","templated":true}]}}