{"id":704462,"date":"2024-10-15T16:15:54","date_gmt":"2024-10-15T14:15:54","guid":{"rendered":"https:\/\/streetmarkets.fr\/app\/produit\/tote-bag-hersee-coton-bio\/"},"modified":"2026-05-06T01:58:48","modified_gmt":"2026-05-05T23:58:48","slug":"tote-bag-hersee-coton-bio","status":"publish","type":"product","link":"https:\/\/streetmarkets.fr\/app\/produit\/tote-bag-hersee-coton-bio\/","title":{"rendered":"Tote Bag Hers\u00e9e coton bio"},"content":{"rendered":"<h2 data-mce-fragment=\"1\">Tote Bag Hers\u00e9e coton bio<\/h2>\n<h3 data-mce-fragment=\"1\"><span data-mce-fragment=\"1\"><img decoding=\"async\" data-mce-fragment=\"1\" alt=\"\" src=\"https:\/\/cdn.shopify.com\/s\/files\/1\/0593\/7093\/0335\/files\/Picto_Temps_Libre_et_Voyage_480x480.jpg?v=1677763747\"><img decoding=\"async\" data-mce-fragment=\"1\" alt=\"\" src=\"https:\/\/cdn.shopify.com\/s\/files\/1\/0593\/7093\/0335\/files\/Picto_Bio_480x480.jpg?v=1677763747\"><\/span><\/h3>\n<p>Sac cabas en coton biologique de couleur naturel de haute qualit\u00e9 avec une anse de 34 cm pratique \u00e0 transporter et \u00e0 utiliser au quotidien.<br \/>L&#8217;impression num\u00e9rique de la cr\u00e9ation Hers\u00e9e est r\u00e9alis\u00e9e avec des encres \u00e0 base d&#8217;eau.<\/p>\n<p>Laver \u00e0 la main \u00e0 l&#8217;envers avec de l&#8217;eau froide et s\u00e9chage naturel. Pas de lavage en machine ni de passage au s\u00e8che-linge.<\/p>\n<h3>INFORMATIONS<\/h3>\n<p>Label : Coton Biologique Certifi\u00e9.<br \/>Dimensions\u00a0: Longueur 38 cm \/\u00a0 Hauteur 42 cm<br \/>Densit\u00e9 :\u00a0150gr\/m2<br \/>Coloris : Naturel<\/p>\n","protected":false},"excerpt":{"rendered":"<p>Tote Bag Hers\u00e9e coton bio Sac cabas en coton biologique de couleur naturel de haute qualit\u00e9 avec une anse de 34 cm pratique \u00e0 transporter et \u00e0 utiliser au quotidien.L&#8217;impression num\u00e9rique de la cr\u00e9ation Hers\u00e9e est r\u00e9alis\u00e9e avec des encres \u00e0 base d&#8217;eau. Laver \u00e0 la main \u00e0 l&#8217;envers avec de l&#8217;eau froide et s\u00e9chage [&hellip;]<\/p>\n","protected":false},"featured_media":704463,"comment_status":"open","ping_status":"closed","template":"","meta":[],"product_brand":[],"product_cat":[1756,1764],"product_tag":[1810],"acf":[],"_links":{"self":[{"href":"https:\/\/streetmarkets.fr\/app\/wp-json\/wp\/v2\/product\/704462"}],"collection":[{"href":"https:\/\/streetmarkets.fr\/app\/wp-json\/wp\/v2\/product"}],"about":[{"href":"https:\/\/streetmarkets.fr\/app\/wp-json\/wp\/v2\/types\/product"}],"replies":[{"embeddable":true,"href":"https:\/\/streetmarkets.fr\/app\/wp-json\/wp\/v2\/comments?post=704462"}],"wp:featuredmedia":[{"embeddable":true,"href":"https:\/\/streetmarkets.fr\/app\/wp-json\/wp\/v2\/media\/704463"}],"wp:attachment":[{"href":"https:\/\/streetmarkets.fr\/app\/wp-json\/wp\/v2\/media?parent=704462"}],"wp:term":[{"taxonomy":"product_brand","embeddable":true,"href":"https:\/\/streetmarkets.fr\/app\/wp-json\/wp\/v2\/product_brand?post=704462"},{"taxonomy":"product_cat","embeddable":true,"href":"https:\/\/streetmarkets.fr\/app\/wp-json\/wp\/v2\/product_cat?post=704462"},{"taxonomy":"product_tag","embeddable":true,"href":"https:\/\/streetmarkets.fr\/app\/wp-json\/wp\/v2\/product_tag?post=704462"}],"curies":[{"name":"wp","href":"https:\/\/api.w.org\/{rel}","templated":true}]}}