{"id":704382,"date":"2024-10-15T10:34:36","date_gmt":"2024-10-15T08:34:36","guid":{"rendered":"https:\/\/streetmarkets.fr\/app\/produit\/body-bibi-black-and-dots-lingerie-la-nouvelle\/"},"modified":"2026-05-12T08:37:53","modified_gmt":"2026-05-12T06:37:53","slug":"body-bibi-black-and-dots-lingerie-la-nouvelle","status":"publish","type":"product","link":"https:\/\/streetmarkets.fr\/app\/produit\/body-bibi-black-and-dots-lingerie-la-nouvelle\/","title":{"rendered":"Body Bibi Black and dots &#8211; Lingerie La Nouvelle"},"content":{"rendered":"<p><span>Bibi est un body bi-mati\u00e8res, m\u00ealant dentelle sur les c\u00f4t\u00e9s et dans le dos pour un effet sexy, et opacit\u00e9 sur les bonnets et le devant. <\/span><\/p>\n<p><span>Sa coupe triangle cr\u00e9e un joli d\u00e9collet\u00e9, id\u00e9al pour les poitrines menues.<\/span><\/p>\n","protected":false},"excerpt":{"rendered":"<p>Bibi est un body bi-mati\u00e8res, m\u00ealant dentelle sur les c\u00f4t\u00e9s et dans le dos pour un effet sexy, et opacit\u00e9 sur les bonnets et le devant. Sa coupe triangle cr\u00e9e un joli d\u00e9collet\u00e9, id\u00e9al pour les poitrines menues.<\/p>\n","protected":false},"featured_media":704383,"comment_status":"open","ping_status":"closed","template":"","meta":[],"product_brand":[],"product_cat":[1756,1762],"product_tag":[2244],"acf":[],"_links":{"self":[{"href":"https:\/\/streetmarkets.fr\/app\/wp-json\/wp\/v2\/product\/704382"}],"collection":[{"href":"https:\/\/streetmarkets.fr\/app\/wp-json\/wp\/v2\/product"}],"about":[{"href":"https:\/\/streetmarkets.fr\/app\/wp-json\/wp\/v2\/types\/product"}],"replies":[{"embeddable":true,"href":"https:\/\/streetmarkets.fr\/app\/wp-json\/wp\/v2\/comments?post=704382"}],"wp:featuredmedia":[{"embeddable":true,"href":"https:\/\/streetmarkets.fr\/app\/wp-json\/wp\/v2\/media\/704383"}],"wp:attachment":[{"href":"https:\/\/streetmarkets.fr\/app\/wp-json\/wp\/v2\/media?parent=704382"}],"wp:term":[{"taxonomy":"product_brand","embeddable":true,"href":"https:\/\/streetmarkets.fr\/app\/wp-json\/wp\/v2\/product_brand?post=704382"},{"taxonomy":"product_cat","embeddable":true,"href":"https:\/\/streetmarkets.fr\/app\/wp-json\/wp\/v2\/product_cat?post=704382"},{"taxonomy":"product_tag","embeddable":true,"href":"https:\/\/streetmarkets.fr\/app\/wp-json\/wp\/v2\/product_tag?post=704382"}],"curies":[{"name":"wp","href":"https:\/\/api.w.org\/{rel}","templated":true}]}}