{"id":704378,"date":"2024-10-15T10:34:36","date_gmt":"2024-10-15T08:34:36","guid":{"rendered":"https:\/\/streetmarkets.fr\/app\/produit\/bottines-n408-cuir-noir-rivecour\/"},"modified":"2026-05-12T08:37:53","modified_gmt":"2026-05-12T06:37:53","slug":"bottines-n408-cuir-noir-rivecour","status":"publish","type":"product","link":"https:\/\/streetmarkets.fr\/app\/produit\/bottines-n408-cuir-noir-rivecour\/","title":{"rendered":"Bottines n\u00b0408 cuir noir &#8211; Rivecour"},"content":{"rendered":"<p><span>Valeur s\u00fbre d&#8217;hiver en hiver, la bottine Chelsea est en cuir lisse noir et <\/span><span>\u00a0est mont\u00e9e sur un petit talon de 4 cm qui d\u00e9passe l\u00e9g\u00e8rement vers l&#8217;arri\u00e8re pour un aspect plus d\u00e9contract\u00e9. <\/span><\/p>\n<p><span>Ses \u00e9lastiques lat\u00e9raux sont recouverts d&#8217;inserts en cuir, un d\u00e9tail esth\u00e9tique et pratique permettant entre autres de faciliter le passage du pied. <\/span><\/p>\n<p><span>Le num\u00e9ro 408 repr\u00e9sente \u00e0 lui seul tout ce que l&#8217;on recherche dans une bottine : la versatilit\u00e9, le confort et la f\u00e9minit\u00e9.<\/span><\/p>\n","protected":false},"excerpt":{"rendered":"<p>Valeur s\u00fbre d&#8217;hiver en hiver, la bottine Chelsea est en cuir lisse noir et \u00a0est mont\u00e9e sur un petit talon de 4 cm qui d\u00e9passe l\u00e9g\u00e8rement vers l&#8217;arri\u00e8re pour un aspect plus d\u00e9contract\u00e9. Ses \u00e9lastiques lat\u00e9raux sont recouverts d&#8217;inserts en cuir, un d\u00e9tail esth\u00e9tique et pratique permettant entre autres de faciliter le passage du pied. [&hellip;]<\/p>\n","protected":false},"featured_media":704379,"comment_status":"open","ping_status":"closed","template":"","meta":[],"product_brand":[],"product_cat":[1756,1763],"product_tag":[2244],"acf":[],"_links":{"self":[{"href":"https:\/\/streetmarkets.fr\/app\/wp-json\/wp\/v2\/product\/704378"}],"collection":[{"href":"https:\/\/streetmarkets.fr\/app\/wp-json\/wp\/v2\/product"}],"about":[{"href":"https:\/\/streetmarkets.fr\/app\/wp-json\/wp\/v2\/types\/product"}],"replies":[{"embeddable":true,"href":"https:\/\/streetmarkets.fr\/app\/wp-json\/wp\/v2\/comments?post=704378"}],"wp:featuredmedia":[{"embeddable":true,"href":"https:\/\/streetmarkets.fr\/app\/wp-json\/wp\/v2\/media\/704379"}],"wp:attachment":[{"href":"https:\/\/streetmarkets.fr\/app\/wp-json\/wp\/v2\/media?parent=704378"}],"wp:term":[{"taxonomy":"product_brand","embeddable":true,"href":"https:\/\/streetmarkets.fr\/app\/wp-json\/wp\/v2\/product_brand?post=704378"},{"taxonomy":"product_cat","embeddable":true,"href":"https:\/\/streetmarkets.fr\/app\/wp-json\/wp\/v2\/product_cat?post=704378"},{"taxonomy":"product_tag","embeddable":true,"href":"https:\/\/streetmarkets.fr\/app\/wp-json\/wp\/v2\/product_tag?post=704378"}],"curies":[{"name":"wp","href":"https:\/\/api.w.org\/{rel}","templated":true}]}}