{"id":704274,"date":"2024-10-15T10:33:47","date_gmt":"2024-10-15T08:33:47","guid":{"rendered":"https:\/\/streetmarkets.fr\/app\/produit\/col-kaki-koon\/"},"modified":"2026-05-05T08:37:40","modified_gmt":"2026-05-05T06:37:40","slug":"col-kaki-koon","status":"publish","type":"product","link":"https:\/\/streetmarkets.fr\/app\/produit\/col-kaki-koon\/","title":{"rendered":"Col Kaki &#8211; Koon"},"content":{"rendered":"<div class=\"product__description color--primary-text bg--primary-background my2\" data-mce-fragment=\"1\">\n<div class=\"rte mx--auto font-size__basic max-width--3\" id=\"productDescription\" data-product-description=\"\" data-mce-fragment=\"1\">Tour de cou en cachemire unisexe qui remplace de fa\u00e7on styl\u00e9e une \u00e9charpe.\u00a0<\/div>\n<div class=\"rte mx--auto font-size__basic max-width--3\" data-product-description=\"\" data-mce-fragment=\"1\"><\/div>\n<div class=\"rte mx--auto font-size__basic max-width--3\" data-product-description=\"\" data-mce-fragment=\"1\">Il se porte en dessous d&#8217;une chemise ou d&#8217;un pull colV, il remplacera \u00e0 merveille un col, roul\u00e9.\u00a0\n<\/div>\n<div class=\"rte mx--auto font-size__basic max-width--3\" data-product-description=\"\" data-mce-fragment=\"1\"><\/div>\n<div class=\"rte mx--auto font-size__basic max-width--3\" data-product-description=\"\" data-mce-fragment=\"1\"><\/div>\n<div class=\"rte mx--auto font-size__basic max-width--3\" data-product-description=\"\" data-mce-fragment=\"1\"><strong><\/strong><\/div>\n<div class=\"rte mx--auto font-size__basic max-width--3\" data-product-description=\"\" data-mce-fragment=\"1\"><strong><\/strong><\/div>\n<div class=\"rte mx--auto font-size__basic max-width--3\" data-product-description=\"\" data-mce-fragment=\"1\"><\/div>\n<div class=\"rte mx--auto font-size__basic max-width--3\" data-product-description=\"\" data-mce-fragment=\"1\"><span><br \/><\/span><\/div>\n<div class=\"rte mx--auto font-size__basic max-width--3\" data-product-description=\"\" data-mce-fragment=\"1\"><\/div>\n<div class=\"rte mx--auto font-size__basic max-width--3\" data-product-description=\"\" data-mce-fragment=\"1\"><\/div>\n<div class=\"rte mx--auto font-size__basic max-width--3\" data-product-description=\"\" data-mce-fragment=\"1\"><\/div>\n<\/div>\n","protected":false},"excerpt":{"rendered":"<p>Tour de cou en cachemire unisexe qui remplace de fa\u00e7on styl\u00e9e une \u00e9charpe.\u00a0 Il se porte en dessous d&#8217;une chemise ou d&#8217;un pull colV, il remplacera \u00e0 merveille un col, roul\u00e9.\u00a0<\/p>\n","protected":false},"featured_media":704275,"comment_status":"open","ping_status":"closed","template":"","meta":[],"product_brand":[],"product_cat":[1756,1764],"product_tag":[2244],"acf":[],"_links":{"self":[{"href":"https:\/\/streetmarkets.fr\/app\/wp-json\/wp\/v2\/product\/704274"}],"collection":[{"href":"https:\/\/streetmarkets.fr\/app\/wp-json\/wp\/v2\/product"}],"about":[{"href":"https:\/\/streetmarkets.fr\/app\/wp-json\/wp\/v2\/types\/product"}],"replies":[{"embeddable":true,"href":"https:\/\/streetmarkets.fr\/app\/wp-json\/wp\/v2\/comments?post=704274"}],"wp:featuredmedia":[{"embeddable":true,"href":"https:\/\/streetmarkets.fr\/app\/wp-json\/wp\/v2\/media\/704275"}],"wp:attachment":[{"href":"https:\/\/streetmarkets.fr\/app\/wp-json\/wp\/v2\/media?parent=704274"}],"wp:term":[{"taxonomy":"product_brand","embeddable":true,"href":"https:\/\/streetmarkets.fr\/app\/wp-json\/wp\/v2\/product_brand?post=704274"},{"taxonomy":"product_cat","embeddable":true,"href":"https:\/\/streetmarkets.fr\/app\/wp-json\/wp\/v2\/product_cat?post=704274"},{"taxonomy":"product_tag","embeddable":true,"href":"https:\/\/streetmarkets.fr\/app\/wp-json\/wp\/v2\/product_tag?post=704274"}],"curies":[{"name":"wp","href":"https:\/\/api.w.org\/{rel}","templated":true}]}}