{"id":704188,"date":"2024-10-15T10:32:53","date_gmt":"2024-10-15T08:32:53","guid":{"rendered":"https:\/\/streetmarkets.fr\/app\/produit\/ensemble-otis-green-flower-lingerie-la-nouvelle\/"},"modified":"2026-05-08T08:37:41","modified_gmt":"2026-05-08T06:37:41","slug":"ensemble-otis-green-flower-lingerie-la-nouvelle","status":"publish","type":"product","link":"https:\/\/streetmarkets.fr\/app\/produit\/ensemble-otis-green-flower-lingerie-la-nouvelle\/","title":{"rendered":"Ensemble Otis Green Flower &#8211; Lingerie La Nouvelle"},"content":{"rendered":"<p><span style=\"font-family: -apple-system, BlinkMacSystemFont, 'San Francisco', 'Segoe UI', Roboto, 'Helvetica Neue', sans-serif\" data-mce-fragment=\"1\" data-mce-style=\"font-family: -apple-system, BlinkMacSystemFont, 'San Francisco', 'Segoe UI', Roboto, 'Helvetica Neue', sans-serif;\"><strong>Ensemble de lingerie<\/strong> compos\u00e9 de :\u00a0<\/span><\/p>\n<ul>\n<li>\n <span><strong>Le soutien-gorge Otis<\/strong>, sans armatures, est \u00e0 la fois sexy et f\u00e9minin. Sa forme triangle met en valeur la poitrine avec un d\u00e9collet\u00e9 et un d\u00e9tail dor\u00e9 entre les seins. Il s&#8217;attache dans le dos par un crochet assorti \u00e0 ses bretelles lurex.<\/span><span><\/span><span><\/span><span><\/span><span><\/span>\n<\/li>\n<li><span><\/span><\/li>\n<li>\n <span><strong>La culotte Rosa<\/strong>, d\u00e9licate et f\u00e9minine, se porte \u00e0 la taille. Ses c\u00f4t\u00e9s fins \u00e9chancr\u00e9s, orn\u00e9s de deux anneaux dor\u00e9s, mettent en valeur la silhouette avec une touche de fantaisie.<\/span>\n<\/li>\n<\/ul>\n","protected":false},"excerpt":{"rendered":"<p>Ensemble de lingerie compos\u00e9 de :\u00a0 Le soutien-gorge Otis, sans armatures, est \u00e0 la fois sexy et f\u00e9minin. Sa forme triangle met en valeur la poitrine avec un d\u00e9collet\u00e9 et un d\u00e9tail dor\u00e9 entre les seins. Il s&#8217;attache dans le dos par un crochet assorti \u00e0 ses bretelles lurex. La culotte Rosa, d\u00e9licate et f\u00e9minine, [&hellip;]<\/p>\n","protected":false},"featured_media":704189,"comment_status":"open","ping_status":"closed","template":"","meta":[],"product_brand":[],"product_cat":[1756,1762],"product_tag":[2244],"acf":[],"_links":{"self":[{"href":"https:\/\/streetmarkets.fr\/app\/wp-json\/wp\/v2\/product\/704188"}],"collection":[{"href":"https:\/\/streetmarkets.fr\/app\/wp-json\/wp\/v2\/product"}],"about":[{"href":"https:\/\/streetmarkets.fr\/app\/wp-json\/wp\/v2\/types\/product"}],"replies":[{"embeddable":true,"href":"https:\/\/streetmarkets.fr\/app\/wp-json\/wp\/v2\/comments?post=704188"}],"wp:featuredmedia":[{"embeddable":true,"href":"https:\/\/streetmarkets.fr\/app\/wp-json\/wp\/v2\/media\/704189"}],"wp:attachment":[{"href":"https:\/\/streetmarkets.fr\/app\/wp-json\/wp\/v2\/media?parent=704188"}],"wp:term":[{"taxonomy":"product_brand","embeddable":true,"href":"https:\/\/streetmarkets.fr\/app\/wp-json\/wp\/v2\/product_brand?post=704188"},{"taxonomy":"product_cat","embeddable":true,"href":"https:\/\/streetmarkets.fr\/app\/wp-json\/wp\/v2\/product_cat?post=704188"},{"taxonomy":"product_tag","embeddable":true,"href":"https:\/\/streetmarkets.fr\/app\/wp-json\/wp\/v2\/product_tag?post=704188"}],"curies":[{"name":"wp","href":"https:\/\/api.w.org\/{rel}","templated":true}]}}