{"id":704133,"date":"2024-10-15T10:32:51","date_gmt":"2024-10-15T08:32:51","guid":{"rendered":"https:\/\/streetmarkets.fr\/app\/produit\/top-maya-leon\/"},"modified":"2024-10-15T10:33:26","modified_gmt":"2024-10-15T08:33:26","slug":"top-maya-leon","status":"publish","type":"product","link":"https:\/\/streetmarkets.fr\/app\/produit\/top-maya-leon\/","title":{"rendered":"Top Maya Leon"},"content":{"rendered":"<p>D\u00e9couvrez le top Maya brod\u00e9 de la marque Sacr\u00e9coeur chez Mamamushi.<br \/>\nClick and collect disponible, livraison &amp; paiement s\u00e9curis\u00e9.<\/p>\n<p class=\"MsoNormal\">Top manches courtes broderies plac\u00e9es larges, coupe ample.<\/p>\n<p class=\"MsoNormal\">Percale de coton fine. Broderies exclusives Sacr\u00e9coeur.<\/p>\n<p class=\"MsoNormal\">Emmanchure basse, col mao, revers bas de manches, boutons apparents, fronc\u00e9e aux \u00e9paules.<\/p>\n<p class=\"MsoNormal\">Mati\u00e8re: 100% coton<\/p>\n<p class=\"MsoNormal\">Lavage: -Cycle d\u00e9licat 30\u00b0<\/p>\n<p class=\"MsoNormal\">\u00a0 \u00a0 \u00a0 \u00a0 \u00a0 \u00a0 -Chlore interdit<\/p>\n<p class=\"MsoNormal\">\u00a0 \u00a0 \u00a0 \u00a0 \u00a0 \u00a0 -S\u00e9chage en tambour interdit<\/p>\n<p class=\"MsoNormal\">\u00a0 \u00a0 \u00a0 \u00a0 \u00a0 \u00a0 -Repassage doux sur l\u2019envers<\/p>\n<p class=\"MsoNormal\">\u00a0 \u00a0 \u00a0 \u00a0 \u00a0 \u00a0 -Nettoyage \u00e0 sec possible<\/p>\n<p>Marque: Sacre coeur<\/p><\/p>\n","protected":false},"excerpt":{"rendered":"<p>D\u00e9couvrez le top Maya brod\u00e9 de la marque Sacr\u00e9coeur chez Mamamushi. Click and collect disponible, livraison &amp; paiement s\u00e9curis\u00e9. Top manches courtes broderies plac\u00e9es larges, coupe ample. Percale de coton fine. Broderies exclusives Sacr\u00e9coeur. Emmanchure basse, col mao, revers bas de manches, boutons apparents, fronc\u00e9e aux \u00e9paules. Mati\u00e8re: 100% coton Lavage: -Cycle d\u00e9licat 30\u00b0 \u00a0 [&hellip;]<\/p>\n","protected":false},"featured_media":704134,"comment_status":"open","ping_status":"closed","template":"","meta":[],"product_brand":[],"product_cat":[1756,1762],"product_tag":[2244],"acf":[],"_links":{"self":[{"href":"https:\/\/streetmarkets.fr\/app\/wp-json\/wp\/v2\/product\/704133"}],"collection":[{"href":"https:\/\/streetmarkets.fr\/app\/wp-json\/wp\/v2\/product"}],"about":[{"href":"https:\/\/streetmarkets.fr\/app\/wp-json\/wp\/v2\/types\/product"}],"replies":[{"embeddable":true,"href":"https:\/\/streetmarkets.fr\/app\/wp-json\/wp\/v2\/comments?post=704133"}],"wp:featuredmedia":[{"embeddable":true,"href":"https:\/\/streetmarkets.fr\/app\/wp-json\/wp\/v2\/media\/704134"}],"wp:attachment":[{"href":"https:\/\/streetmarkets.fr\/app\/wp-json\/wp\/v2\/media?parent=704133"}],"wp:term":[{"taxonomy":"product_brand","embeddable":true,"href":"https:\/\/streetmarkets.fr\/app\/wp-json\/wp\/v2\/product_brand?post=704133"},{"taxonomy":"product_cat","embeddable":true,"href":"https:\/\/streetmarkets.fr\/app\/wp-json\/wp\/v2\/product_cat?post=704133"},{"taxonomy":"product_tag","embeddable":true,"href":"https:\/\/streetmarkets.fr\/app\/wp-json\/wp\/v2\/product_tag?post=704133"}],"curies":[{"name":"wp","href":"https:\/\/api.w.org\/{rel}","templated":true}]}}