{"id":704105,"date":"2024-10-15T10:32:50","date_gmt":"2024-10-15T08:32:50","guid":{"rendered":"https:\/\/streetmarkets.fr\/app\/produit\/chemise-rhoda-marina\/"},"modified":"2024-10-15T10:33:25","modified_gmt":"2024-10-15T08:33:25","slug":"chemise-rhoda-marina","status":"publish","type":"product","link":"https:\/\/streetmarkets.fr\/app\/produit\/chemise-rhoda-marina\/","title":{"rendered":"Chemise Rhoda Marina"},"content":{"rendered":"<p>D\u00e9couvrez la chemise Rhoda de la marque Sacr\u00e9coeur chez Mamamushi.<br \/>\nClick and collect disponible, livraison &amp; paiement s\u00e9curis\u00e9.<\/p>\n<p class=\"MsoNormal\">Top court sans manche, nou\u00e9 devant.<\/p>\n<p>Coupe l\u00e9g\u00e8rement oversize et fluide.<\/p>\n<p class=\"MsoNormal\">En gaze armur\u00e9e de coton bio viscose,encolure arrondie, boutonnage apparent, nou\u00e9 sur le devant, emmanchure basse.<\/p>\n<p class=\"MsoNormal\">Mati\u00e8re: 54% Viscose et 46% coton<\/p>\n<p class=\"MsoNormal\">Tiss\u00e9s en France<\/p>\n<p class=\"MsoNormal\">Lavage : -Cycle d\u00e9licat 30\u00b0<\/p>\n<p class=\"MsoNormal\">\u00a0 \u00a0 \u00a0 \u00a0 \u00a0 \u00a0 \u00a0-Chlore interdit<\/p>\n<p class=\"MsoNormal\">\u00a0 \u00a0 \u00a0 \u00a0 \u00a0 \u00a0 \u00a0-S\u00e9chage en tambour interdit<\/p>\n<p class=\"MsoNormal\">\u00a0 \u00a0 \u00a0 \u00a0 \u00a0 \u00a0 \u00a0-Repassage doux<\/p>\n<p class=\"MsoNormal\">\u00a0 \u00a0 \u00a0 \u00a0 \u00a0 \u00a0 \u00a0-Nettoyage \u00e0 sec possible<\/p><\/p>\n","protected":false},"excerpt":{"rendered":"<p>D\u00e9couvrez la chemise Rhoda de la marque Sacr\u00e9coeur chez Mamamushi. Click and collect disponible, livraison &amp; paiement s\u00e9curis\u00e9. Top court sans manche, nou\u00e9 devant. Coupe l\u00e9g\u00e8rement oversize et fluide. En gaze armur\u00e9e de coton bio viscose,encolure arrondie, boutonnage apparent, nou\u00e9 sur le devant, emmanchure basse. Mati\u00e8re: 54% Viscose et 46% coton Tiss\u00e9s en France Lavage [&hellip;]<\/p>\n","protected":false},"featured_media":704106,"comment_status":"open","ping_status":"closed","template":"","meta":[],"product_brand":[],"product_cat":[1756,1762],"product_tag":[2244],"acf":[],"_links":{"self":[{"href":"https:\/\/streetmarkets.fr\/app\/wp-json\/wp\/v2\/product\/704105"}],"collection":[{"href":"https:\/\/streetmarkets.fr\/app\/wp-json\/wp\/v2\/product"}],"about":[{"href":"https:\/\/streetmarkets.fr\/app\/wp-json\/wp\/v2\/types\/product"}],"replies":[{"embeddable":true,"href":"https:\/\/streetmarkets.fr\/app\/wp-json\/wp\/v2\/comments?post=704105"}],"wp:featuredmedia":[{"embeddable":true,"href":"https:\/\/streetmarkets.fr\/app\/wp-json\/wp\/v2\/media\/704106"}],"wp:attachment":[{"href":"https:\/\/streetmarkets.fr\/app\/wp-json\/wp\/v2\/media?parent=704105"}],"wp:term":[{"taxonomy":"product_brand","embeddable":true,"href":"https:\/\/streetmarkets.fr\/app\/wp-json\/wp\/v2\/product_brand?post=704105"},{"taxonomy":"product_cat","embeddable":true,"href":"https:\/\/streetmarkets.fr\/app\/wp-json\/wp\/v2\/product_cat?post=704105"},{"taxonomy":"product_tag","embeddable":true,"href":"https:\/\/streetmarkets.fr\/app\/wp-json\/wp\/v2\/product_tag?post=704105"}],"curies":[{"name":"wp","href":"https:\/\/api.w.org\/{rel}","templated":true}]}}