{"id":704034,"date":"2024-10-15T10:32:48","date_gmt":"2024-10-15T08:32:48","guid":{"rendered":"https:\/\/streetmarkets.fr\/app\/produit\/pantalon-upton-printemps\/"},"modified":"2024-10-15T10:33:25","modified_gmt":"2024-10-15T08:33:25","slug":"pantalon-upton-printemps","status":"publish","type":"product","link":"https:\/\/streetmarkets.fr\/app\/produit\/pantalon-upton-printemps\/","title":{"rendered":"Pantalon Upton printemps"},"content":{"rendered":"<p>Pantalon Upton printemps Tinsels durable et \u00e9thique \u2713 Livraison rapide &amp; paiement en x3 ou x4.<\/p>\n<p style=\"margin:0px;font-style:normal;font-size:13px;line-height:normal;font-family:'Helvetica Neue'\">Pantalon large et loose taille basse, on adore \u00e0 la fois sa coupe moderne et sa mati\u00e8re souple et tr\u00e8s confortable. Ses deux larges ourlets en bas de jambe apporte une touche chic suppl\u00e9mentaire au pantalon.<\/p>\n<p style=\"margin:0px;font-style:normal;font-size:13px;line-height:normal;font-family:'Helvetica Neue'\">\n<p style=\"margin:0px;font-style:normal;font-size:13px;line-height:normal;font-family:'Helvetica Neue'\">Ceinture mont\u00e9e, pinces au devant et poches italiennes.<\/p>\n<p style=\"margin:0px;font-style:normal;font-size:13px;line-height:normal;font-family:'Helvetica Neue'\">\n<p style=\"margin:0px;font-style:normal;font-size:13px;line-height:normal;font-family:'Helvetica Neue'\">Mati\u00e8re fran\u00e7aise : Un cr\u00eape souple, qui ne se froisse pas.<\/p>\n<p style=\"margin:0px;font-style:normal;font-size:13px;line-height:normal;font-family:'Helvetica Neue'\">\n<p style=\"margin:0px;font-style:normal;font-size:13px;line-height:normal;font-family:'Helvetica Neue'\">98% Polyester 2% Elasthanne<\/p>\n<p style=\"margin:0px;font-style:normal;font-size:13px;line-height:normal;font-family:'Helvetica Neue'\">\n<p style=\"margin:0px;font-style:normal;font-size:13px;line-height:normal;font-family:'Helvetica Neue'\">Lavage machine 30\u00b0 d\u00e9licat, repassage doux.<\/p>\n<p style=\"margin:0px;font-style:normal;font-size:13px;line-height:normal;font-family:'Helvetica Neue'\">\n<p style=\"margin:0px;font-style:normal;font-size:13px;line-height:normal;font-family:'Helvetica Neue'\">Fabrication en Tunisie<\/p>\n","protected":false},"excerpt":{"rendered":"<p>Pantalon Upton printemps Tinsels durable et \u00e9thique \u2713 Livraison rapide &amp; paiement en x3 ou x4. Pantalon large et loose taille basse, on adore \u00e0 la fois sa coupe moderne et sa mati\u00e8re souple et tr\u00e8s confortable. Ses deux larges ourlets en bas de jambe apporte une touche chic suppl\u00e9mentaire au pantalon. Ceinture mont\u00e9e, pinces [&hellip;]<\/p>\n","protected":false},"featured_media":704035,"comment_status":"open","ping_status":"closed","template":"","meta":[],"product_brand":[],"product_cat":[1756,1762],"product_tag":[2244],"acf":[],"_links":{"self":[{"href":"https:\/\/streetmarkets.fr\/app\/wp-json\/wp\/v2\/product\/704034"}],"collection":[{"href":"https:\/\/streetmarkets.fr\/app\/wp-json\/wp\/v2\/product"}],"about":[{"href":"https:\/\/streetmarkets.fr\/app\/wp-json\/wp\/v2\/types\/product"}],"replies":[{"embeddable":true,"href":"https:\/\/streetmarkets.fr\/app\/wp-json\/wp\/v2\/comments?post=704034"}],"wp:featuredmedia":[{"embeddable":true,"href":"https:\/\/streetmarkets.fr\/app\/wp-json\/wp\/v2\/media\/704035"}],"wp:attachment":[{"href":"https:\/\/streetmarkets.fr\/app\/wp-json\/wp\/v2\/media?parent=704034"}],"wp:term":[{"taxonomy":"product_brand","embeddable":true,"href":"https:\/\/streetmarkets.fr\/app\/wp-json\/wp\/v2\/product_brand?post=704034"},{"taxonomy":"product_cat","embeddable":true,"href":"https:\/\/streetmarkets.fr\/app\/wp-json\/wp\/v2\/product_cat?post=704034"},{"taxonomy":"product_tag","embeddable":true,"href":"https:\/\/streetmarkets.fr\/app\/wp-json\/wp\/v2\/product_tag?post=704034"}],"curies":[{"name":"wp","href":"https:\/\/api.w.org\/{rel}","templated":true}]}}