{"id":704012,"date":"2024-10-15T10:32:46","date_gmt":"2024-10-15T08:32:46","guid":{"rendered":"https:\/\/streetmarkets.fr\/app\/produit\/robe-vida-blossom\/"},"modified":"2024-10-15T10:33:25","modified_gmt":"2024-10-15T08:33:25","slug":"robe-vida-blossom","status":"publish","type":"product","link":"https:\/\/streetmarkets.fr\/app\/produit\/robe-vida-blossom\/","title":{"rendered":"Robe Vida Blossom"},"content":{"rendered":"<p>Robe Vida Blossom Tinsels durable et \u00e9thique \u2713 Livraison rapide &amp; paiement en x3 ou x4.<\/p>\n<p><span style=\"color:#666666;font-family:Karma;font-size:16px;background-color:#ffffff\">Robe longue et f\u00e9minine, pr\u00e8s du corps, fines bretelles en coton cir\u00e9, r\u00e9glables dans le dos par nouage<\/span><\/p>\n<p><span style=\"color:#666666;font-family:Karma;font-size:16px;background-color:#ffffff\">Mati\u00e8re: 100% Viscose<\/span><\/p>\n<p><span style=\"color:#666666;font-family:Karma;font-size:16px;background-color:#ffffff\">Entretien:\u00a0<\/span><span style=\"background-color:#ffffff;color:#666666;font-family:Karma;font-size:16px\">Lavage en machine \u00e0 30\u00b0 d\u00e9licat, repassage doux<\/span><\/p>\n","protected":false},"excerpt":{"rendered":"<p>Robe Vida Blossom Tinsels durable et \u00e9thique \u2713 Livraison rapide &amp; paiement en x3 ou x4. Robe longue et f\u00e9minine, pr\u00e8s du corps, fines bretelles en coton cir\u00e9, r\u00e9glables dans le dos par nouage Mati\u00e8re: 100% Viscose Entretien:\u00a0Lavage en machine \u00e0 30\u00b0 d\u00e9licat, repassage doux<\/p>\n","protected":false},"featured_media":704013,"comment_status":"open","ping_status":"closed","template":"","meta":[],"product_brand":[],"product_cat":[1756,1762],"product_tag":[2244],"acf":[],"_links":{"self":[{"href":"https:\/\/streetmarkets.fr\/app\/wp-json\/wp\/v2\/product\/704012"}],"collection":[{"href":"https:\/\/streetmarkets.fr\/app\/wp-json\/wp\/v2\/product"}],"about":[{"href":"https:\/\/streetmarkets.fr\/app\/wp-json\/wp\/v2\/types\/product"}],"replies":[{"embeddable":true,"href":"https:\/\/streetmarkets.fr\/app\/wp-json\/wp\/v2\/comments?post=704012"}],"wp:featuredmedia":[{"embeddable":true,"href":"https:\/\/streetmarkets.fr\/app\/wp-json\/wp\/v2\/media\/704013"}],"wp:attachment":[{"href":"https:\/\/streetmarkets.fr\/app\/wp-json\/wp\/v2\/media?parent=704012"}],"wp:term":[{"taxonomy":"product_brand","embeddable":true,"href":"https:\/\/streetmarkets.fr\/app\/wp-json\/wp\/v2\/product_brand?post=704012"},{"taxonomy":"product_cat","embeddable":true,"href":"https:\/\/streetmarkets.fr\/app\/wp-json\/wp\/v2\/product_cat?post=704012"},{"taxonomy":"product_tag","embeddable":true,"href":"https:\/\/streetmarkets.fr\/app\/wp-json\/wp\/v2\/product_tag?post=704012"}],"curies":[{"name":"wp","href":"https:\/\/api.w.org\/{rel}","templated":true}]}}