{"id":704001,"date":"2024-10-15T10:32:46","date_gmt":"2024-10-15T08:32:46","guid":{"rendered":"https:\/\/streetmarkets.fr\/app\/produit\/parka-martine-marine\/"},"modified":"2024-10-15T10:33:25","modified_gmt":"2024-10-15T08:33:25","slug":"parka-martine-marine","status":"publish","type":"product","link":"https:\/\/streetmarkets.fr\/app\/produit\/parka-martine-marine\/","title":{"rendered":"Parka Martine marine"},"content":{"rendered":"<p>Parka Martine marine Grace &amp; Mila durable et \u00e9thique \u2713 Livraison rapide &amp; paiement en x3 ou x4.<\/p>\n<p style=\"margin:0px;font-style:normal;font-size:13px;line-height:normal;font-family:'Helvetica Neue'\">La silhouette : Son tissu l\u00e9ger et imperm\u00e9able conviendra parfaitement pour la mi-saison. V\u00e9ritable coup de coeur pour cette parka tendance et d\u00e9contract\u00e9e. Avec sa capuche et ses manches longues, Martine deviendra un incontournable de votre dressing pour les journ\u00e9es fraiches ou pluvieuses. La parka courte Martine rejoint notre gamme en fibres naturelles &#8220;&#8221;Un brin de vert&#8221;&#8221;.<\/p>\n<p>Le conseil sizing : Prenez votre taille habituelle. Notre mannequin mesure 1m70 pour 59 cm de tour de taille, 87 cm de tour de hanches et porte une taille S.&#8221;<\/p>\n<p style=\"margin:0px;font-style:normal;font-size:13px;line-height:normal;font-family:'Helvetica Neue'\">\n<p style=\"margin:0px;font-style:normal;font-size:13px;line-height:normal;font-family:'Helvetica Neue'\">Mati\u00e8re: 50% Coton, 50% Polyester\u00a0<\/p><\/p>\n","protected":false},"excerpt":{"rendered":"<p>Parka Martine marine Grace &amp; Mila durable et \u00e9thique \u2713 Livraison rapide &amp; paiement en x3 ou x4. La silhouette : Son tissu l\u00e9ger et imperm\u00e9able conviendra parfaitement pour la mi-saison. V\u00e9ritable coup de coeur pour cette parka tendance et d\u00e9contract\u00e9e. Avec sa capuche et ses manches longues, Martine deviendra un incontournable de votre dressing [&hellip;]<\/p>\n","protected":false},"featured_media":704002,"comment_status":"open","ping_status":"closed","template":"","meta":[],"product_brand":[],"product_cat":[1756,1762],"product_tag":[2244],"acf":[],"_links":{"self":[{"href":"https:\/\/streetmarkets.fr\/app\/wp-json\/wp\/v2\/product\/704001"}],"collection":[{"href":"https:\/\/streetmarkets.fr\/app\/wp-json\/wp\/v2\/product"}],"about":[{"href":"https:\/\/streetmarkets.fr\/app\/wp-json\/wp\/v2\/types\/product"}],"replies":[{"embeddable":true,"href":"https:\/\/streetmarkets.fr\/app\/wp-json\/wp\/v2\/comments?post=704001"}],"wp:featuredmedia":[{"embeddable":true,"href":"https:\/\/streetmarkets.fr\/app\/wp-json\/wp\/v2\/media\/704002"}],"wp:attachment":[{"href":"https:\/\/streetmarkets.fr\/app\/wp-json\/wp\/v2\/media?parent=704001"}],"wp:term":[{"taxonomy":"product_brand","embeddable":true,"href":"https:\/\/streetmarkets.fr\/app\/wp-json\/wp\/v2\/product_brand?post=704001"},{"taxonomy":"product_cat","embeddable":true,"href":"https:\/\/streetmarkets.fr\/app\/wp-json\/wp\/v2\/product_cat?post=704001"},{"taxonomy":"product_tag","embeddable":true,"href":"https:\/\/streetmarkets.fr\/app\/wp-json\/wp\/v2\/product_tag?post=704001"}],"curies":[{"name":"wp","href":"https:\/\/api.w.org\/{rel}","templated":true}]}}