{"id":703990,"date":"2024-10-15T10:32:46","date_gmt":"2024-10-15T08:32:46","guid":{"rendered":"https:\/\/streetmarkets.fr\/app\/produit\/parka-martine-peche\/"},"modified":"2024-10-15T10:33:24","modified_gmt":"2024-10-15T08:33:24","slug":"parka-martine-peche","status":"publish","type":"product","link":"https:\/\/streetmarkets.fr\/app\/produit\/parka-martine-peche\/","title":{"rendered":"Parka Martine p\u00eache"},"content":{"rendered":"<p>Parka Martine p\u00eache Grace &amp; Mila durable et \u00e9thique \u2713 Livraison rapide &amp; paiement en x3 ou x4.<\/p>\n<p style=\"margin:0px;font-style:normal;font-size:13px;line-height:normal;font-family:'Helvetica Neue'\">V\u00e9ritable coup de coeur pour cette parka tendance et d\u00e9contract\u00e9e.<\/p>\n<p style=\"margin:0px;font-style:normal;font-size:13px;line-height:normal;font-family:'Helvetica Neue'\">\n<p style=\"margin:0px;font-style:normal;font-size:13px;line-height:normal;font-family:'Helvetica Neue'\">Un tissu l\u00e9ger et imperm\u00e9able qui conviendra parfaitement pour la mi-saison. Avec sa capuche et ses manches longues, Martine deviendra un incontournable de votre dressing pour les journ\u00e9es fraiches ou pluvieuses. La parka courte Martine rejoint la gamme en fibres naturelles de la marque.<\/p>\n<p style=\"margin:0px;font-style:normal;font-size:13px;line-height:normal;font-family:'Helvetica Neue'\">Le conseil sizing : Prenez votre taille habituelle. Le mannequin mesure 1m70 et porte une taille S\/M.&#8221;<\/p>\n<p>Mati\u00e8re: 50% Coton, 50% Polyester<\/p>\n","protected":false},"excerpt":{"rendered":"<p>Parka Martine p\u00eache Grace &amp; Mila durable et \u00e9thique \u2713 Livraison rapide &amp; paiement en x3 ou x4. V\u00e9ritable coup de coeur pour cette parka tendance et d\u00e9contract\u00e9e. Un tissu l\u00e9ger et imperm\u00e9able qui conviendra parfaitement pour la mi-saison. Avec sa capuche et ses manches longues, Martine deviendra un incontournable de votre dressing pour les [&hellip;]<\/p>\n","protected":false},"featured_media":703991,"comment_status":"open","ping_status":"closed","template":"","meta":[],"product_brand":[],"product_cat":[1756,1762],"product_tag":[2244],"acf":[],"_links":{"self":[{"href":"https:\/\/streetmarkets.fr\/app\/wp-json\/wp\/v2\/product\/703990"}],"collection":[{"href":"https:\/\/streetmarkets.fr\/app\/wp-json\/wp\/v2\/product"}],"about":[{"href":"https:\/\/streetmarkets.fr\/app\/wp-json\/wp\/v2\/types\/product"}],"replies":[{"embeddable":true,"href":"https:\/\/streetmarkets.fr\/app\/wp-json\/wp\/v2\/comments?post=703990"}],"wp:featuredmedia":[{"embeddable":true,"href":"https:\/\/streetmarkets.fr\/app\/wp-json\/wp\/v2\/media\/703991"}],"wp:attachment":[{"href":"https:\/\/streetmarkets.fr\/app\/wp-json\/wp\/v2\/media?parent=703990"}],"wp:term":[{"taxonomy":"product_brand","embeddable":true,"href":"https:\/\/streetmarkets.fr\/app\/wp-json\/wp\/v2\/product_brand?post=703990"},{"taxonomy":"product_cat","embeddable":true,"href":"https:\/\/streetmarkets.fr\/app\/wp-json\/wp\/v2\/product_cat?post=703990"},{"taxonomy":"product_tag","embeddable":true,"href":"https:\/\/streetmarkets.fr\/app\/wp-json\/wp\/v2\/product_tag?post=703990"}],"curies":[{"name":"wp","href":"https:\/\/api.w.org\/{rel}","templated":true}]}}