{"id":703970,"date":"2024-10-15T10:32:44","date_gmt":"2024-10-15T08:32:44","guid":{"rendered":"https:\/\/streetmarkets.fr\/app\/produit\/pantalon-matisse-chocolat\/"},"modified":"2024-10-15T10:33:24","modified_gmt":"2024-10-15T08:33:24","slug":"pantalon-matisse-chocolat","status":"publish","type":"product","link":"https:\/\/streetmarkets.fr\/app\/produit\/pantalon-matisse-chocolat\/","title":{"rendered":"Pantalon Matisse chocolat"},"content":{"rendered":"<p>Pantalon Matisse chocolat Grace &amp; Mila durable et \u00e9thique \u2713 Livraison rapide &amp; paiement en x3 ou x4.<\/p>\n<p style=\"margin:0px;font-style:normal;font-size:13px;line-height:normal;font-family:'Helvetica Neue'\">Matisse est un pantalon long et large \u00e0 taille \u00e9lastiqu\u00e9e avec un lien \u00e0 la taille et des poches italiennes sur le c\u00f4t\u00e9.<\/p>\n<p style=\"margin:0px;font-style:normal;font-size:13px;line-height:normal;font-family:'Helvetica Neue'\">\n<p style=\"margin:0px;font-style:normal;font-size:13px;line-height:normal;font-family:'Helvetica Neue'\">Son style est d\u00e9contract\u00e9.<\/p>\n<p style=\"margin:0px;font-style:normal;font-size:13px;line-height:normal;font-family:'Helvetica Neue'\">\n<p style=\"margin:0px;font-style:normal;font-size:13px;line-height:normal;font-family:'Helvetica Neue'\">La silhouette : On adore le style boh\u00e8me chic du pantalon Matisse, un petit bijou \u00e0 ajouter \u00e0 sa garde-robe.<\/p>\n<p style=\"margin:0px;font-style:normal;font-size:13px;line-height:normal;font-family:'Helvetica Neue'\">\n<p style=\"margin:0px;font-style:normal;font-size:13px;line-height:normal;font-family:'Helvetica Neue'\">Confortable et \u00e9l\u00e9gant, vous adorerez porter ce pantalon \u00e0 taille \u00e9lastiqu\u00e9e ! Son tissu fluide et l\u00e9ger accompagnera chacun de vos mouvements pour une impression de mouvement et de l\u00e9g\u00e8ret\u00e9. Son lien \u00e0 la taille vous permettra de le resserrer pile \u00e0 la bonne taille. Matisse rejoint la gamme &#8220;&#8221;Un brin de vert&#8221;&#8221; en fibres naturelles de Grace &amp; Mila. \u00a0<\/p>\n<p>Le conseil sizing : Prenez votre taille habituelle. Notre mannequin mesure 1m70 et porte une taille S.&#8221;<\/p>\n<p style=\"margin:0px;font-style:normal;font-size:13px;line-height:normal;font-family:'Helvetica Neue'\">\n<p style=\"margin:0px;font-style:normal;font-size:13px;line-height:normal;font-family:'Helvetica Neue'\">Mati\u00e8re: 77% Viscose, 23% Nylon<\/p><\/p>\n","protected":false},"excerpt":{"rendered":"<p>Pantalon Matisse chocolat Grace &amp; Mila durable et \u00e9thique \u2713 Livraison rapide &amp; paiement en x3 ou x4. Matisse est un pantalon long et large \u00e0 taille \u00e9lastiqu\u00e9e avec un lien \u00e0 la taille et des poches italiennes sur le c\u00f4t\u00e9. Son style est d\u00e9contract\u00e9. La silhouette : On adore le style boh\u00e8me chic du [&hellip;]<\/p>\n","protected":false},"featured_media":703971,"comment_status":"open","ping_status":"closed","template":"","meta":[],"product_brand":[],"product_cat":[1756,1762],"product_tag":[2244],"acf":[],"_links":{"self":[{"href":"https:\/\/streetmarkets.fr\/app\/wp-json\/wp\/v2\/product\/703970"}],"collection":[{"href":"https:\/\/streetmarkets.fr\/app\/wp-json\/wp\/v2\/product"}],"about":[{"href":"https:\/\/streetmarkets.fr\/app\/wp-json\/wp\/v2\/types\/product"}],"replies":[{"embeddable":true,"href":"https:\/\/streetmarkets.fr\/app\/wp-json\/wp\/v2\/comments?post=703970"}],"wp:featuredmedia":[{"embeddable":true,"href":"https:\/\/streetmarkets.fr\/app\/wp-json\/wp\/v2\/media\/703971"}],"wp:attachment":[{"href":"https:\/\/streetmarkets.fr\/app\/wp-json\/wp\/v2\/media?parent=703970"}],"wp:term":[{"taxonomy":"product_brand","embeddable":true,"href":"https:\/\/streetmarkets.fr\/app\/wp-json\/wp\/v2\/product_brand?post=703970"},{"taxonomy":"product_cat","embeddable":true,"href":"https:\/\/streetmarkets.fr\/app\/wp-json\/wp\/v2\/product_cat?post=703970"},{"taxonomy":"product_tag","embeddable":true,"href":"https:\/\/streetmarkets.fr\/app\/wp-json\/wp\/v2\/product_tag?post=703970"}],"curies":[{"name":"wp","href":"https:\/\/api.w.org\/{rel}","templated":true}]}}