{"id":703950,"date":"2024-10-15T10:32:43","date_gmt":"2024-10-15T08:32:43","guid":{"rendered":"https:\/\/streetmarkets.fr\/app\/produit\/t-shirt-tao\/"},"modified":"2024-10-15T10:33:24","modified_gmt":"2024-10-15T08:33:24","slug":"t-shirt-tao","status":"publish","type":"product","link":"https:\/\/streetmarkets.fr\/app\/produit\/t-shirt-tao\/","title":{"rendered":"T-shirt Tao"},"content":{"rendered":"<p>T-shirt Tao Laure + Max durable et \u00e9thique \u2713 Livraison rapide &amp; paiement en x3 ou x4.<\/p>\n<p style=\"margin:0px 0px 20px;font-size:16px;font-family:Midnight36;border:0px solid\">Marini\u00e8re de la saison avec ses rayures comme peintes sur le tissu.<\/p>\n<p style=\"margin:0px 0px 20px;font-size:16px;font-family:Midnight36;border:0px solid\">Elle saura s&#8217;adapter \u00e0 votre garde robe.<\/p>\n<p style=\"margin:0px 0px 20px;font-size:16px;font-family:Midnight36;border:0px solid\">\u00c0 adopter d&#8217;urgence !<\/p>\n<p style=\"margin:0px;font-size:16px;font-family:Midnight36;border:0px solid\">&#8211; T-shirt ray\u00e9 loose<br style=\"border:0px solid\" \/>&#8211; Manches longues raglans<br style=\"border:0px solid\" \/>&#8211; Encolure ronde avec bord c\u00f4te uni<\/p>\n<p style=\"margin:0px;font-size:16px;font-family:Midnight36;border:0px solid\">\n<p style=\"margin:0px;font-size:16px;font-family:Midnight36;border:0px solid\">\u00a0 Mati\u00e8re: 46% Coton 46% Polyester 8% \u00c9lasthanne<\/p>\n","protected":false},"excerpt":{"rendered":"<p>T-shirt Tao Laure + Max durable et \u00e9thique \u2713 Livraison rapide &amp; paiement en x3 ou x4. Marini\u00e8re de la saison avec ses rayures comme peintes sur le tissu. Elle saura s&#8217;adapter \u00e0 votre garde robe. \u00c0 adopter d&#8217;urgence ! &#8211; T-shirt ray\u00e9 loose&#8211; Manches longues raglans&#8211; Encolure ronde avec bord c\u00f4te uni \u00a0 Mati\u00e8re: [&hellip;]<\/p>\n","protected":false},"featured_media":703951,"comment_status":"open","ping_status":"closed","template":"","meta":[],"product_brand":[],"product_cat":[1756,1762],"product_tag":[2244],"acf":[],"_links":{"self":[{"href":"https:\/\/streetmarkets.fr\/app\/wp-json\/wp\/v2\/product\/703950"}],"collection":[{"href":"https:\/\/streetmarkets.fr\/app\/wp-json\/wp\/v2\/product"}],"about":[{"href":"https:\/\/streetmarkets.fr\/app\/wp-json\/wp\/v2\/types\/product"}],"replies":[{"embeddable":true,"href":"https:\/\/streetmarkets.fr\/app\/wp-json\/wp\/v2\/comments?post=703950"}],"wp:featuredmedia":[{"embeddable":true,"href":"https:\/\/streetmarkets.fr\/app\/wp-json\/wp\/v2\/media\/703951"}],"wp:attachment":[{"href":"https:\/\/streetmarkets.fr\/app\/wp-json\/wp\/v2\/media?parent=703950"}],"wp:term":[{"taxonomy":"product_brand","embeddable":true,"href":"https:\/\/streetmarkets.fr\/app\/wp-json\/wp\/v2\/product_brand?post=703950"},{"taxonomy":"product_cat","embeddable":true,"href":"https:\/\/streetmarkets.fr\/app\/wp-json\/wp\/v2\/product_cat?post=703950"},{"taxonomy":"product_tag","embeddable":true,"href":"https:\/\/streetmarkets.fr\/app\/wp-json\/wp\/v2\/product_tag?post=703950"}],"curies":[{"name":"wp","href":"https:\/\/api.w.org\/{rel}","templated":true}]}}