{"id":703918,"date":"2024-10-15T10:32:41","date_gmt":"2024-10-15T08:32:41","guid":{"rendered":"https:\/\/streetmarkets.fr\/app\/produit\/top-roberto-neon-purple\/"},"modified":"2024-10-15T10:33:23","modified_gmt":"2024-10-15T08:33:23","slug":"top-roberto-neon-purple","status":"publish","type":"product","link":"https:\/\/streetmarkets.fr\/app\/produit\/top-roberto-neon-purple\/","title":{"rendered":"Top Roberto neon purple"},"content":{"rendered":"<p>Top Roberto neon purple Karma Koma durable et \u00e9thique \u2713 Livraison rapide &amp; paiement en x3 ou x4.<\/p>\n<p style=\"margin:0px;font-style:normal;font-size:13px;line-height:normal;font-family:'Helvetica Neue'\">Le top Roberto est une brassi\u00e8re de sport unique et originale. Fabriqu\u00e9e dans une mati\u00e8re stretch lurex il \u00e9pouse parfaitement le corps. On adore son d\u00e9collet\u00e9 en V et ses fines bretelles. La coupe du dos est droite et s&#8217;arr\u00eate l\u00e9g\u00e8rement au-dessus de la taille.\u00a0<\/p>\n<p style=\"margin:0px;font-style:normal;font-size:13px;line-height:normal;font-family:'Helvetica Neue'\">\n<p style=\"margin:0px;font-style:normal;font-size:13px;line-height:normal;font-family:'Helvetica Neue'\"><span style=\"text-decoration:underline\">Mati\u00e8re :<\/span><\/p>\n<p style=\"margin:0px;font-style:normal;font-size:13px;line-height:normal;font-family:'Helvetica Neue'\"><span style=\"text-decoration:underline\"><\/span><\/p>\n<p style=\"margin:0px;font-style:normal;font-size:13px;line-height:normal;font-family:'Helvetica Neue'\">Mati\u00e8re principale:<br \/>62% Polyamide\u00a0\u00a0\u00a0\u00a0 <br \/>35% Lurex\u00a0\u00a0\u00a0\u00a0\u00a0\u00a0\u00a0\u00a0\u00a0\u00a0\u00a0\u00a0\u00a0\u00a0\u00a0<br \/>3% Elasthanne <\/p>\n<p>Doublure:<br \/>95% Coton\u00a0\u00a0\u00a0\u00a0\u00a0\u00a0\u00a0\u00a0\u00a0\u00a0\u00a0\u00a0\u00a0\u00a0 <br \/>5% Elasthanne<\/p>\n<p style=\"margin:0px;font-style:normal;font-size:13px;line-height:normal;font-family:'Helvetica Neue'\">\n<p style=\"margin:0px;font-style:normal;font-size:13px;line-height:normal;font-family:'Helvetica Neue'\"><span style=\"text-decoration:underline\">Entretien :<\/span><\/p>\n<p style=\"margin:0px;font-style:normal;font-size:13px;line-height:normal;font-family:'Helvetica Neue'\"><span style=\"text-decoration:underline\"><\/span><\/p>\n<p style=\"margin:0px;font-style:normal;font-size:13px;line-height:normal;font-family:'Helvetica Neue'\">Lavage 30\u00b0 d\u00e9licat<br \/>Pas de blanchissement<br \/>Pas de s\u00e9chage en tambour<br \/>Repassage \u00e0 temp\u00e9rature faible<\/p>\n","protected":false},"excerpt":{"rendered":"<p>Top Roberto neon purple Karma Koma durable et \u00e9thique \u2713 Livraison rapide &amp; paiement en x3 ou x4. Le top Roberto est une brassi\u00e8re de sport unique et originale. Fabriqu\u00e9e dans une mati\u00e8re stretch lurex il \u00e9pouse parfaitement le corps. On adore son d\u00e9collet\u00e9 en V et ses fines bretelles. La coupe du dos est [&hellip;]<\/p>\n","protected":false},"featured_media":703919,"comment_status":"open","ping_status":"closed","template":"","meta":[],"product_brand":[],"product_cat":[1756,1762],"product_tag":[2244],"acf":[],"_links":{"self":[{"href":"https:\/\/streetmarkets.fr\/app\/wp-json\/wp\/v2\/product\/703918"}],"collection":[{"href":"https:\/\/streetmarkets.fr\/app\/wp-json\/wp\/v2\/product"}],"about":[{"href":"https:\/\/streetmarkets.fr\/app\/wp-json\/wp\/v2\/types\/product"}],"replies":[{"embeddable":true,"href":"https:\/\/streetmarkets.fr\/app\/wp-json\/wp\/v2\/comments?post=703918"}],"wp:featuredmedia":[{"embeddable":true,"href":"https:\/\/streetmarkets.fr\/app\/wp-json\/wp\/v2\/media\/703919"}],"wp:attachment":[{"href":"https:\/\/streetmarkets.fr\/app\/wp-json\/wp\/v2\/media?parent=703918"}],"wp:term":[{"taxonomy":"product_brand","embeddable":true,"href":"https:\/\/streetmarkets.fr\/app\/wp-json\/wp\/v2\/product_brand?post=703918"},{"taxonomy":"product_cat","embeddable":true,"href":"https:\/\/streetmarkets.fr\/app\/wp-json\/wp\/v2\/product_cat?post=703918"},{"taxonomy":"product_tag","embeddable":true,"href":"https:\/\/streetmarkets.fr\/app\/wp-json\/wp\/v2\/product_tag?post=703918"}],"curies":[{"name":"wp","href":"https:\/\/api.w.org\/{rel}","templated":true}]}}