{"id":703877,"date":"2024-10-15T10:32:01","date_gmt":"2024-10-15T08:32:01","guid":{"rendered":"https:\/\/streetmarkets.fr\/app\/produit\/chemise-matriochka-bleu\/"},"modified":"2024-10-15T10:32:38","modified_gmt":"2024-10-15T08:32:38","slug":"chemise-matriochka-bleu","status":"publish","type":"product","link":"https:\/\/streetmarkets.fr\/app\/produit\/chemise-matriochka-bleu\/","title":{"rendered":"Chemise Matriochka bleu"},"content":{"rendered":"<p>Chemise Matriochka bleu Grace &amp; Mila durable et \u00e9thique \u2713 Livraison rapide &amp; paiement en x3 ou x4.<\/p>\n<p style=\"margin:0px;font-style:normal;font-size:13px;line-height:normal;font-family:'Helvetica Neue'\">Quoi de mieux qu&#8217;une chemise fluide, l\u00e9g\u00e8re et sans manches pour vous accompagner lors des journ\u00e9es ensoleill\u00e9es. MATRIOCHKA saura se faire une place de choix dans votre dressing. V\u00e9ritable coup de coeur pour son imprim\u00e9 exclusif Grace &amp; Mila tachet\u00e9 bleu et orange et pour sa coupe inspir\u00e9s du style m\u00e9diterran\u00e9en. Cette pi\u00e8ce en 100% rayonne rejoint notre gamme en fibres naturelles &#8220;&#8221;Un brin de vert&#8221;&#8221;. <\/p>\n<p>Comment porter une chemise \u00e0 imprim\u00e9 ? La blouse pour femme Matriochka est associ\u00e9e au pantalon Masha du m\u00eame imprim\u00e9. C\u2019est le parfait ensemble pour \u00eatre \u00e9l\u00e9gante et chic tant en \u00e9tant confortable. On adore cette silhouette l\u00e9g\u00e8re et a\u00e9rienne, cet ensemble est v\u00e9ritablement un de nos crush de la saison. <\/p>\n<p>Le conseil sizing : Prenez votre taille habituelle. Notre mannequin mesure 1m70 pour 59 cm de tour de taille, 87 cm de tour de hanches et porte une taille S.&#8221;<span class=\"Apple-tab-span\"> <\/span><\/p>\n<p style=\"margin:0px;font-style:normal;font-size:13px;line-height:normal;font-family:'Helvetica Neue'\">\n<p style=\"margin:0px;font-style:normal;font-size:13px;line-height:normal;font-family:'Helvetica Neue'\">Mati\u00e8re: 100% Rayonne\u00a0<\/p>\n","protected":false},"excerpt":{"rendered":"<p>Chemise Matriochka bleu Grace &amp; Mila durable et \u00e9thique \u2713 Livraison rapide &amp; paiement en x3 ou x4. Quoi de mieux qu&#8217;une chemise fluide, l\u00e9g\u00e8re et sans manches pour vous accompagner lors des journ\u00e9es ensoleill\u00e9es. MATRIOCHKA saura se faire une place de choix dans votre dressing. V\u00e9ritable coup de coeur pour son imprim\u00e9 exclusif Grace [&hellip;]<\/p>\n","protected":false},"featured_media":703878,"comment_status":"open","ping_status":"closed","template":"","meta":[],"product_brand":[],"product_cat":[1756,1758],"product_tag":[2244],"acf":[],"_links":{"self":[{"href":"https:\/\/streetmarkets.fr\/app\/wp-json\/wp\/v2\/product\/703877"}],"collection":[{"href":"https:\/\/streetmarkets.fr\/app\/wp-json\/wp\/v2\/product"}],"about":[{"href":"https:\/\/streetmarkets.fr\/app\/wp-json\/wp\/v2\/types\/product"}],"replies":[{"embeddable":true,"href":"https:\/\/streetmarkets.fr\/app\/wp-json\/wp\/v2\/comments?post=703877"}],"wp:featuredmedia":[{"embeddable":true,"href":"https:\/\/streetmarkets.fr\/app\/wp-json\/wp\/v2\/media\/703878"}],"wp:attachment":[{"href":"https:\/\/streetmarkets.fr\/app\/wp-json\/wp\/v2\/media?parent=703877"}],"wp:term":[{"taxonomy":"product_brand","embeddable":true,"href":"https:\/\/streetmarkets.fr\/app\/wp-json\/wp\/v2\/product_brand?post=703877"},{"taxonomy":"product_cat","embeddable":true,"href":"https:\/\/streetmarkets.fr\/app\/wp-json\/wp\/v2\/product_cat?post=703877"},{"taxonomy":"product_tag","embeddable":true,"href":"https:\/\/streetmarkets.fr\/app\/wp-json\/wp\/v2\/product_tag?post=703877"}],"curies":[{"name":"wp","href":"https:\/\/api.w.org\/{rel}","templated":true}]}}