{"id":703846,"date":"2024-10-15T10:32:00","date_gmt":"2024-10-15T08:32:00","guid":{"rendered":"https:\/\/streetmarkets.fr\/app\/produit\/debardeur-tonia-rayures-menthe\/"},"modified":"2024-10-15T10:32:37","modified_gmt":"2024-10-15T08:32:37","slug":"debardeur-tonia-rayures-menthe","status":"publish","type":"product","link":"https:\/\/streetmarkets.fr\/app\/produit\/debardeur-tonia-rayures-menthe\/","title":{"rendered":"D\u00e9bardeur Tonia (rayures menthe)"},"content":{"rendered":"<p>D\u00e9bardeur Tonia (rayures menthe) Laure + Max durable et \u00e9thique \u2713 Livraison rapide &amp; paiement en x3 ou x4.<\/p>\n<p style=\"margin:0px 0px 20px;font-size:16px;font-family:Midnight36;border:0px solid\">Voici le d\u00e9bardeur TONIA et ses jolies rayures.<\/p>\n<p style=\"margin:0px 0px 20px;font-size:16px;font-family:Midnight36;border:0px solid\">N&#8217;h\u00e9sitez pas \u00e0 le porter avec une chemise au dessus pour le printemps ou bien tout seul pour l&#8217;\u00e9t\u00e9 !<\/p>\n<p style=\"margin:0px;font-size:16px;font-family:Midnight36;border:0px solid\">&#8211; D\u00e9bardeur ray\u00e9<br style=\"border:0px solid\" \/>&#8211; Pr\u00e8s du corps<br style=\"border:0px solid\" \/>&#8211; Bords c\u00f4tes unis \u00e0 l&#8217;encolure et aux emmanchures<\/p>\n<p style=\"margin:0px;font-size:16px;font-family:Midnight36;border:0px solid\">\n<p style=\"margin:0px;font-size:16px;font-family:Midnight36;border:0px solid\">Mati\u00e8re: 47% Viscose 47% Polyester 6% \u00c9lasthanne<\/p>\n","protected":false},"excerpt":{"rendered":"<p>D\u00e9bardeur Tonia (rayures menthe) Laure + Max durable et \u00e9thique \u2713 Livraison rapide &amp; paiement en x3 ou x4. Voici le d\u00e9bardeur TONIA et ses jolies rayures. N&#8217;h\u00e9sitez pas \u00e0 le porter avec une chemise au dessus pour le printemps ou bien tout seul pour l&#8217;\u00e9t\u00e9 ! &#8211; D\u00e9bardeur ray\u00e9&#8211; Pr\u00e8s du corps&#8211; Bords c\u00f4tes [&hellip;]<\/p>\n","protected":false},"featured_media":703848,"comment_status":"open","ping_status":"closed","template":"","meta":[],"product_brand":[],"product_cat":[1756,1758],"product_tag":[2244],"acf":[],"_links":{"self":[{"href":"https:\/\/streetmarkets.fr\/app\/wp-json\/wp\/v2\/product\/703846"}],"collection":[{"href":"https:\/\/streetmarkets.fr\/app\/wp-json\/wp\/v2\/product"}],"about":[{"href":"https:\/\/streetmarkets.fr\/app\/wp-json\/wp\/v2\/types\/product"}],"replies":[{"embeddable":true,"href":"https:\/\/streetmarkets.fr\/app\/wp-json\/wp\/v2\/comments?post=703846"}],"wp:featuredmedia":[{"embeddable":true,"href":"https:\/\/streetmarkets.fr\/app\/wp-json\/wp\/v2\/media\/703848"}],"wp:attachment":[{"href":"https:\/\/streetmarkets.fr\/app\/wp-json\/wp\/v2\/media?parent=703846"}],"wp:term":[{"taxonomy":"product_brand","embeddable":true,"href":"https:\/\/streetmarkets.fr\/app\/wp-json\/wp\/v2\/product_brand?post=703846"},{"taxonomy":"product_cat","embeddable":true,"href":"https:\/\/streetmarkets.fr\/app\/wp-json\/wp\/v2\/product_cat?post=703846"},{"taxonomy":"product_tag","embeddable":true,"href":"https:\/\/streetmarkets.fr\/app\/wp-json\/wp\/v2\/product_tag?post=703846"}],"curies":[{"name":"wp","href":"https:\/\/api.w.org\/{rel}","templated":true}]}}