{"id":703834,"date":"2024-10-15T10:32:00","date_gmt":"2024-10-15T08:32:00","guid":{"rendered":"https:\/\/streetmarkets.fr\/app\/produit\/jupe-longue-save-hk-green\/"},"modified":"2024-10-15T10:32:37","modified_gmt":"2024-10-15T08:32:37","slug":"jupe-longue-save-hk-green","status":"publish","type":"product","link":"https:\/\/streetmarkets.fr\/app\/produit\/jupe-longue-save-hk-green\/","title":{"rendered":"Jupe longue Save HK Green"},"content":{"rendered":"<p>Jupe longue Save HK Green Karma Koma durable et \u00e9thique \u2713 Livraison rapide &amp; paiement en x3 ou x4.<\/p>\n<p style=\"margin:0px;font-style:normal;font-size:13px;line-height:normal;font-family:'Helvetica Neue'\">La juge longue Save propose une forme portefeuille tr\u00e8s fluide qui donne de l&#8217;ampleur \u00e0 chaque mouvement et lui conf\u00e8re toute son \u00e9l\u00e9gance.<\/p>\n<p style=\"margin:0px;font-style:normal;font-size:13px;line-height:normal;font-family:'Helvetica Neue'\">\n<p style=\"margin:0px;font-style:normal;font-size:13px;line-height:normal;font-family:'Helvetica Neue'\">R\u00e9alis\u00e9e dans une mati\u00e8re l\u00e9g\u00e8re, le mod\u00e8le est id\u00e9al pour la mi-saison. L\u2019aspect satin\u00e9 apporte de la lumi\u00e8re et offre \u00e0 cette jupe une allure habill\u00e9e.<\/p>\n<p style=\"margin:0px;font-style:normal;font-size:13px;line-height:normal;font-family:'Helvetica Neue'\">\n<p style=\"margin:0px;font-style:normal;font-size:13px;line-height:normal;font-family:'Helvetica Neue'\">Elle est con\u00e7ue de mani\u00e8re \u00e0 offrir une fente sur le c\u00f4t\u00e9 pour d\u00e9voiler les jambes au rythme de vos pas.<\/p>\n<p style=\"margin:0px;font-style:normal;font-size:13px;line-height:normal;font-family:'Helvetica Neue'\">\n<p style=\"margin:0px;font-style:normal;font-size:13px;line-height:normal;font-family:'Helvetica Neue'\">La silhouette est joliment dessin\u00e9e; c&#8217;est la jupe \u00e0 rev\u00eatir pour un look de jour \u00e9l\u00e9gant !<\/p>\n<p style=\"margin:0px;font-style:normal;font-size:13px;line-height:normal;font-family:'Helvetica Neue'\">\n<p style=\"margin-top:0px;margin-bottom:0.5rem;color:#282828;font-family:Raleway, '-apple-system', BlinkMacSystemFont, 'Segoe UI', Roboto, 'Helvetica Neue', Arial, sans-serif, 'Apple Color Emoji', 'Segoe UI Emoji', 'Segoe UI Symbol';font-size:14px\">Jupe longue portefeuille.<br \/>&#8211; Mati\u00e8re fluide et satin\u00e9e<br \/>&#8211; Fente sur le c\u00f4t\u00e9<br \/>&#8211; Taille ceintr\u00e9e par des pinces<br \/>&#8211; Fermeture \u00e0 glissi\u00e8re \u00e0 l&#8217;arri\u00e8re<\/p>\n<p style=\"margin-top:0px;margin-bottom:0.5rem;color:#282828;font-family:Raleway, '-apple-system', BlinkMacSystemFont, 'Segoe UI', Roboto, 'Helvetica Neue', Arial, sans-serif, 'Apple Color Emoji', 'Segoe UI Emoji', 'Segoe UI Symbol';font-size:14px\">Le mannequin mesure 1m75 et portent du S.\u00a0<\/p>\n<p style=\"margin-top:0px;margin-bottom:0.5rem;color:#282828;font-family:Raleway, '-apple-system', BlinkMacSystemFont, 'Segoe UI', Roboto, 'Helvetica Neue', Arial, sans-serif, 'Apple Color Emoji', 'Segoe UI Emoji', 'Segoe UI Symbol';font-size:14px\"><u>Mati\u00e8re<\/u><\/p>\n<p style=\"margin-top:0px;margin-bottom:0.5rem;color:#282828;font-family:Raleway, '-apple-system', BlinkMacSystemFont, 'Segoe UI', Roboto, 'Helvetica Neue', Arial, sans-serif, 'Apple Color Emoji', 'Segoe UI Emoji', 'Segoe UI Symbol';font-size:14px\">Mati\u00e8re principale :<br \/>45% Nylon<br \/>55% Viscose<\/p>\n<p style=\"margin-top:0px;margin-bottom:0.5rem;color:#282828;font-family:Raleway, '-apple-system', BlinkMacSystemFont, 'Segoe UI', Roboto, 'Helvetica Neue', Arial, sans-serif, 'Apple Color Emoji', 'Segoe UI Emoji', 'Segoe UI Symbol';font-size:14px\"><u>Entretien<\/u><\/p>\n<p style=\"margin-top:0px;margin-bottom:0.5rem;color:#282828;font-family:Raleway, '-apple-system', BlinkMacSystemFont, 'Segoe UI', Roboto, 'Helvetica Neue', Arial, sans-serif, 'Apple Color Emoji', 'Segoe UI Emoji', 'Segoe UI Symbol';font-size:14px\">Lavage 30\u00b0 d\u00e9licat<br \/>Pas de blanchissement<br \/>Pas de s\u00e9chage en tambour<br \/>Repassage \u00e0 temp\u00e9rature faible<\/p>\n","protected":false},"excerpt":{"rendered":"<p>Jupe longue Save HK Green Karma Koma durable et \u00e9thique \u2713 Livraison rapide &amp; paiement en x3 ou x4. La juge longue Save propose une forme portefeuille tr\u00e8s fluide qui donne de l&#8217;ampleur \u00e0 chaque mouvement et lui conf\u00e8re toute son \u00e9l\u00e9gance. R\u00e9alis\u00e9e dans une mati\u00e8re l\u00e9g\u00e8re, le mod\u00e8le est id\u00e9al pour la mi-saison. L\u2019aspect [&hellip;]<\/p>\n","protected":false},"featured_media":703835,"comment_status":"open","ping_status":"closed","template":"","meta":[],"product_brand":[],"product_cat":[1756,1758],"product_tag":[2244],"acf":[],"_links":{"self":[{"href":"https:\/\/streetmarkets.fr\/app\/wp-json\/wp\/v2\/product\/703834"}],"collection":[{"href":"https:\/\/streetmarkets.fr\/app\/wp-json\/wp\/v2\/product"}],"about":[{"href":"https:\/\/streetmarkets.fr\/app\/wp-json\/wp\/v2\/types\/product"}],"replies":[{"embeddable":true,"href":"https:\/\/streetmarkets.fr\/app\/wp-json\/wp\/v2\/comments?post=703834"}],"wp:featuredmedia":[{"embeddable":true,"href":"https:\/\/streetmarkets.fr\/app\/wp-json\/wp\/v2\/media\/703835"}],"wp:attachment":[{"href":"https:\/\/streetmarkets.fr\/app\/wp-json\/wp\/v2\/media?parent=703834"}],"wp:term":[{"taxonomy":"product_brand","embeddable":true,"href":"https:\/\/streetmarkets.fr\/app\/wp-json\/wp\/v2\/product_brand?post=703834"},{"taxonomy":"product_cat","embeddable":true,"href":"https:\/\/streetmarkets.fr\/app\/wp-json\/wp\/v2\/product_cat?post=703834"},{"taxonomy":"product_tag","embeddable":true,"href":"https:\/\/streetmarkets.fr\/app\/wp-json\/wp\/v2\/product_tag?post=703834"}],"curies":[{"name":"wp","href":"https:\/\/api.w.org\/{rel}","templated":true}]}}