{"id":703803,"date":"2024-10-15T10:31:59","date_gmt":"2024-10-15T08:31:59","guid":{"rendered":"https:\/\/streetmarkets.fr\/app\/produit\/robe-longue-faustina-orezza\/"},"modified":"2024-10-15T10:32:37","modified_gmt":"2024-10-15T08:32:37","slug":"robe-longue-faustina-orezza","status":"publish","type":"product","link":"https:\/\/streetmarkets.fr\/app\/produit\/robe-longue-faustina-orezza\/","title":{"rendered":"Robe Longue Faustina Orezza"},"content":{"rendered":"<p>Robe Longue Faustina Orezza Karma Koma durable et \u00e9thique \u2713 Livraison rapide &amp; paiement en x3 ou x4.<\/p>\n<p>a<\/p>\n<p>La robe longue FAUSTINA r\u00e9unit tous les codes Karma Koma : un d\u00e9collet\u00e9 en V prononc\u00e9, un dos compl\u00e8tement ouvert et une mati\u00e8re l\u00e9g\u00e8re et vaporeuse.<\/p>\n<p>Dot\u00e9e de plis, le haut de la robe est loose et ajust\u00e9 au niveau de la taille. Le bas du mod\u00e8le est fendu sur le c\u00f4t\u00e9 gauche pour plus de f\u00e9minit\u00e9.<\/p>\n<p>Un empi\u00e8cement \u00e9lastique est positionn\u00e9 au niveau de la chute des reins pour gagner en confort.<\/p>\n<p>Mati\u00e8re : 100% rayonne<\/p>\n<p>Marque : Karma Koma<\/p>\n<p>Existe \u00e9galement en d&#8217;autres coloris.<\/p><\/p>\n","protected":false},"excerpt":{"rendered":"<p>Robe Longue Faustina Orezza Karma Koma durable et \u00e9thique \u2713 Livraison rapide &amp; paiement en x3 ou x4. a La robe longue FAUSTINA r\u00e9unit tous les codes Karma Koma : un d\u00e9collet\u00e9 en V prononc\u00e9, un dos compl\u00e8tement ouvert et une mati\u00e8re l\u00e9g\u00e8re et vaporeuse. Dot\u00e9e de plis, le haut de la robe est loose [&hellip;]<\/p>\n","protected":false},"featured_media":703804,"comment_status":"open","ping_status":"closed","template":"","meta":[],"product_brand":[],"product_cat":[1756,1758],"product_tag":[2244],"acf":[],"_links":{"self":[{"href":"https:\/\/streetmarkets.fr\/app\/wp-json\/wp\/v2\/product\/703803"}],"collection":[{"href":"https:\/\/streetmarkets.fr\/app\/wp-json\/wp\/v2\/product"}],"about":[{"href":"https:\/\/streetmarkets.fr\/app\/wp-json\/wp\/v2\/types\/product"}],"replies":[{"embeddable":true,"href":"https:\/\/streetmarkets.fr\/app\/wp-json\/wp\/v2\/comments?post=703803"}],"wp:featuredmedia":[{"embeddable":true,"href":"https:\/\/streetmarkets.fr\/app\/wp-json\/wp\/v2\/media\/703804"}],"wp:attachment":[{"href":"https:\/\/streetmarkets.fr\/app\/wp-json\/wp\/v2\/media?parent=703803"}],"wp:term":[{"taxonomy":"product_brand","embeddable":true,"href":"https:\/\/streetmarkets.fr\/app\/wp-json\/wp\/v2\/product_brand?post=703803"},{"taxonomy":"product_cat","embeddable":true,"href":"https:\/\/streetmarkets.fr\/app\/wp-json\/wp\/v2\/product_cat?post=703803"},{"taxonomy":"product_tag","embeddable":true,"href":"https:\/\/streetmarkets.fr\/app\/wp-json\/wp\/v2\/product_tag?post=703803"}],"curies":[{"name":"wp","href":"https:\/\/api.w.org\/{rel}","templated":true}]}}