{"id":703788,"date":"2024-10-15T10:31:58","date_gmt":"2024-10-15T08:31:58","guid":{"rendered":"https:\/\/streetmarkets.fr\/app\/produit\/jupe-longue-april-ultra-violet\/"},"modified":"2024-10-15T10:32:37","modified_gmt":"2024-10-15T08:32:37","slug":"jupe-longue-april-ultra-violet","status":"publish","type":"product","link":"https:\/\/streetmarkets.fr\/app\/produit\/jupe-longue-april-ultra-violet\/","title":{"rendered":"Jupe longue April ultra violet"},"content":{"rendered":"<p>Jupe longue April ultra violet Karma Koma durable et \u00e9thique \u2713 Livraison rapide &amp; paiement en x3 ou x4.<\/p>\n<p style=\"margin:0px;font-style:normal;font-size:13px;line-height:normal;font-family:'Helvetica Neue'\">La jupe longue April nous embarque directement sous le soleil de Bali o\u00f9 elle est confectionn\u00e9e : sa ceinture finement pliss\u00e9e et sa finition \u00e9vas\u00e9e marquera \u00e0 la perfection votre taille. Le devant et le dos de notre mod\u00e8le se croisent sur le c\u00f4t\u00e9 cr\u00e9ant une fente prononc\u00e9e d\u00e9voilant enti\u00e8rement la jambe, rendant le tout un brin plus sensuelle.<\/p>\n<p style=\"margin:0px;font-style:normal;font-size:13px;line-height:normal;font-family:'Helvetica Neue'\">\n<p style=\"margin:0px;font-style:normal;font-size:13px;line-height:normal;font-family:'Helvetica Neue'\"><span style=\"text-decoration:underline\">Mati\u00e8re :<\/span><\/p>\n<p style=\"margin:0px;font-style:normal;font-size:13px;line-height:normal;font-family:'Helvetica Neue'\"><span style=\"text-decoration:underline\"><\/span><\/p>\n<p style=\"margin:0px;font-style:normal;font-size:13px;line-height:normal;font-family:'Helvetica Neue'\">Mati\u00e8re principale :\u00a0 \u00a0 <br \/>100% Rayonne\u00a0\u00a0<\/p>\n<p style=\"margin:0px;font-style:normal;font-size:13px;line-height:normal;font-family:'Helvetica Neue'\"><span style=\"text-decoration:underline\">Entretien :<\/span><\/p>\n<p style=\"margin:0px;font-style:normal;font-size:13px;line-height:normal;font-family:'Helvetica Neue'\"><span style=\"text-decoration:underline\"><\/span><\/p>\n<p style=\"margin:0px;font-style:normal;font-size:13px;line-height:normal;font-family:'Helvetica Neue'\">Lavage \u00e0 30\u00b0\u00a0 \u00a0 \u00a0 \u00a0 \u00a0 \u00a0 \u00a0 \u00a0 \u00a0 \u00a0 \u00a0 \u00a0 \u00a0 \u00a0 \u00a0 \u00a0 \u00a0 \u00a0 \u00a0 <br \/>Pas de blanchissement\u00a0 \u00a0 \u00a0 \u00a0 \u00a0 <br \/>Pas de s\u00e9chage en tambour\u00a0 \u00a0 \u00a0 \u00a0 \u00a0 \u00a0 \u00a0 \u00a0 \u00a0 \u00a0 \u00a0 \u00a0 \u00a0 \u00a0 \u00a0 \u00a0 <br \/>Repassage \u00e0 faible temp\u00e9rature<\/p>\n","protected":false},"excerpt":{"rendered":"<p>Jupe longue April ultra violet Karma Koma durable et \u00e9thique \u2713 Livraison rapide &amp; paiement en x3 ou x4. La jupe longue April nous embarque directement sous le soleil de Bali o\u00f9 elle est confectionn\u00e9e : sa ceinture finement pliss\u00e9e et sa finition \u00e9vas\u00e9e marquera \u00e0 la perfection votre taille. Le devant et le dos [&hellip;]<\/p>\n","protected":false},"featured_media":703789,"comment_status":"open","ping_status":"closed","template":"","meta":[],"product_brand":[],"product_cat":[1756,1758],"product_tag":[2244],"acf":[],"_links":{"self":[{"href":"https:\/\/streetmarkets.fr\/app\/wp-json\/wp\/v2\/product\/703788"}],"collection":[{"href":"https:\/\/streetmarkets.fr\/app\/wp-json\/wp\/v2\/product"}],"about":[{"href":"https:\/\/streetmarkets.fr\/app\/wp-json\/wp\/v2\/types\/product"}],"replies":[{"embeddable":true,"href":"https:\/\/streetmarkets.fr\/app\/wp-json\/wp\/v2\/comments?post=703788"}],"wp:featuredmedia":[{"embeddable":true,"href":"https:\/\/streetmarkets.fr\/app\/wp-json\/wp\/v2\/media\/703789"}],"wp:attachment":[{"href":"https:\/\/streetmarkets.fr\/app\/wp-json\/wp\/v2\/media?parent=703788"}],"wp:term":[{"taxonomy":"product_brand","embeddable":true,"href":"https:\/\/streetmarkets.fr\/app\/wp-json\/wp\/v2\/product_brand?post=703788"},{"taxonomy":"product_cat","embeddable":true,"href":"https:\/\/streetmarkets.fr\/app\/wp-json\/wp\/v2\/product_cat?post=703788"},{"taxonomy":"product_tag","embeddable":true,"href":"https:\/\/streetmarkets.fr\/app\/wp-json\/wp\/v2\/product_tag?post=703788"}],"curies":[{"name":"wp","href":"https:\/\/api.w.org\/{rel}","templated":true}]}}