{"id":703766,"date":"2024-10-15T10:31:58","date_gmt":"2024-10-15T08:31:58","guid":{"rendered":"https:\/\/streetmarkets.fr\/app\/produit\/cardigan-madisson-ecru\/"},"modified":"2024-10-15T10:32:37","modified_gmt":"2024-10-15T08:32:37","slug":"cardigan-madisson-ecru","status":"publish","type":"product","link":"https:\/\/streetmarkets.fr\/app\/produit\/cardigan-madisson-ecru\/","title":{"rendered":"Cardigan Madisson ecru"},"content":{"rendered":"<p>Cardigan Madisson ecru Grace &amp; Mila durable et \u00e9thique \u2713 Livraison rapide &amp; paiement en x3 ou x4.<\/p>\n<p style=\"margin:0px;font-style:normal;font-size:13px;line-height:normal;font-family:'Helvetica Neue'\">Pour plus de versatilit\u00e9 et d&#8217;originalit\u00e9, le cardigan \u00e0 col V et col rond peut se porter dans les deux sens. On craque pour son tissu doux id\u00e9al pour la mi-saison.\u00a0<\/p>\n<p style=\"margin:0px;font-style:normal;font-size:13px;line-height:normal;font-family:'Helvetica Neue'\">\n<p style=\"margin:0px;font-style:normal;font-size:13px;line-height:normal;font-family:'Helvetica Neue'\">Avec ses finitions festonn\u00e9es au col et \u00e0 la patte de boutonnage, le MADISSON est un ravissant cardigan, f\u00e9minin et chaud, qui pourra accompagner chacune de vos tenues. Ce ravissant cardigan en laine certifi\u00e9e RWS et alpaga rejoint la gamme &#8220;&#8221;Collective&#8221;&#8221;\u00a0100% \u00e9co-responsable certifi\u00e9e de Grace &amp; Mila.<\/p>\n<p>Comment porter un cardigan en laine ? Le cardigan en laine MADISSON peut \u00eatre associ\u00e9 \u00e0 un jean brut, un look du quotidien efficace et f\u00e9minin. On aime aussi porter le cardigan \u00e0 manches longues Madison avec une jupe pour une silhouette a\u00e9rienne et d\u00e9contract\u00e9e. Pourquoi pas ne pas ajouter une jolie paire de boucles d&#8217;oreilles Grace &amp; Mila pour rappeler le d\u00e9tail des boutons dor\u00e9s du cardigan.<\/p>\n<p>Le conseil sizing :Prenez votre taille habituelle.<\/p>\n<p style=\"margin:0px;font-style:normal;font-size:13px;line-height:normal;font-family:'Helvetica Neue'\">\n<p style=\"margin:0px;font-style:normal;font-size:13px;line-height:normal;font-family:'Helvetica Neue'\">Le mannequin mesure 1m70 pour 59 cm de tour de taille, 87 cm de tour de hanches et porte une taille S.&#8221;<\/p>\n<p style=\"margin:0px;font-style:normal;font-size:13px;line-height:normal;font-family:'Helvetica Neue'\">\n","protected":false},"excerpt":{"rendered":"<p>Cardigan Madisson ecru Grace &amp; Mila durable et \u00e9thique \u2713 Livraison rapide &amp; paiement en x3 ou x4. Pour plus de versatilit\u00e9 et d&#8217;originalit\u00e9, le cardigan \u00e0 col V et col rond peut se porter dans les deux sens. On craque pour son tissu doux id\u00e9al pour la mi-saison.\u00a0 Avec ses finitions festonn\u00e9es au col [&hellip;]<\/p>\n","protected":false},"featured_media":703767,"comment_status":"open","ping_status":"closed","template":"","meta":[],"product_brand":[],"product_cat":[1756,1758],"product_tag":[2244],"acf":[],"_links":{"self":[{"href":"https:\/\/streetmarkets.fr\/app\/wp-json\/wp\/v2\/product\/703766"}],"collection":[{"href":"https:\/\/streetmarkets.fr\/app\/wp-json\/wp\/v2\/product"}],"about":[{"href":"https:\/\/streetmarkets.fr\/app\/wp-json\/wp\/v2\/types\/product"}],"replies":[{"embeddable":true,"href":"https:\/\/streetmarkets.fr\/app\/wp-json\/wp\/v2\/comments?post=703766"}],"wp:featuredmedia":[{"embeddable":true,"href":"https:\/\/streetmarkets.fr\/app\/wp-json\/wp\/v2\/media\/703767"}],"wp:attachment":[{"href":"https:\/\/streetmarkets.fr\/app\/wp-json\/wp\/v2\/media?parent=703766"}],"wp:term":[{"taxonomy":"product_brand","embeddable":true,"href":"https:\/\/streetmarkets.fr\/app\/wp-json\/wp\/v2\/product_brand?post=703766"},{"taxonomy":"product_cat","embeddable":true,"href":"https:\/\/streetmarkets.fr\/app\/wp-json\/wp\/v2\/product_cat?post=703766"},{"taxonomy":"product_tag","embeddable":true,"href":"https:\/\/streetmarkets.fr\/app\/wp-json\/wp\/v2\/product_tag?post=703766"}],"curies":[{"name":"wp","href":"https:\/\/api.w.org\/{rel}","templated":true}]}}