{"id":703728,"date":"2024-10-15T10:31:56","date_gmt":"2024-10-15T08:31:56","guid":{"rendered":"https:\/\/streetmarkets.fr\/app\/produit\/top-buckley-imperial-violet\/"},"modified":"2024-10-15T10:32:36","modified_gmt":"2024-10-15T08:32:36","slug":"top-buckley-imperial-violet","status":"publish","type":"product","link":"https:\/\/streetmarkets.fr\/app\/produit\/top-buckley-imperial-violet\/","title":{"rendered":"Top Buckley imperial violet"},"content":{"rendered":"<p>Top Buckley imperial violet Karma Koma durable et \u00e9thique \u2713 Livraison rapide &amp; paiement en x3 ou x4.<\/p>\n<p>Le top BUCKLEY allie \u00e0 la fois style et fluidit\u00e9. Avec son dos nu arrondi et ses manches 3\/4 aux larges revers, il est parfait pour toute la saison.<\/p>\n<p>C&#8217;est LE basique de la garde-robe qui peut se porter autant rentr\u00e9 dans un short que dans une jupe.<\/p>\n<p>Facile \u00e0 accessoiriser et avec ou sans son lien en cuir dans le dos, il deviendra l&#8217;un de vos favoris de l&#8217;\u00e9t\u00e9.<\/p>\n<p>Mati\u00e8re: 100% RAYONNE<\/p>\n<p>Taille Unique<\/p>\n<p>Marque: Karma Koma<\/p>\n<p>Existe \u00e9galement en d&#8217;autres coloris.<\/p><\/p>\n","protected":false},"excerpt":{"rendered":"<p>Top Buckley imperial violet Karma Koma durable et \u00e9thique \u2713 Livraison rapide &amp; paiement en x3 ou x4. Le top BUCKLEY allie \u00e0 la fois style et fluidit\u00e9. Avec son dos nu arrondi et ses manches 3\/4 aux larges revers, il est parfait pour toute la saison. C&#8217;est LE basique de la garde-robe qui peut [&hellip;]<\/p>\n","protected":false},"featured_media":703729,"comment_status":"open","ping_status":"closed","template":"","meta":[],"product_brand":[],"product_cat":[1756,1758],"product_tag":[2244],"acf":[],"_links":{"self":[{"href":"https:\/\/streetmarkets.fr\/app\/wp-json\/wp\/v2\/product\/703728"}],"collection":[{"href":"https:\/\/streetmarkets.fr\/app\/wp-json\/wp\/v2\/product"}],"about":[{"href":"https:\/\/streetmarkets.fr\/app\/wp-json\/wp\/v2\/types\/product"}],"replies":[{"embeddable":true,"href":"https:\/\/streetmarkets.fr\/app\/wp-json\/wp\/v2\/comments?post=703728"}],"wp:featuredmedia":[{"embeddable":true,"href":"https:\/\/streetmarkets.fr\/app\/wp-json\/wp\/v2\/media\/703729"}],"wp:attachment":[{"href":"https:\/\/streetmarkets.fr\/app\/wp-json\/wp\/v2\/media?parent=703728"}],"wp:term":[{"taxonomy":"product_brand","embeddable":true,"href":"https:\/\/streetmarkets.fr\/app\/wp-json\/wp\/v2\/product_brand?post=703728"},{"taxonomy":"product_cat","embeddable":true,"href":"https:\/\/streetmarkets.fr\/app\/wp-json\/wp\/v2\/product_cat?post=703728"},{"taxonomy":"product_tag","embeddable":true,"href":"https:\/\/streetmarkets.fr\/app\/wp-json\/wp\/v2\/product_tag?post=703728"}],"curies":[{"name":"wp","href":"https:\/\/api.w.org\/{rel}","templated":true}]}}