{"id":703637,"date":"2024-10-15T10:31:53","date_gmt":"2024-10-15T08:31:53","guid":{"rendered":"https:\/\/streetmarkets.fr\/app\/produit\/top-maeva-soie-aloe\/"},"modified":"2024-10-15T10:32:36","modified_gmt":"2024-10-15T08:32:36","slug":"top-maeva-soie-aloe","status":"publish","type":"product","link":"https:\/\/streetmarkets.fr\/app\/produit\/top-maeva-soie-aloe\/","title":{"rendered":"Top Maeva soie Aloe"},"content":{"rendered":"<p>Top Maeva soie Aloe Karma Koma durable et \u00e9thique \u2713 Livraison rapide &amp; paiement en x3 ou x4.<\/p>\n<p>Ce d\u00e9bardeur esprit boh\u00e8me \u00e0 col rond et dos nu se referme gr\u00e2ce \u00e0 un bouton nacr\u00e9 au niveau de la nuque.<\/p>\n<p>Dos nu profond en forme de goutte.<\/p>\n<p>Mati\u00e8re: 100% Viscose<\/p>\n<p>Marque: Karma Koma<\/p>\n<p>Existe \u00e9galement en d&#8217;autres coloris.<\/p><\/p>\n","protected":false},"excerpt":{"rendered":"<p>Top Maeva soie Aloe Karma Koma durable et \u00e9thique \u2713 Livraison rapide &amp; paiement en x3 ou x4. Ce d\u00e9bardeur esprit boh\u00e8me \u00e0 col rond et dos nu se referme gr\u00e2ce \u00e0 un bouton nacr\u00e9 au niveau de la nuque. Dos nu profond en forme de goutte. Mati\u00e8re: 100% Viscose Marque: Karma Koma Existe \u00e9galement [&hellip;]<\/p>\n","protected":false},"featured_media":703638,"comment_status":"open","ping_status":"closed","template":"","meta":[],"product_brand":[],"product_cat":[1756,1758],"product_tag":[2244],"acf":[],"_links":{"self":[{"href":"https:\/\/streetmarkets.fr\/app\/wp-json\/wp\/v2\/product\/703637"}],"collection":[{"href":"https:\/\/streetmarkets.fr\/app\/wp-json\/wp\/v2\/product"}],"about":[{"href":"https:\/\/streetmarkets.fr\/app\/wp-json\/wp\/v2\/types\/product"}],"replies":[{"embeddable":true,"href":"https:\/\/streetmarkets.fr\/app\/wp-json\/wp\/v2\/comments?post=703637"}],"wp:featuredmedia":[{"embeddable":true,"href":"https:\/\/streetmarkets.fr\/app\/wp-json\/wp\/v2\/media\/703638"}],"wp:attachment":[{"href":"https:\/\/streetmarkets.fr\/app\/wp-json\/wp\/v2\/media?parent=703637"}],"wp:term":[{"taxonomy":"product_brand","embeddable":true,"href":"https:\/\/streetmarkets.fr\/app\/wp-json\/wp\/v2\/product_brand?post=703637"},{"taxonomy":"product_cat","embeddable":true,"href":"https:\/\/streetmarkets.fr\/app\/wp-json\/wp\/v2\/product_cat?post=703637"},{"taxonomy":"product_tag","embeddable":true,"href":"https:\/\/streetmarkets.fr\/app\/wp-json\/wp\/v2\/product_tag?post=703637"}],"curies":[{"name":"wp","href":"https:\/\/api.w.org\/{rel}","templated":true}]}}