{"id":703591,"date":"2024-10-15T10:31:52","date_gmt":"2024-10-15T08:31:52","guid":{"rendered":"https:\/\/streetmarkets.fr\/app\/produit\/robe-longue-bubble-river-green\/"},"modified":"2024-10-15T10:32:35","modified_gmt":"2024-10-15T08:32:35","slug":"robe-longue-bubble-river-green","status":"publish","type":"product","link":"https:\/\/streetmarkets.fr\/app\/produit\/robe-longue-bubble-river-green\/","title":{"rendered":"Robe longue Bubble River Green"},"content":{"rendered":"<p>Robe longue Bubble River Green Karma Koma durable et \u00e9thique \u2713 Livraison rapide &amp; paiement en x3 ou x4.<\/p>\n<p style=\"margin:0px;font-style:normal;font-size:13px;line-height:normal;font-family:'Helvetica Neue'\">D\u00e9couvrez notre robe longue en soie et en lin, parfaite pour une \u00e9l\u00e9gance d\u00e9contract\u00e9e.<\/p>\n<p style=\"margin:0px;font-style:normal;font-size:13px;line-height:normal;font-family:'Helvetica Neue'\">\n<p style=\"margin:0px;font-style:normal;font-size:13px;line-height:normal;font-family:'Helvetica Neue'\">Sa texture effet cr\u00eape offre un toucher luxueux, tandis que son encolure en V ajoute une touche f\u00e9minine.<\/p>\n<p style=\"margin:0px;font-style:normal;font-size:13px;line-height:normal;font-family:'Helvetica Neue'\">\n<p style=\"margin:0px;font-style:normal;font-size:13px;line-height:normal;font-family:'Helvetica Neue'\">Les longues bretelles torsad\u00e9es apportent une note sophistiqu\u00e9e, et les ouvertures \u00e9lastiqu\u00e9es et fronc\u00e9es offrent confort et ajustement.<\/p>\n<p style=\"margin:0px;font-style:normal;font-size:13px;line-height:normal;font-family:'Helvetica Neue'\">\n<p style=\"margin:0px;font-style:normal;font-size:13px;line-height:normal;font-family:'Helvetica Neue'\">Avec son dos nu s\u00e9duisant et sa coupe trap\u00e8ze, cette robe est un choix chic et moderne pour toutes vos occasions.<\/p>\n<p style=\"margin:0px;font-style:normal;font-size:13px;line-height:normal;font-family:'Helvetica Neue';min-height:15px\">\n<p style=\"margin:0px;font-style:normal;font-size:13px;line-height:normal;font-family:'Helvetica Neue'\">Mati\u00e8re principale:<br \/>32% Soie\u00a0 \u00a0 \u00a0 \u00a0 \u00a0 \u00a0 \u00a0<br \/>68% Lin<\/p>\n<p style=\"margin:0px;font-style:normal;font-size:13px;line-height:normal;font-family:'Helvetica Neue'\">Doublure:<br \/>100% Rayonne<\/p>\n<p style=\"margin:0px;font-style:normal;font-size:13px;line-height:normal;font-family:'Helvetica Neue'\"><span style=\"text-decoration:underline\"><\/span><\/p>\n<p style=\"margin:0px;font-style:normal;font-size:13px;line-height:normal;font-family:'Helvetica Neue'\"><span style=\"text-decoration:underline\">Entretien<\/span> :\u00a0<\/p>\n<p style=\"margin:0px;font-style:normal;font-size:13px;line-height:normal;font-family:'Helvetica Neue'\">Lavage 30\u00b0<br \/>Pas de blanchissement<br \/>Pas de s\u00e9chage en tambour <br \/>Repassage \u00e0 temp\u00e9rature faible<\/p>\n","protected":false},"excerpt":{"rendered":"<p>Robe longue Bubble River Green Karma Koma durable et \u00e9thique \u2713 Livraison rapide &amp; paiement en x3 ou x4. D\u00e9couvrez notre robe longue en soie et en lin, parfaite pour une \u00e9l\u00e9gance d\u00e9contract\u00e9e. Sa texture effet cr\u00eape offre un toucher luxueux, tandis que son encolure en V ajoute une touche f\u00e9minine. Les longues bretelles torsad\u00e9es [&hellip;]<\/p>\n","protected":false},"featured_media":703592,"comment_status":"open","ping_status":"closed","template":"","meta":[],"product_brand":[],"product_cat":[1756,1758],"product_tag":[2244],"acf":[],"_links":{"self":[{"href":"https:\/\/streetmarkets.fr\/app\/wp-json\/wp\/v2\/product\/703591"}],"collection":[{"href":"https:\/\/streetmarkets.fr\/app\/wp-json\/wp\/v2\/product"}],"about":[{"href":"https:\/\/streetmarkets.fr\/app\/wp-json\/wp\/v2\/types\/product"}],"replies":[{"embeddable":true,"href":"https:\/\/streetmarkets.fr\/app\/wp-json\/wp\/v2\/comments?post=703591"}],"wp:featuredmedia":[{"embeddable":true,"href":"https:\/\/streetmarkets.fr\/app\/wp-json\/wp\/v2\/media\/703592"}],"wp:attachment":[{"href":"https:\/\/streetmarkets.fr\/app\/wp-json\/wp\/v2\/media?parent=703591"}],"wp:term":[{"taxonomy":"product_brand","embeddable":true,"href":"https:\/\/streetmarkets.fr\/app\/wp-json\/wp\/v2\/product_brand?post=703591"},{"taxonomy":"product_cat","embeddable":true,"href":"https:\/\/streetmarkets.fr\/app\/wp-json\/wp\/v2\/product_cat?post=703591"},{"taxonomy":"product_tag","embeddable":true,"href":"https:\/\/streetmarkets.fr\/app\/wp-json\/wp\/v2\/product_tag?post=703591"}],"curies":[{"name":"wp","href":"https:\/\/api.w.org\/{rel}","templated":true}]}}