{"id":703556,"date":"2024-10-15T10:31:50","date_gmt":"2024-10-15T08:31:50","guid":{"rendered":"https:\/\/streetmarkets.fr\/app\/produit\/robe-raima\/"},"modified":"2024-10-15T10:32:34","modified_gmt":"2024-10-15T08:32:34","slug":"robe-raima","status":"publish","type":"product","link":"https:\/\/streetmarkets.fr\/app\/produit\/robe-raima\/","title":{"rendered":"Robe Raima"},"content":{"rendered":"<p>Robe Raima Laure + Max durable et \u00e9thique \u2713 Livraison rapide &amp; paiement en x3 ou x4.<\/p>\n<p><span style=\"font-family:Midnight36;font-size:16px\">Cette petite robe chemise vous accompagnera pour de nombreuses occasions. <\/span><\/p>\n<p><span style=\"font-family:Midnight36;font-size:16px\">Portez-la ferm\u00e9e avec une veste et une paire de bottines pour le printemps, ou bien entrouverte par dessus votre maillot pour l&#8217;\u00e9t\u00e9 !<\/span><\/p>\n<p><span style=\"font-family:Midnight36;font-size:16px\">&#8211; Robe chemise imprim\u00e9e<\/span><br style=\"font-family:Midnight36;font-size:16px;border:0px solid\" \/><span style=\"font-family:Midnight36;font-size:16px\">&#8211; Col classique<\/span><br style=\"font-family:Midnight36;font-size:16px;border:0px solid\" \/><span style=\"font-family:Midnight36;font-size:16px\">&#8211; \u00c9paules tombantes<\/span><br style=\"font-family:Midnight36;font-size:16px;border:0px solid\" \/><span style=\"font-family:Midnight36;font-size:16px\">&#8211; Bas de manches avec revers<\/span><br style=\"font-family:Midnight36;font-size:16px;border:0px solid\" \/><span style=\"font-family:Midnight36;font-size:16px\">&#8211; Boutonnage devant avec patte cach\u00e9e<\/span><br style=\"font-family:Midnight36;font-size:16px;border:0px solid\" \/><span style=\"font-family:Midnight36;font-size:16px\">&#8211; Poche plaqu\u00e9e \u00e0 la poitrine au c\u00f4t\u00e9 gauche<\/span><br style=\"font-family:Midnight36;font-size:16px;border:0px solid\" \/><span style=\"font-family:Midnight36;font-size:16px\">&#8211; Poches dans les coutures c\u00f4t\u00e9es<\/span><br style=\"font-family:Midnight36;font-size:16px;border:0px solid\" \/><span style=\"font-family:Midnight36;font-size:16px\">&#8211; Empi\u00e8cement au dos avec pli creux au milieu<\/span><br style=\"font-family:Midnight36;font-size:16px;border:0px solid\" \/><span style=\"font-family:Midnight36;font-size:16px\">&#8211; Forme liquette au bas avec le dos plus long<\/span><\/p>\n<p><span style=\"font-family:Midnight36;font-size:16px\"><\/span><\/p>\n<p><span style=\"font-family:Midnight36;font-size:16px\">Mati\u00e8re: 100% coton<\/span><\/p>\n","protected":false},"excerpt":{"rendered":"<p>Robe Raima Laure + Max durable et \u00e9thique \u2713 Livraison rapide &amp; paiement en x3 ou x4. Cette petite robe chemise vous accompagnera pour de nombreuses occasions. Portez-la ferm\u00e9e avec une veste et une paire de bottines pour le printemps, ou bien entrouverte par dessus votre maillot pour l&#8217;\u00e9t\u00e9 ! &#8211; Robe chemise imprim\u00e9e&#8211; Col [&hellip;]<\/p>\n","protected":false},"featured_media":703557,"comment_status":"open","ping_status":"closed","template":"","meta":[],"product_brand":[],"product_cat":[1756,1758],"product_tag":[2244],"acf":[],"_links":{"self":[{"href":"https:\/\/streetmarkets.fr\/app\/wp-json\/wp\/v2\/product\/703556"}],"collection":[{"href":"https:\/\/streetmarkets.fr\/app\/wp-json\/wp\/v2\/product"}],"about":[{"href":"https:\/\/streetmarkets.fr\/app\/wp-json\/wp\/v2\/types\/product"}],"replies":[{"embeddable":true,"href":"https:\/\/streetmarkets.fr\/app\/wp-json\/wp\/v2\/comments?post=703556"}],"wp:featuredmedia":[{"embeddable":true,"href":"https:\/\/streetmarkets.fr\/app\/wp-json\/wp\/v2\/media\/703557"}],"wp:attachment":[{"href":"https:\/\/streetmarkets.fr\/app\/wp-json\/wp\/v2\/media?parent=703556"}],"wp:term":[{"taxonomy":"product_brand","embeddable":true,"href":"https:\/\/streetmarkets.fr\/app\/wp-json\/wp\/v2\/product_brand?post=703556"},{"taxonomy":"product_cat","embeddable":true,"href":"https:\/\/streetmarkets.fr\/app\/wp-json\/wp\/v2\/product_cat?post=703556"},{"taxonomy":"product_tag","embeddable":true,"href":"https:\/\/streetmarkets.fr\/app\/wp-json\/wp\/v2\/product_tag?post=703556"}],"curies":[{"name":"wp","href":"https:\/\/api.w.org\/{rel}","templated":true}]}}