{"id":703543,"date":"2024-10-15T10:31:50","date_gmt":"2024-10-15T08:31:50","guid":{"rendered":"https:\/\/streetmarkets.fr\/app\/produit\/barrette-noeud-rouge\/"},"modified":"2024-10-15T10:32:34","modified_gmt":"2024-10-15T08:32:34","slug":"barrette-noeud-rouge","status":"publish","type":"product","link":"https:\/\/streetmarkets.fr\/app\/produit\/barrette-noeud-rouge\/","title":{"rendered":"Barrette Noeud Rouge"},"content":{"rendered":"<p>D\u00e9couvrez la barrette en forme de Noeud Rouge de la marque Coucou Suzette chez Mamamushi.<br \/>\nClick and collect disponible, livraison &amp; paiement s\u00e9curis\u00e9.<\/p>\n<p style=\"margin:0px;font-size:13px;line-height:normal;font-family:'Helvetica Neue'\">Une barrette d\u00e9cor\u00e9e du plus mignon n\u0153ud qui soit.<\/p>\n<p style=\"margin:0px;font-size:13px;line-height:normal;font-family:'Helvetica Neue'\">Id\u00e9ale pour maintenir nos petites\u00a0 m\u00e8ches ou pour ponctuer une tresse.<\/p>\n<p style=\"margin:0px;font-size:13px;line-height:normal;font-family:'Helvetica Neue'\">On ose la porter par deux en duo ou bien de chaque c\u00f4t\u00e9 de la t\u00eate, pour des looks dignes de nos dessins anim\u00e9s d\u2019enfance pr\u00e9f\u00e9r\u00e9s.<\/p>\n<p style=\"margin:0px;font-size:13px;line-height:normal;font-family:'Helvetica Neue'\">\n<p style=\"margin:0px;font-size:13px;line-height:normal;font-family:'Helvetica Neue'\">&#8211; Composition : Ac\u00e9tate de cellulose<br \/>&#8211; Type d\u2019attache : barrette crocodile en m\u00e9tal<br \/>&#8211; Longueur : 4 cm<br \/>&#8211; Largeur : 4 cm<br \/>&#8211; Chaque cr\u00e9ation est unique, la couleur peut varier l\u00e9g\u00e8rement selon le morceau d&#8217;ac\u00e9tate utilis\u00e9<br \/>&#8211; Fabriqu\u00e9e en Chine dans une usine audit\u00e9e.<\/p>\n","protected":false},"excerpt":{"rendered":"<p>D\u00e9couvrez la barrette en forme de Noeud Rouge de la marque Coucou Suzette chez Mamamushi. Click and collect disponible, livraison &amp; paiement s\u00e9curis\u00e9. Une barrette d\u00e9cor\u00e9e du plus mignon n\u0153ud qui soit. Id\u00e9ale pour maintenir nos petites\u00a0 m\u00e8ches ou pour ponctuer une tresse. On ose la porter par deux en duo ou bien de chaque [&hellip;]<\/p>\n","protected":false},"featured_media":703544,"comment_status":"open","ping_status":"closed","template":"","meta":[],"product_brand":[],"product_cat":[1756,1764],"product_tag":[2244],"acf":[],"_links":{"self":[{"href":"https:\/\/streetmarkets.fr\/app\/wp-json\/wp\/v2\/product\/703543"}],"collection":[{"href":"https:\/\/streetmarkets.fr\/app\/wp-json\/wp\/v2\/product"}],"about":[{"href":"https:\/\/streetmarkets.fr\/app\/wp-json\/wp\/v2\/types\/product"}],"replies":[{"embeddable":true,"href":"https:\/\/streetmarkets.fr\/app\/wp-json\/wp\/v2\/comments?post=703543"}],"wp:featuredmedia":[{"embeddable":true,"href":"https:\/\/streetmarkets.fr\/app\/wp-json\/wp\/v2\/media\/703544"}],"wp:attachment":[{"href":"https:\/\/streetmarkets.fr\/app\/wp-json\/wp\/v2\/media?parent=703543"}],"wp:term":[{"taxonomy":"product_brand","embeddable":true,"href":"https:\/\/streetmarkets.fr\/app\/wp-json\/wp\/v2\/product_brand?post=703543"},{"taxonomy":"product_cat","embeddable":true,"href":"https:\/\/streetmarkets.fr\/app\/wp-json\/wp\/v2\/product_cat?post=703543"},{"taxonomy":"product_tag","embeddable":true,"href":"https:\/\/streetmarkets.fr\/app\/wp-json\/wp\/v2\/product_tag?post=703543"}],"curies":[{"name":"wp","href":"https:\/\/api.w.org\/{rel}","templated":true}]}}