{"id":703532,"date":"2024-10-15T10:31:50","date_gmt":"2024-10-15T08:31:50","guid":{"rendered":"https:\/\/streetmarkets.fr\/app\/produit\/body-lyrique-au-choix\/"},"modified":"2024-10-15T10:32:34","modified_gmt":"2024-10-15T08:32:34","slug":"body-lyrique-au-choix","status":"publish","type":"product","link":"https:\/\/streetmarkets.fr\/app\/produit\/body-lyrique-au-choix\/","title":{"rendered":"Body Lyrique (Au choix)"},"content":{"rendered":"<p>Body Lyrique (Au choix) Grace &amp; Mila durable et \u00e9thique \u2713 Livraison rapide &amp; paiement en x3 ou x4.<\/p>\n<p style=\"margin:0px;font-size:13px;line-height:normal;font-family:'Helvetica Neue'\">Le body Lyrique est un magnifique body paillett\u00e9 \u00e0 manches longues et \u00e0 double encolure V en jersey lurex. Sa culotte est \u00e9chancr\u00e9e et ferm\u00e9e par des boutons-pression. Sa coupe est ajust\u00e9e.<\/p>\n<p style=\"margin:0px;font-size:13px;line-height:normal;font-family:'Helvetica Neue';min-height:15px\">\n<p style=\"margin:0px;font-size:13px;line-height:normal;font-family:'Helvetica Neue'\">Mati\u00e8re : 75% Nylon 20% Fil Metallique 5% Elasthanne<\/p><\/p>\n","protected":false},"excerpt":{"rendered":"<p>Body Lyrique (Au choix) Grace &amp; Mila durable et \u00e9thique \u2713 Livraison rapide &amp; paiement en x3 ou x4. Le body Lyrique est un magnifique body paillett\u00e9 \u00e0 manches longues et \u00e0 double encolure V en jersey lurex. Sa culotte est \u00e9chancr\u00e9e et ferm\u00e9e par des boutons-pression. Sa coupe est ajust\u00e9e. Mati\u00e8re : 75% Nylon [&hellip;]<\/p>\n","protected":false},"featured_media":703533,"comment_status":"open","ping_status":"closed","template":"","meta":[],"product_brand":[],"product_cat":[1756,1758],"product_tag":[2244],"acf":[],"_links":{"self":[{"href":"https:\/\/streetmarkets.fr\/app\/wp-json\/wp\/v2\/product\/703532"}],"collection":[{"href":"https:\/\/streetmarkets.fr\/app\/wp-json\/wp\/v2\/product"}],"about":[{"href":"https:\/\/streetmarkets.fr\/app\/wp-json\/wp\/v2\/types\/product"}],"replies":[{"embeddable":true,"href":"https:\/\/streetmarkets.fr\/app\/wp-json\/wp\/v2\/comments?post=703532"}],"wp:featuredmedia":[{"embeddable":true,"href":"https:\/\/streetmarkets.fr\/app\/wp-json\/wp\/v2\/media\/703533"}],"wp:attachment":[{"href":"https:\/\/streetmarkets.fr\/app\/wp-json\/wp\/v2\/media?parent=703532"}],"wp:term":[{"taxonomy":"product_brand","embeddable":true,"href":"https:\/\/streetmarkets.fr\/app\/wp-json\/wp\/v2\/product_brand?post=703532"},{"taxonomy":"product_cat","embeddable":true,"href":"https:\/\/streetmarkets.fr\/app\/wp-json\/wp\/v2\/product_cat?post=703532"},{"taxonomy":"product_tag","embeddable":true,"href":"https:\/\/streetmarkets.fr\/app\/wp-json\/wp\/v2\/product_tag?post=703532"}],"curies":[{"name":"wp","href":"https:\/\/api.w.org\/{rel}","templated":true}]}}