{"id":703509,"date":"2024-10-15T10:31:49","date_gmt":"2024-10-15T08:31:49","guid":{"rendered":"https:\/\/streetmarkets.fr\/app\/produit\/robe-lou-au-choix\/"},"modified":"2024-10-15T10:32:34","modified_gmt":"2024-10-15T08:32:34","slug":"robe-lou-au-choix","status":"publish","type":"product","link":"https:\/\/streetmarkets.fr\/app\/produit\/robe-lou-au-choix\/","title":{"rendered":"Robe Lou (Au choix)"},"content":{"rendered":"<p>Robe Lou (Au choix) Grace &amp; Mila durable et \u00e9thique \u2713 Livraison rapide &amp; paiement en x3 ou x4.<\/p>\n<p style=\"margin:0px;font-size:13px;line-height:normal;font-family:'Helvetica Neue'\">La robe Lou est une robe courte \u00e0 encolure crois\u00e9e en jersey lurex ferm\u00e9e par un bouton-pression invisible sur le devant. Cette robe scintillante a des passants \u00e0 la taille et une ceinture \u00e0 nouer d\u00e9tachable. Sa coupe est droite. Elle peut se porter en journ\u00e9e comme en soir\u00e9e.<\/p>\n<p style=\"margin:0px;font-size:13px;line-height:normal;font-family:'Helvetica Neue'\">\n<p style=\"margin:0px;font-size:13px;line-height:normal;font-family:'Helvetica Neue'\">Mati\u00e8re : 95% Nylon 5% Elasthanne<\/p>\n","protected":false},"excerpt":{"rendered":"<p>Robe Lou (Au choix) Grace &amp; Mila durable et \u00e9thique \u2713 Livraison rapide &amp; paiement en x3 ou x4. La robe Lou est une robe courte \u00e0 encolure crois\u00e9e en jersey lurex ferm\u00e9e par un bouton-pression invisible sur le devant. Cette robe scintillante a des passants \u00e0 la taille et une ceinture \u00e0 nouer d\u00e9tachable. [&hellip;]<\/p>\n","protected":false},"featured_media":703510,"comment_status":"open","ping_status":"closed","template":"","meta":[],"product_brand":[],"product_cat":[1756,1758],"product_tag":[2244],"acf":[],"_links":{"self":[{"href":"https:\/\/streetmarkets.fr\/app\/wp-json\/wp\/v2\/product\/703509"}],"collection":[{"href":"https:\/\/streetmarkets.fr\/app\/wp-json\/wp\/v2\/product"}],"about":[{"href":"https:\/\/streetmarkets.fr\/app\/wp-json\/wp\/v2\/types\/product"}],"replies":[{"embeddable":true,"href":"https:\/\/streetmarkets.fr\/app\/wp-json\/wp\/v2\/comments?post=703509"}],"wp:featuredmedia":[{"embeddable":true,"href":"https:\/\/streetmarkets.fr\/app\/wp-json\/wp\/v2\/media\/703510"}],"wp:attachment":[{"href":"https:\/\/streetmarkets.fr\/app\/wp-json\/wp\/v2\/media?parent=703509"}],"wp:term":[{"taxonomy":"product_brand","embeddable":true,"href":"https:\/\/streetmarkets.fr\/app\/wp-json\/wp\/v2\/product_brand?post=703509"},{"taxonomy":"product_cat","embeddable":true,"href":"https:\/\/streetmarkets.fr\/app\/wp-json\/wp\/v2\/product_cat?post=703509"},{"taxonomy":"product_tag","embeddable":true,"href":"https:\/\/streetmarkets.fr\/app\/wp-json\/wp\/v2\/product_tag?post=703509"}],"curies":[{"name":"wp","href":"https:\/\/api.w.org\/{rel}","templated":true}]}}