{"id":703490,"date":"2024-10-15T10:31:48","date_gmt":"2024-10-15T08:31:48","guid":{"rendered":"https:\/\/streetmarkets.fr\/app\/produit\/jean-70\/"},"modified":"2024-10-15T10:32:34","modified_gmt":"2024-10-15T08:32:34","slug":"jean-70","status":"publish","type":"product","link":"https:\/\/streetmarkets.fr\/app\/produit\/jean-70\/","title":{"rendered":"Jean 70"},"content":{"rendered":"<p>Jean 70 Grace &amp; Mila durable et \u00e9thique \u2713 Livraison rapide &amp; paiement en x3 ou x4.<\/p>\n<p style=\"margin:0px;font-size:13px;line-height:normal;font-family:'Helvetica Neue'\">Le jean 70 est un jean 5 poches, taille haute avec des jambes larges et l\u00e9g\u00e8rement \u00e9vas\u00e9es, ainsi qu&#8217;une fermeture \u00e0 glissi\u00e8re et bouton sigl\u00e9. C\u2019est un intemporel. Il est parfait pour les femmes avec des hanches, car il dessine joliment la silhouette.<\/p>\n<p style=\"margin:0px;font-size:13px;line-height:normal;font-family:'Helvetica Neue'\">On aime son allure r\u00e9tro totalement authentique.\u00a0<\/p>\n<p style=\"margin:0px;font-size:13px;line-height:normal;font-family:'Helvetica Neue'\">\n<p style=\"margin:0px;font-size:13px;line-height:normal;font-family:'Helvetica Neue'\">Mati\u00e8re : 98% Coton 2% Elasthanne<\/p>\n","protected":false},"excerpt":{"rendered":"<p>Jean 70 Grace &amp; Mila durable et \u00e9thique \u2713 Livraison rapide &amp; paiement en x3 ou x4. Le jean 70 est un jean 5 poches, taille haute avec des jambes larges et l\u00e9g\u00e8rement \u00e9vas\u00e9es, ainsi qu&#8217;une fermeture \u00e0 glissi\u00e8re et bouton sigl\u00e9. C\u2019est un intemporel. Il est parfait pour les femmes avec des hanches, car [&hellip;]<\/p>\n","protected":false},"featured_media":703491,"comment_status":"open","ping_status":"closed","template":"","meta":[],"product_brand":[],"product_cat":[1756,1758],"product_tag":[2244],"acf":[],"_links":{"self":[{"href":"https:\/\/streetmarkets.fr\/app\/wp-json\/wp\/v2\/product\/703490"}],"collection":[{"href":"https:\/\/streetmarkets.fr\/app\/wp-json\/wp\/v2\/product"}],"about":[{"href":"https:\/\/streetmarkets.fr\/app\/wp-json\/wp\/v2\/types\/product"}],"replies":[{"embeddable":true,"href":"https:\/\/streetmarkets.fr\/app\/wp-json\/wp\/v2\/comments?post=703490"}],"wp:featuredmedia":[{"embeddable":true,"href":"https:\/\/streetmarkets.fr\/app\/wp-json\/wp\/v2\/media\/703491"}],"wp:attachment":[{"href":"https:\/\/streetmarkets.fr\/app\/wp-json\/wp\/v2\/media?parent=703490"}],"wp:term":[{"taxonomy":"product_brand","embeddable":true,"href":"https:\/\/streetmarkets.fr\/app\/wp-json\/wp\/v2\/product_brand?post=703490"},{"taxonomy":"product_cat","embeddable":true,"href":"https:\/\/streetmarkets.fr\/app\/wp-json\/wp\/v2\/product_cat?post=703490"},{"taxonomy":"product_tag","embeddable":true,"href":"https:\/\/streetmarkets.fr\/app\/wp-json\/wp\/v2\/product_tag?post=703490"}],"curies":[{"name":"wp","href":"https:\/\/api.w.org\/{rel}","templated":true}]}}