{"id":703470,"date":"2024-10-15T10:31:47","date_gmt":"2024-10-15T08:31:47","guid":{"rendered":"https:\/\/streetmarkets.fr\/app\/produit\/top-litchi-au-choix\/"},"modified":"2024-10-15T10:32:34","modified_gmt":"2024-10-15T08:32:34","slug":"top-litchi-au-choix","status":"publish","type":"product","link":"https:\/\/streetmarkets.fr\/app\/produit\/top-litchi-au-choix\/","title":{"rendered":"Top Litchi (au choix)"},"content":{"rendered":"<p>Top Litchi (au choix) Grace &amp; Mila durable et \u00e9thique \u2713 Livraison rapide &amp; paiement en x3 ou x4.<\/p>\n<p style=\"margin:0px;font-size:13px;line-height:normal;font-family:'Helvetica Neue'\">Le top Litchi est un crop-top doubl\u00e9 en jersey lurex \u00e0 carreaux \u00e0 encolure carr\u00e9e et sans manches . Doux et confortable, ce top nous s\u00e9duit par sa coupe tendance et son tissu \u00e0 carreaux paillet\u00e9.\u00a0<\/p>\n<p style=\"margin:0px;font-size:13px;line-height:normal;font-family:'Helvetica Neue'\">\n<p style=\"margin:0px;font-size:13px;line-height:normal;font-family:'Helvetica Neue'\">Mati\u00e8re : 95% Nylon 5% Elasthanne<\/p>\n","protected":false},"excerpt":{"rendered":"<p>Top Litchi (au choix) Grace &amp; Mila durable et \u00e9thique \u2713 Livraison rapide &amp; paiement en x3 ou x4. Le top Litchi est un crop-top doubl\u00e9 en jersey lurex \u00e0 carreaux \u00e0 encolure carr\u00e9e et sans manches . Doux et confortable, ce top nous s\u00e9duit par sa coupe tendance et son tissu \u00e0 carreaux paillet\u00e9.\u00a0 [&hellip;]<\/p>\n","protected":false},"featured_media":703471,"comment_status":"open","ping_status":"closed","template":"","meta":[],"product_brand":[],"product_cat":[1756,1758],"product_tag":[2244],"acf":[],"_links":{"self":[{"href":"https:\/\/streetmarkets.fr\/app\/wp-json\/wp\/v2\/product\/703470"}],"collection":[{"href":"https:\/\/streetmarkets.fr\/app\/wp-json\/wp\/v2\/product"}],"about":[{"href":"https:\/\/streetmarkets.fr\/app\/wp-json\/wp\/v2\/types\/product"}],"replies":[{"embeddable":true,"href":"https:\/\/streetmarkets.fr\/app\/wp-json\/wp\/v2\/comments?post=703470"}],"wp:featuredmedia":[{"embeddable":true,"href":"https:\/\/streetmarkets.fr\/app\/wp-json\/wp\/v2\/media\/703471"}],"wp:attachment":[{"href":"https:\/\/streetmarkets.fr\/app\/wp-json\/wp\/v2\/media?parent=703470"}],"wp:term":[{"taxonomy":"product_brand","embeddable":true,"href":"https:\/\/streetmarkets.fr\/app\/wp-json\/wp\/v2\/product_brand?post=703470"},{"taxonomy":"product_cat","embeddable":true,"href":"https:\/\/streetmarkets.fr\/app\/wp-json\/wp\/v2\/product_cat?post=703470"},{"taxonomy":"product_tag","embeddable":true,"href":"https:\/\/streetmarkets.fr\/app\/wp-json\/wp\/v2\/product_tag?post=703470"}],"curies":[{"name":"wp","href":"https:\/\/api.w.org\/{rel}","templated":true}]}}