{"id":703445,"date":"2024-10-15T10:31:07","date_gmt":"2024-10-15T08:31:07","guid":{"rendered":"https:\/\/streetmarkets.fr\/app\/produit\/pull-louisette\/"},"modified":"2024-10-15T10:31:46","modified_gmt":"2024-10-15T08:31:46","slug":"pull-louisette","status":"publish","type":"product","link":"https:\/\/streetmarkets.fr\/app\/produit\/pull-louisette\/","title":{"rendered":"Pull Louisette"},"content":{"rendered":"<p>Pull Louisette Grace &amp; Mila durable et \u00e9thique \u2713 Livraison rapide &amp; paiement en x3 ou x4.<\/p>\n<p style=\"margin:0px;font-size:13px;line-height:normal;font-family:'Helvetica Neue'\">Le pull Louisette est un pull \u00e0 col chemin\u00e9e \u00e0 manches longues avec un d\u00e9tail de ligne de boutonnage sur le c\u00f4t\u00e9 du col.<\/p>\n<p style=\"margin:0px;font-size:13px;line-height:normal;font-family:'Helvetica Neue'\">Son volume est classique. Moelleux et doux, ce pull \u00e0 manches longues compl\u00e9tera merveilleusement votre tenue pour lui donner une allure chic et moderne.\u00a0<\/p>\n<p style=\"margin:0px;font-size:13px;line-height:normal;font-family:'Helvetica Neue'\">\n<p style=\"margin:0px;font-size:13px;line-height:normal;font-family:'Helvetica Neue'\"><span style=\"color:#666666;font-family:Montserrat;background-color:#ffffff\">Le conseil Sizing : Taille normalement, prenez votre taille habituelle. Le mannequin mesure 1m74 pour un tour de taille de 59cm et un tour de hanches de 89cm et porte une taille S.<\/span><\/p>\n<p style=\"margin:0px;font-size:13px;line-height:normal;font-family:'Helvetica Neue'\">\n<p style=\"margin:0px;font-size:13px;line-height:normal;font-family:'Helvetica Neue'\">Mati\u00e8re : 45% Acrylique 27% Polyester 10% Laine 8% Nylon\u00a0<\/p>\n","protected":false},"excerpt":{"rendered":"<p>Pull Louisette Grace &amp; Mila durable et \u00e9thique \u2713 Livraison rapide &amp; paiement en x3 ou x4. Le pull Louisette est un pull \u00e0 col chemin\u00e9e \u00e0 manches longues avec un d\u00e9tail de ligne de boutonnage sur le c\u00f4t\u00e9 du col. Son volume est classique. Moelleux et doux, ce pull \u00e0 manches longues compl\u00e9tera merveilleusement [&hellip;]<\/p>\n","protected":false},"featured_media":703446,"comment_status":"open","ping_status":"closed","template":"","meta":[],"product_brand":[],"product_cat":[1756,1758],"product_tag":[2244],"acf":[],"_links":{"self":[{"href":"https:\/\/streetmarkets.fr\/app\/wp-json\/wp\/v2\/product\/703445"}],"collection":[{"href":"https:\/\/streetmarkets.fr\/app\/wp-json\/wp\/v2\/product"}],"about":[{"href":"https:\/\/streetmarkets.fr\/app\/wp-json\/wp\/v2\/types\/product"}],"replies":[{"embeddable":true,"href":"https:\/\/streetmarkets.fr\/app\/wp-json\/wp\/v2\/comments?post=703445"}],"wp:featuredmedia":[{"embeddable":true,"href":"https:\/\/streetmarkets.fr\/app\/wp-json\/wp\/v2\/media\/703446"}],"wp:attachment":[{"href":"https:\/\/streetmarkets.fr\/app\/wp-json\/wp\/v2\/media?parent=703445"}],"wp:term":[{"taxonomy":"product_brand","embeddable":true,"href":"https:\/\/streetmarkets.fr\/app\/wp-json\/wp\/v2\/product_brand?post=703445"},{"taxonomy":"product_cat","embeddable":true,"href":"https:\/\/streetmarkets.fr\/app\/wp-json\/wp\/v2\/product_cat?post=703445"},{"taxonomy":"product_tag","embeddable":true,"href":"https:\/\/streetmarkets.fr\/app\/wp-json\/wp\/v2\/product_tag?post=703445"}],"curies":[{"name":"wp","href":"https:\/\/api.w.org\/{rel}","templated":true}]}}