{"id":703433,"date":"2024-10-15T10:31:07","date_gmt":"2024-10-15T08:31:07","guid":{"rendered":"https:\/\/streetmarkets.fr\/app\/produit\/jupe-lys\/"},"modified":"2024-10-15T10:31:45","modified_gmt":"2024-10-15T08:31:45","slug":"jupe-lys","status":"publish","type":"product","link":"https:\/\/streetmarkets.fr\/app\/produit\/jupe-lys\/","title":{"rendered":"Jupe Lys"},"content":{"rendered":"<p>Jupe Lys Grace &amp; Mila durable et \u00e9thique \u2713 Livraison rapide &amp; paiement en x3 ou x4.<\/p>\n<p><span style=\"font-family:'Helvetica Neue';font-size:13px\">La jupe Lys est une jupe longue pliss\u00e9e en r\u00e9sille et en lurex brillant. <br \/>Cette jupe est doubl\u00e9e. Sa taille est \u00e9lastiqu\u00e9e et sa coupe est droite. <br \/>Fluide et agr\u00e9able, elle sublime chacun de vos mouvements gr\u00e2ce \u00e0 son tissu scintillant.<\/span><\/p>\n<p style=\"margin:0px;font-size:13px;line-height:normal;font-family:'Helvetica Neue'\">Mati\u00e8re :\u00a095% Polyester 5% Elasthanne _DOUB:100% Polyester<\/p>\n","protected":false},"excerpt":{"rendered":"<p>Jupe Lys Grace &amp; Mila durable et \u00e9thique \u2713 Livraison rapide &amp; paiement en x3 ou x4. La jupe Lys est une jupe longue pliss\u00e9e en r\u00e9sille et en lurex brillant. Cette jupe est doubl\u00e9e. Sa taille est \u00e9lastiqu\u00e9e et sa coupe est droite. Fluide et agr\u00e9able, elle sublime chacun de vos mouvements gr\u00e2ce \u00e0 [&hellip;]<\/p>\n","protected":false},"featured_media":703434,"comment_status":"open","ping_status":"closed","template":"","meta":[],"product_brand":[],"product_cat":[1756,1758],"product_tag":[2244],"acf":[],"_links":{"self":[{"href":"https:\/\/streetmarkets.fr\/app\/wp-json\/wp\/v2\/product\/703433"}],"collection":[{"href":"https:\/\/streetmarkets.fr\/app\/wp-json\/wp\/v2\/product"}],"about":[{"href":"https:\/\/streetmarkets.fr\/app\/wp-json\/wp\/v2\/types\/product"}],"replies":[{"embeddable":true,"href":"https:\/\/streetmarkets.fr\/app\/wp-json\/wp\/v2\/comments?post=703433"}],"wp:featuredmedia":[{"embeddable":true,"href":"https:\/\/streetmarkets.fr\/app\/wp-json\/wp\/v2\/media\/703434"}],"wp:attachment":[{"href":"https:\/\/streetmarkets.fr\/app\/wp-json\/wp\/v2\/media?parent=703433"}],"wp:term":[{"taxonomy":"product_brand","embeddable":true,"href":"https:\/\/streetmarkets.fr\/app\/wp-json\/wp\/v2\/product_brand?post=703433"},{"taxonomy":"product_cat","embeddable":true,"href":"https:\/\/streetmarkets.fr\/app\/wp-json\/wp\/v2\/product_cat?post=703433"},{"taxonomy":"product_tag","embeddable":true,"href":"https:\/\/streetmarkets.fr\/app\/wp-json\/wp\/v2\/product_tag?post=703433"}],"curies":[{"name":"wp","href":"https:\/\/api.w.org\/{rel}","templated":true}]}}