{"id":703412,"date":"2024-10-15T10:31:06","date_gmt":"2024-10-15T08:31:06","guid":{"rendered":"https:\/\/streetmarkets.fr\/app\/produit\/pantalon-loca-au-choix\/"},"modified":"2024-10-15T10:31:45","modified_gmt":"2024-10-15T08:31:45","slug":"pantalon-loca-au-choix","status":"publish","type":"product","link":"https:\/\/streetmarkets.fr\/app\/produit\/pantalon-loca-au-choix\/","title":{"rendered":"Pantalon Loca (au choix)"},"content":{"rendered":"<p>Pantalon Loca (au choix) Grace &amp; Mila durable et \u00e9thique \u2713 Livraison rapide &amp; paiement en x3 ou x4.<\/p>\n<p style=\"margin:0px;font-size:13px;line-height:normal;font-family:'Helvetica Neue'\">Le pantalon Loca est un pantalon pliss\u00e9 droit en lurex brod\u00e9 de sequins.<\/p>\n<p style=\"margin:0px;font-size:13px;line-height:normal;font-family:'Helvetica Neue'\">Sa taille est mi-haute et \u00e9lastiqu\u00e9e. Sa coupe est droite.<\/p>\n<p style=\"margin:0px;font-size:13px;line-height:normal;font-family:'Helvetica Neue'\">C&#8217;est une pi\u00e8ce ultra-brillante qui s&#8217;impose aussi bien pour les tenues de f\u00eates que pour les tenues du quotidien.<\/p>\n<p style=\"margin:0px;font-size:13px;line-height:normal;font-family:'Helvetica Neue'\">Fluide et large, il fait souffler un vent de libert\u00e9 sur nos tenues.<\/p>\n<p style=\"margin:0px;font-size:13px;line-height:normal;font-family:'Helvetica Neue'\">Mati\u00e8re :\u00a0100% Polyester<\/p>\n","protected":false},"excerpt":{"rendered":"<p>Pantalon Loca (au choix) Grace &amp; Mila durable et \u00e9thique \u2713 Livraison rapide &amp; paiement en x3 ou x4. Le pantalon Loca est un pantalon pliss\u00e9 droit en lurex brod\u00e9 de sequins. Sa taille est mi-haute et \u00e9lastiqu\u00e9e. Sa coupe est droite. C&#8217;est une pi\u00e8ce ultra-brillante qui s&#8217;impose aussi bien pour les tenues de f\u00eates [&hellip;]<\/p>\n","protected":false},"featured_media":703413,"comment_status":"open","ping_status":"closed","template":"","meta":[],"product_brand":[],"product_cat":[1756,1758],"product_tag":[2244],"acf":[],"_links":{"self":[{"href":"https:\/\/streetmarkets.fr\/app\/wp-json\/wp\/v2\/product\/703412"}],"collection":[{"href":"https:\/\/streetmarkets.fr\/app\/wp-json\/wp\/v2\/product"}],"about":[{"href":"https:\/\/streetmarkets.fr\/app\/wp-json\/wp\/v2\/types\/product"}],"replies":[{"embeddable":true,"href":"https:\/\/streetmarkets.fr\/app\/wp-json\/wp\/v2\/comments?post=703412"}],"wp:featuredmedia":[{"embeddable":true,"href":"https:\/\/streetmarkets.fr\/app\/wp-json\/wp\/v2\/media\/703413"}],"wp:attachment":[{"href":"https:\/\/streetmarkets.fr\/app\/wp-json\/wp\/v2\/media?parent=703412"}],"wp:term":[{"taxonomy":"product_brand","embeddable":true,"href":"https:\/\/streetmarkets.fr\/app\/wp-json\/wp\/v2\/product_brand?post=703412"},{"taxonomy":"product_cat","embeddable":true,"href":"https:\/\/streetmarkets.fr\/app\/wp-json\/wp\/v2\/product_cat?post=703412"},{"taxonomy":"product_tag","embeddable":true,"href":"https:\/\/streetmarkets.fr\/app\/wp-json\/wp\/v2\/product_tag?post=703412"}],"curies":[{"name":"wp","href":"https:\/\/api.w.org\/{rel}","templated":true}]}}