{"id":703379,"date":"2024-10-15T10:31:05","date_gmt":"2024-10-15T08:31:05","guid":{"rendered":"https:\/\/streetmarkets.fr\/app\/produit\/pantalon-lorenzo\/"},"modified":"2024-10-15T10:31:45","modified_gmt":"2024-10-15T08:31:45","slug":"pantalon-lorenzo","status":"publish","type":"product","link":"https:\/\/streetmarkets.fr\/app\/produit\/pantalon-lorenzo\/","title":{"rendered":"Pantalon Lorenzo"},"content":{"rendered":"<p>Pantalon Lorenzo Grace &amp; Mila durable et \u00e9thique \u2713 Livraison rapide &amp; paiement en x3 ou x4.<\/p>\n<p style=\"margin:0px;font-size:13px;line-height:normal;font-family:'Helvetica Neue'\">Le pantalon Lorenzo est un pantalon large dans un tissu lam\u00e9. Il a des plis et des poches italiennes sur le devant.<\/p>\n<p style=\"margin:0px;font-size:13px;line-height:normal;font-family:'Helvetica Neue'\">Sa coupe est d\u00e9contract\u00e9e et il est agr\u00e9able.<\/p>\n<p style=\"margin:0px;font-size:13px;line-height:normal;font-family:'Helvetica Neue'\">Ce pantalon \u00e0 paillettes peu se porter diff\u00e9remment en fonction des occasions.<\/p>\n<p style=\"margin:0px;font-size:13px;line-height:normal;font-family:'Helvetica Neue'\">\n<p style=\"margin:0px;font-size:13px;line-height:normal;font-family:'Helvetica Neue'\">Mati\u00e8re :\u00a050% Lurex 50% Nylon<\/p>\n<p style=\"margin:0px;font-size:13px;line-height:normal;font-family:'Helvetica Neue'\">\n","protected":false},"excerpt":{"rendered":"<p>Pantalon Lorenzo Grace &amp; Mila durable et \u00e9thique \u2713 Livraison rapide &amp; paiement en x3 ou x4. Le pantalon Lorenzo est un pantalon large dans un tissu lam\u00e9. Il a des plis et des poches italiennes sur le devant. Sa coupe est d\u00e9contract\u00e9e et il est agr\u00e9able. Ce pantalon \u00e0 paillettes peu se porter diff\u00e9remment [&hellip;]<\/p>\n","protected":false},"featured_media":703380,"comment_status":"open","ping_status":"closed","template":"","meta":[],"product_brand":[],"product_cat":[1756,1758],"product_tag":[2244],"acf":[],"_links":{"self":[{"href":"https:\/\/streetmarkets.fr\/app\/wp-json\/wp\/v2\/product\/703379"}],"collection":[{"href":"https:\/\/streetmarkets.fr\/app\/wp-json\/wp\/v2\/product"}],"about":[{"href":"https:\/\/streetmarkets.fr\/app\/wp-json\/wp\/v2\/types\/product"}],"replies":[{"embeddable":true,"href":"https:\/\/streetmarkets.fr\/app\/wp-json\/wp\/v2\/comments?post=703379"}],"wp:featuredmedia":[{"embeddable":true,"href":"https:\/\/streetmarkets.fr\/app\/wp-json\/wp\/v2\/media\/703380"}],"wp:attachment":[{"href":"https:\/\/streetmarkets.fr\/app\/wp-json\/wp\/v2\/media?parent=703379"}],"wp:term":[{"taxonomy":"product_brand","embeddable":true,"href":"https:\/\/streetmarkets.fr\/app\/wp-json\/wp\/v2\/product_brand?post=703379"},{"taxonomy":"product_cat","embeddable":true,"href":"https:\/\/streetmarkets.fr\/app\/wp-json\/wp\/v2\/product_cat?post=703379"},{"taxonomy":"product_tag","embeddable":true,"href":"https:\/\/streetmarkets.fr\/app\/wp-json\/wp\/v2\/product_tag?post=703379"}],"curies":[{"name":"wp","href":"https:\/\/api.w.org\/{rel}","templated":true}]}}