{"id":703367,"date":"2024-10-15T10:31:04","date_gmt":"2024-10-15T08:31:04","guid":{"rendered":"https:\/\/streetmarkets.fr\/app\/produit\/robe-lola\/"},"modified":"2024-10-15T10:31:45","modified_gmt":"2024-10-15T08:31:45","slug":"robe-lola","status":"publish","type":"product","link":"https:\/\/streetmarkets.fr\/app\/produit\/robe-lola\/","title":{"rendered":"Robe Lola"},"content":{"rendered":"<p>Robe Lola Grace &amp; Mila durable et \u00e9thique \u2713 Livraison rapide &amp; paiement en x3 ou x4.<\/p>\n<p style=\"margin:0px;font-size:13px;line-height:normal;font-family:'Helvetica Neue'\">La robe \u00e0 sequins Lola est styl\u00e9e et festive. On adore ses manches bouffantes et son tomb\u00e9 ultra-f\u00e9minin. \u00c9blouissante, la robe courte portefeuille est id\u00e9al pour briller de mille feux pendant la saison des f\u00eates.<\/p>\n<p style=\"margin:0px;font-size:13px;line-height:normal;font-family:'Helvetica Neue'\">\n<p style=\"margin:0px;font-size:13px;line-height:normal;font-family:'Helvetica Neue'\">Mati\u00e8re : 95% Nylon 5% Elasthanne<\/p>\n<p style=\"margin:0px;font-size:13px;line-height:normal;font-family:'Helvetica Neue'\">\n","protected":false},"excerpt":{"rendered":"<p>Robe Lola Grace &amp; Mila durable et \u00e9thique \u2713 Livraison rapide &amp; paiement en x3 ou x4. La robe \u00e0 sequins Lola est styl\u00e9e et festive. On adore ses manches bouffantes et son tomb\u00e9 ultra-f\u00e9minin. \u00c9blouissante, la robe courte portefeuille est id\u00e9al pour briller de mille feux pendant la saison des f\u00eates. Mati\u00e8re : 95% [&hellip;]<\/p>\n","protected":false},"featured_media":703368,"comment_status":"open","ping_status":"closed","template":"","meta":[],"product_brand":[],"product_cat":[1756,1758],"product_tag":[2244],"acf":[],"_links":{"self":[{"href":"https:\/\/streetmarkets.fr\/app\/wp-json\/wp\/v2\/product\/703367"}],"collection":[{"href":"https:\/\/streetmarkets.fr\/app\/wp-json\/wp\/v2\/product"}],"about":[{"href":"https:\/\/streetmarkets.fr\/app\/wp-json\/wp\/v2\/types\/product"}],"replies":[{"embeddable":true,"href":"https:\/\/streetmarkets.fr\/app\/wp-json\/wp\/v2\/comments?post=703367"}],"wp:featuredmedia":[{"embeddable":true,"href":"https:\/\/streetmarkets.fr\/app\/wp-json\/wp\/v2\/media\/703368"}],"wp:attachment":[{"href":"https:\/\/streetmarkets.fr\/app\/wp-json\/wp\/v2\/media?parent=703367"}],"wp:term":[{"taxonomy":"product_brand","embeddable":true,"href":"https:\/\/streetmarkets.fr\/app\/wp-json\/wp\/v2\/product_brand?post=703367"},{"taxonomy":"product_cat","embeddable":true,"href":"https:\/\/streetmarkets.fr\/app\/wp-json\/wp\/v2\/product_cat?post=703367"},{"taxonomy":"product_tag","embeddable":true,"href":"https:\/\/streetmarkets.fr\/app\/wp-json\/wp\/v2\/product_tag?post=703367"}],"curies":[{"name":"wp","href":"https:\/\/api.w.org\/{rel}","templated":true}]}}