{"id":703347,"date":"2024-10-15T10:31:03","date_gmt":"2024-10-15T08:31:03","guid":{"rendered":"https:\/\/streetmarkets.fr\/app\/produit\/jupe-luz-au-choix\/"},"modified":"2024-10-15T10:31:45","modified_gmt":"2024-10-15T08:31:45","slug":"jupe-luz-au-choix","status":"publish","type":"product","link":"https:\/\/streetmarkets.fr\/app\/produit\/jupe-luz-au-choix\/","title":{"rendered":"Jupe Luz (au choix)"},"content":{"rendered":"<p>Jupe Luz (au choix) Grace &amp; Mila durable et \u00e9thique \u2713 Livraison rapide &amp; paiement en x3 ou x4.<\/p>\n<p style=\"margin:0px;font-size:13px;line-height:normal;font-family:'Helvetica Neue'\">La jupe Luz est une pi\u00e8ce agr\u00e9able \u00e0 porter et l\u00e9g\u00e8re. \u00c7a coupe fluide et a\u00e9rienne qui suit chacun de vos mouvements.<br \/>Une ravissante et scintillante jupe \u00e0 porter lors de nombreuses occasions.<\/p>\n<p style=\"margin:0px;font-size:13px;line-height:normal;font-family:'Helvetica Neue'\">\n<p style=\"margin:0px;font-size:13px;line-height:normal;font-family:'Helvetica Neue'\">Elle taille normalement, prenez votre taille habituelle.\u00a0<\/p>\n<p style=\"margin:0px;font-size:13px;line-height:normal;font-family:'Helvetica Neue'\">\n<p style=\"margin:0px;font-size:13px;line-height:normal;font-family:'Helvetica Neue'\">Mati\u00e8re : 95% Polyester 5% Elasthanne<\/p>\n","protected":false},"excerpt":{"rendered":"<p>Jupe Luz (au choix) Grace &amp; Mila durable et \u00e9thique \u2713 Livraison rapide &amp; paiement en x3 ou x4. La jupe Luz est une pi\u00e8ce agr\u00e9able \u00e0 porter et l\u00e9g\u00e8re. \u00c7a coupe fluide et a\u00e9rienne qui suit chacun de vos mouvements.Une ravissante et scintillante jupe \u00e0 porter lors de nombreuses occasions. Elle taille normalement, prenez [&hellip;]<\/p>\n","protected":false},"featured_media":703348,"comment_status":"open","ping_status":"closed","template":"","meta":[],"product_brand":[],"product_cat":[1756,1758],"product_tag":[2244],"acf":[],"_links":{"self":[{"href":"https:\/\/streetmarkets.fr\/app\/wp-json\/wp\/v2\/product\/703347"}],"collection":[{"href":"https:\/\/streetmarkets.fr\/app\/wp-json\/wp\/v2\/product"}],"about":[{"href":"https:\/\/streetmarkets.fr\/app\/wp-json\/wp\/v2\/types\/product"}],"replies":[{"embeddable":true,"href":"https:\/\/streetmarkets.fr\/app\/wp-json\/wp\/v2\/comments?post=703347"}],"wp:featuredmedia":[{"embeddable":true,"href":"https:\/\/streetmarkets.fr\/app\/wp-json\/wp\/v2\/media\/703348"}],"wp:attachment":[{"href":"https:\/\/streetmarkets.fr\/app\/wp-json\/wp\/v2\/media?parent=703347"}],"wp:term":[{"taxonomy":"product_brand","embeddable":true,"href":"https:\/\/streetmarkets.fr\/app\/wp-json\/wp\/v2\/product_brand?post=703347"},{"taxonomy":"product_cat","embeddable":true,"href":"https:\/\/streetmarkets.fr\/app\/wp-json\/wp\/v2\/product_cat?post=703347"},{"taxonomy":"product_tag","embeddable":true,"href":"https:\/\/streetmarkets.fr\/app\/wp-json\/wp\/v2\/product_tag?post=703347"}],"curies":[{"name":"wp","href":"https:\/\/api.w.org\/{rel}","templated":true}]}}