{"id":703314,"date":"2024-10-15T10:31:02","date_gmt":"2024-10-15T08:31:02","guid":{"rendered":"https:\/\/streetmarkets.fr\/app\/produit\/pull-lisalou-au-choix\/"},"modified":"2024-10-15T10:31:45","modified_gmt":"2024-10-15T08:31:45","slug":"pull-lisalou-au-choix","status":"publish","type":"product","link":"https:\/\/streetmarkets.fr\/app\/produit\/pull-lisalou-au-choix\/","title":{"rendered":"Pull Lisalou (au choix)"},"content":{"rendered":"<p>Pull Lisalou (au choix) Grace &amp; Mila durable et \u00e9thique \u2713 Livraison rapide &amp; paiement en x3 ou x4.<\/p>\n<p style=\"margin:0px;font-size:13px;line-height:normal;font-family:'Helvetica Neue'\">Lisalou est un pull en maille fine scintillante\u00a0\u00e0 double encolure, ronde et V, pouvant se porter dans les deux sens. Id\u00e9al pour mettre en valeur le dos ou un joli d\u00e9collet\u00e9. Son tricotage est dans un fil agr\u00e9ment\u00e9 de lurex. Ses manches sont courtes et sa coupe est ajust\u00e9e.<\/p>\n<p style=\"margin:0px;font-size:13px;line-height:normal;font-family:'Helvetica Neue'\">\n<p style=\"margin:0px;font-size:13px;line-height:normal;font-family:'Helvetica Neue'\">Ce pull taille normalement, prenez votre taille habituelle.<\/p>\n<p style=\"margin:0px;font-size:13px;line-height:normal;font-family:'Helvetica Neue'\">\n<p style=\"margin:0px;font-size:13px;line-height:normal;font-family:'Helvetica Neue'\">Mati\u00e8re :\u00a061% Viscose 24% Polyester 15% Fil Metallique<\/p>\n","protected":false},"excerpt":{"rendered":"<p>Pull Lisalou (au choix) Grace &amp; Mila durable et \u00e9thique \u2713 Livraison rapide &amp; paiement en x3 ou x4. Lisalou est un pull en maille fine scintillante\u00a0\u00e0 double encolure, ronde et V, pouvant se porter dans les deux sens. Id\u00e9al pour mettre en valeur le dos ou un joli d\u00e9collet\u00e9. Son tricotage est dans un [&hellip;]<\/p>\n","protected":false},"featured_media":703315,"comment_status":"open","ping_status":"closed","template":"","meta":[],"product_brand":[],"product_cat":[1756,1758],"product_tag":[2244],"acf":[],"_links":{"self":[{"href":"https:\/\/streetmarkets.fr\/app\/wp-json\/wp\/v2\/product\/703314"}],"collection":[{"href":"https:\/\/streetmarkets.fr\/app\/wp-json\/wp\/v2\/product"}],"about":[{"href":"https:\/\/streetmarkets.fr\/app\/wp-json\/wp\/v2\/types\/product"}],"replies":[{"embeddable":true,"href":"https:\/\/streetmarkets.fr\/app\/wp-json\/wp\/v2\/comments?post=703314"}],"wp:featuredmedia":[{"embeddable":true,"href":"https:\/\/streetmarkets.fr\/app\/wp-json\/wp\/v2\/media\/703315"}],"wp:attachment":[{"href":"https:\/\/streetmarkets.fr\/app\/wp-json\/wp\/v2\/media?parent=703314"}],"wp:term":[{"taxonomy":"product_brand","embeddable":true,"href":"https:\/\/streetmarkets.fr\/app\/wp-json\/wp\/v2\/product_brand?post=703314"},{"taxonomy":"product_cat","embeddable":true,"href":"https:\/\/streetmarkets.fr\/app\/wp-json\/wp\/v2\/product_cat?post=703314"},{"taxonomy":"product_tag","embeddable":true,"href":"https:\/\/streetmarkets.fr\/app\/wp-json\/wp\/v2\/product_tag?post=703314"}],"curies":[{"name":"wp","href":"https:\/\/api.w.org\/{rel}","templated":true}]}}