{"id":703304,"date":"2024-10-15T10:31:01","date_gmt":"2024-10-15T08:31:01","guid":{"rendered":"https:\/\/streetmarkets.fr\/app\/produit\/chausson-moumoute-au-choix\/"},"modified":"2024-10-15T10:31:44","modified_gmt":"2024-10-15T08:31:44","slug":"chausson-moumoute-au-choix","status":"publish","type":"product","link":"https:\/\/streetmarkets.fr\/app\/produit\/chausson-moumoute-au-choix\/","title":{"rendered":"Chausson moumoute (au choix)"},"content":{"rendered":"<p>Chausson moumoute (au choix) Yoko durable et \u00e9thique \u2713 Livraison rapide &amp; paiement en x3 ou x4.<\/p>\n<p style=\"margin:0px;font-size:13px;line-height:normal;font-family:'Helvetica Neue'\">Ameliorez votre confort et votre chaleur \u00e0 la maison avec les \u00ab\u00a0pantoufles sib\u00e9riennes\u00a0\u00bb<\/p>\n<p style=\"margin:0px;font-size:13px;line-height:normal;font-family:'Helvetica Neue';min-height:15px\">\n<p style=\"margin:0px;font-size:13px;line-height:normal;font-family:'Helvetica Neue'\">Chausson moumoute mixte.<br \/>En plusieurs coloris.<br \/>100% laine.<\/p>\n<p style=\"margin:0px;font-size:13px;line-height:normal;font-family:'Helvetica Neue'\">\n<p style=\"margin:0px;font-size:13px;line-height:normal;font-family:'Helvetica Neue'\">\n<p style=\"margin:0px;font-size:13px;line-height:normal;font-family:'Helvetica Neue'\">Le concept : Le chausson moumoute d&#8217;int\u00e9rieur pour homme et femme<\/p>\n<p style=\"margin:0px;font-size:13px;line-height:normal;font-family:'Helvetica Neue'\">Le\u00a0chausson moumoute\u00a0tient tr\u00e8s\u00a0chaud et est\u00a0irr\u00e9sistiblement confortable\u00a0: de quoi vous tenir compagnie en p\u00e9riode de froid. En gris, en vert, en lilas, \u2026 Il y en a pour tous les go\u00fbts !\u00a0Vos pieds vous diront merci cet hiver gr\u00e2ce \u00e0 nos chaussons ! Gardez vos pieds bien au chaud, m\u00eame pendant les journ\u00e9es les plus glaciales.<\/p>\n","protected":false},"excerpt":{"rendered":"<p>Chausson moumoute (au choix) Yoko durable et \u00e9thique \u2713 Livraison rapide &amp; paiement en x3 ou x4. Ameliorez votre confort et votre chaleur \u00e0 la maison avec les \u00ab\u00a0pantoufles sib\u00e9riennes\u00a0\u00bb Chausson moumoute mixte.En plusieurs coloris.100% laine. Le concept : Le chausson moumoute d&#8217;int\u00e9rieur pour homme et femme Le\u00a0chausson moumoute\u00a0tient tr\u00e8s\u00a0chaud et est\u00a0irr\u00e9sistiblement confortable\u00a0: de quoi [&hellip;]<\/p>\n","protected":false},"featured_media":703305,"comment_status":"open","ping_status":"closed","template":"","meta":[],"product_brand":[],"product_cat":[1756,1763],"product_tag":[2244],"acf":[],"_links":{"self":[{"href":"https:\/\/streetmarkets.fr\/app\/wp-json\/wp\/v2\/product\/703304"}],"collection":[{"href":"https:\/\/streetmarkets.fr\/app\/wp-json\/wp\/v2\/product"}],"about":[{"href":"https:\/\/streetmarkets.fr\/app\/wp-json\/wp\/v2\/types\/product"}],"replies":[{"embeddable":true,"href":"https:\/\/streetmarkets.fr\/app\/wp-json\/wp\/v2\/comments?post=703304"}],"wp:featuredmedia":[{"embeddable":true,"href":"https:\/\/streetmarkets.fr\/app\/wp-json\/wp\/v2\/media\/703305"}],"wp:attachment":[{"href":"https:\/\/streetmarkets.fr\/app\/wp-json\/wp\/v2\/media?parent=703304"}],"wp:term":[{"taxonomy":"product_brand","embeddable":true,"href":"https:\/\/streetmarkets.fr\/app\/wp-json\/wp\/v2\/product_brand?post=703304"},{"taxonomy":"product_cat","embeddable":true,"href":"https:\/\/streetmarkets.fr\/app\/wp-json\/wp\/v2\/product_cat?post=703304"},{"taxonomy":"product_tag","embeddable":true,"href":"https:\/\/streetmarkets.fr\/app\/wp-json\/wp\/v2\/product_tag?post=703304"}],"curies":[{"name":"wp","href":"https:\/\/api.w.org\/{rel}","templated":true}]}}