{"id":703233,"date":"2024-10-15T10:30:58","date_gmt":"2024-10-15T08:30:58","guid":{"rendered":"https:\/\/streetmarkets.fr\/app\/produit\/maillot-de-bain-discollab\/"},"modified":"2024-10-15T10:31:44","modified_gmt":"2024-10-15T08:31:44","slug":"maillot-de-bain-discollab","status":"publish","type":"product","link":"https:\/\/streetmarkets.fr\/app\/produit\/maillot-de-bain-discollab\/","title":{"rendered":"Maillot de bain Discollab"},"content":{"rendered":"<p>Maillot de bain Discollab Eau swim durable et \u00e9thique \u2713 Livraison rapide &amp; paiement en x3 ou x4.<\/p>\n<p dir=\"ltr\" style=\"line-height:1.38;margin-top:0pt;margin-bottom:12pt\"><span style=\"font-size:12pt;font-family:'Helvetica Neue', sans-serif;vertical-align:baseline\">Pour f\u00eater les 5 ans de Mamamushi, nous avons imagin\u00e9 une collection capsule: La Discollab!<\/span><\/p>\n<p dir=\"ltr\" style=\"line-height:1.38;margin-top:12pt;margin-bottom:12pt\"><span style=\"font-size:12pt;font-family:'Helvetica Neue', sans-serif;vertical-align:baseline\">Une collection \u00e9manant d&#8217;une collaboration avec dix de nos cr\u00e9ateurs chouchous sur le th\u00e8me Disco.<\/span><\/p>\n<p dir=\"ltr\" style=\"line-height:1.38;margin-top:12pt;margin-bottom:12pt\"><span style=\"font-size:12pt;font-family:'Helvetica Neue', sans-serif;vertical-align:baseline\">Faites place \u00e0 la f\u00eate, aux strass et aux paillettes !!!<\/span><\/p>\n<p dir=\"ltr\" style=\"line-height:1.38;margin-top:12pt;margin-bottom:12pt\"><span style=\"font-size:12pt;font-family:'Helvetica Neue', sans-serif;vertical-align:baseline\">Avec Yasmine, la cr\u00e9atrice de la jeune marque Eau Swim, nous avons imagin\u00e9 une pi\u00e8ce hybride qui peut se porter aussi bien en maillot de bain chic ou qu\u2019en body du soir.<\/span><\/p>\n<p dir=\"ltr\" style=\"line-height:1.38;margin-top:12pt;margin-bottom:12pt\"><span style=\"font-size:12pt;font-family:'Helvetica Neue', sans-serif;vertical-align:baseline\">Le maillot ideal pour chanter \u201cSingle ladies\u201d \u00e0 votre prochaine pool party avec ou sans la piscine.<\/span><\/p>\n<p dir=\"ltr\" style=\"line-height:2.16;margin-top:0pt;margin-bottom:0pt\"><span style=\"font-size:12pt;font-family:'Helvetica Neue', sans-serif;color:#212529;vertical-align:baseline\">Ce bustier avec bretelles asym\u00e9triques galbe le corps et se d\u00e9voile juste au petit creux du ventre pour une silhouette enti\u00e8rement gain\u00e9e.<\/span><\/p>\n<p dir=\"ltr\" style=\"line-height:1.38;margin-top:12pt;margin-bottom:12pt\"><span style=\"font-size:12pt;font-family:'Helvetica Neue', sans-serif;vertical-align:baseline\">Mati\u00e8re:\u00a0<\/span><\/p>\n<p dir=\"ltr\" style=\"line-height:1.38;margin-top:12pt;margin-bottom:12pt\"><span style=\"font-size:12pt;font-family:'Helvetica Neue', sans-serif;color:#212529;background-color:#ffffff;vertical-align:baseline\">62 % Polyamide 38% Elasthane<\/span><\/p>\n<p style=\"margin-top:0px;margin-bottom:0px;line-height:1.8;font-size:17px;color:#212529;font-family:Assistant, sans-serif\">\n","protected":false},"excerpt":{"rendered":"<p>Maillot de bain Discollab Eau swim durable et \u00e9thique \u2713 Livraison rapide &amp; paiement en x3 ou x4. Pour f\u00eater les 5 ans de Mamamushi, nous avons imagin\u00e9 une collection capsule: La Discollab! Une collection \u00e9manant d&#8217;une collaboration avec dix de nos cr\u00e9ateurs chouchous sur le th\u00e8me Disco. Faites place \u00e0 la f\u00eate, aux strass [&hellip;]<\/p>\n","protected":false},"featured_media":703234,"comment_status":"open","ping_status":"closed","template":"","meta":[],"product_brand":[],"product_cat":[1756,1758],"product_tag":[2244],"acf":[],"_links":{"self":[{"href":"https:\/\/streetmarkets.fr\/app\/wp-json\/wp\/v2\/product\/703233"}],"collection":[{"href":"https:\/\/streetmarkets.fr\/app\/wp-json\/wp\/v2\/product"}],"about":[{"href":"https:\/\/streetmarkets.fr\/app\/wp-json\/wp\/v2\/types\/product"}],"replies":[{"embeddable":true,"href":"https:\/\/streetmarkets.fr\/app\/wp-json\/wp\/v2\/comments?post=703233"}],"wp:featuredmedia":[{"embeddable":true,"href":"https:\/\/streetmarkets.fr\/app\/wp-json\/wp\/v2\/media\/703234"}],"wp:attachment":[{"href":"https:\/\/streetmarkets.fr\/app\/wp-json\/wp\/v2\/media?parent=703233"}],"wp:term":[{"taxonomy":"product_brand","embeddable":true,"href":"https:\/\/streetmarkets.fr\/app\/wp-json\/wp\/v2\/product_brand?post=703233"},{"taxonomy":"product_cat","embeddable":true,"href":"https:\/\/streetmarkets.fr\/app\/wp-json\/wp\/v2\/product_cat?post=703233"},{"taxonomy":"product_tag","embeddable":true,"href":"https:\/\/streetmarkets.fr\/app\/wp-json\/wp\/v2\/product_tag?post=703233"}],"curies":[{"name":"wp","href":"https:\/\/api.w.org\/{rel}","templated":true}]}}