{"id":703139,"date":"2024-10-15T10:30:56","date_gmt":"2024-10-15T08:30:56","guid":{"rendered":"https:\/\/streetmarkets.fr\/app\/produit\/pantalon-grease-au-choix\/"},"modified":"2024-10-15T10:31:44","modified_gmt":"2024-10-15T08:31:44","slug":"pantalon-grease-au-choix","status":"publish","type":"product","link":"https:\/\/streetmarkets.fr\/app\/produit\/pantalon-grease-au-choix\/","title":{"rendered":"Pantalon Grease (au choix)"},"content":{"rendered":"<p>Pantalon Grease (au choix) Karma Koma durable et \u00e9thique \u2713 Livraison rapide &amp; paiement en x3 ou x4.<\/p>\n<p style=\"margin-top:0px;margin-bottom:0.5rem;color:#282828;font-family:Raleway, '-apple-system', BlinkMacSystemFont, 'Segoe UI', Roboto, 'Helvetica Neue', Arial, sans-serif, 'Apple Color Emoji', 'Segoe UI Emoji', 'Segoe UI Symbol';font-size:14px\">Pantalon en maille iris\u00e9e.<br \/>&#8211; Coupe ample sur le bas<br \/>&#8211; Maille iris\u00e9e<br \/>&#8211; Ceinture \u00e9lastique<br \/>&#8211; Taille haute<\/p>\n<p><span style=\"color:#282828;font-family:Raleway, '-apple-system', BlinkMacSystemFont, 'Segoe UI', Roboto, 'Helvetica Neue', Arial, sans-serif, 'Apple Color Emoji', 'Segoe UI Emoji', 'Segoe UI Symbol';font-size:14px;background-color:#ffffff\">Mati\u00e8re principale :<\/span><br style=\"color:#282828;font-family:Raleway, '-apple-system', BlinkMacSystemFont, 'Segoe UI', Roboto, 'Helvetica Neue', Arial, sans-serif, 'Apple Color Emoji', 'Segoe UI Emoji', 'Segoe UI Symbol';font-size:14px\" \/><span style=\"color:#282828;font-family:Raleway, '-apple-system', BlinkMacSystemFont, 'Segoe UI', Roboto, 'Helvetica Neue', Arial, sans-serif, 'Apple Color Emoji', 'Segoe UI Emoji', 'Segoe UI Symbol';font-size:14px;background-color:#ffffff\">80% Rayonne<\/span><br style=\"color:#282828;font-family:Raleway, '-apple-system', BlinkMacSystemFont, 'Segoe UI', Roboto, 'Helvetica Neue', Arial, sans-serif, 'Apple Color Emoji', 'Segoe UI Emoji', 'Segoe UI Symbol';font-size:14px\" \/><span style=\"color:#282828;font-family:Raleway, '-apple-system', BlinkMacSystemFont, 'Segoe UI', Roboto, 'Helvetica Neue', Arial, sans-serif, 'Apple Color Emoji', 'Segoe UI Emoji', 'Segoe UI Symbol';font-size:14px;background-color:#ffffff\">v20% Lurex<\/span><\/p>\n<p><span style=\"color:#282828;font-family:Raleway, '-apple-system', BlinkMacSystemFont, 'Segoe UI', Roboto, 'Helvetica Neue', Arial, sans-serif, 'Apple Color Emoji', 'Segoe UI Emoji', 'Segoe UI Symbol';font-size:14px;background-color:#ffffff\">Lavage 30\u00b0 d\u00e9licat<\/span><br style=\"color:#282828;font-family:Raleway, '-apple-system', BlinkMacSystemFont, 'Segoe UI', Roboto, 'Helvetica Neue', Arial, sans-serif, 'Apple Color Emoji', 'Segoe UI Emoji', 'Segoe UI Symbol';font-size:14px\" \/><span style=\"color:#282828;font-family:Raleway, '-apple-system', BlinkMacSystemFont, 'Segoe UI', Roboto, 'Helvetica Neue', Arial, sans-serif, 'Apple Color Emoji', 'Segoe UI Emoji', 'Segoe UI Symbol';font-size:14px;background-color:#ffffff\">Pas de blanchissement<\/span><br style=\"color:#282828;font-family:Raleway, '-apple-system', BlinkMacSystemFont, 'Segoe UI', Roboto, 'Helvetica Neue', Arial, sans-serif, 'Apple Color Emoji', 'Segoe UI Emoji', 'Segoe UI Symbol';font-size:14px\" \/><span style=\"color:#282828;font-family:Raleway, '-apple-system', BlinkMacSystemFont, 'Segoe UI', Roboto, 'Helvetica Neue', Arial, sans-serif, 'Apple Color Emoji', 'Segoe UI Emoji', 'Segoe UI Symbol';font-size:14px;background-color:#ffffff\">Pas de s\u00e9chage en tambour<\/span><br style=\"color:#282828;font-family:Raleway, '-apple-system', BlinkMacSystemFont, 'Segoe UI', Roboto, 'Helvetica Neue', Arial, sans-serif, 'Apple Color Emoji', 'Segoe UI Emoji', 'Segoe UI Symbol';font-size:14px\" \/><span style=\"color:#282828;font-family:Raleway, '-apple-system', BlinkMacSystemFont, 'Segoe UI', Roboto, 'Helvetica Neue', Arial, sans-serif, 'Apple Color Emoji', 'Segoe UI Emoji', 'Segoe UI Symbol';font-size:14px;background-color:#ffffff\">Repassage \u00e0 temp\u00e9rature faible<\/span><span style=\"color:#282828;font-family:Raleway, '-apple-system', BlinkMacSystemFont, 'Segoe UI', Roboto, 'Helvetica Neue', Arial, sans-serif, 'Apple Color Emoji', 'Segoe UI Emoji', 'Segoe UI Symbol';font-size:14px;background-color:#ffffff\"><\/span><\/p>\n","protected":false},"excerpt":{"rendered":"<p>Pantalon Grease (au choix) Karma Koma durable et \u00e9thique \u2713 Livraison rapide &amp; paiement en x3 ou x4. Pantalon en maille iris\u00e9e.&#8211; Coupe ample sur le bas&#8211; Maille iris\u00e9e&#8211; Ceinture \u00e9lastique&#8211; Taille haute Mati\u00e8re principale :80% Rayonnev20% Lurex Lavage 30\u00b0 d\u00e9licatPas de blanchissementPas de s\u00e9chage en tambourRepassage \u00e0 temp\u00e9rature faible<\/p>\n","protected":false},"featured_media":703140,"comment_status":"open","ping_status":"closed","template":"","meta":[],"product_brand":[],"product_cat":[1756,1758],"product_tag":[2244],"acf":[],"_links":{"self":[{"href":"https:\/\/streetmarkets.fr\/app\/wp-json\/wp\/v2\/product\/703139"}],"collection":[{"href":"https:\/\/streetmarkets.fr\/app\/wp-json\/wp\/v2\/product"}],"about":[{"href":"https:\/\/streetmarkets.fr\/app\/wp-json\/wp\/v2\/types\/product"}],"replies":[{"embeddable":true,"href":"https:\/\/streetmarkets.fr\/app\/wp-json\/wp\/v2\/comments?post=703139"}],"wp:featuredmedia":[{"embeddable":true,"href":"https:\/\/streetmarkets.fr\/app\/wp-json\/wp\/v2\/media\/703140"}],"wp:attachment":[{"href":"https:\/\/streetmarkets.fr\/app\/wp-json\/wp\/v2\/media?parent=703139"}],"wp:term":[{"taxonomy":"product_brand","embeddable":true,"href":"https:\/\/streetmarkets.fr\/app\/wp-json\/wp\/v2\/product_brand?post=703139"},{"taxonomy":"product_cat","embeddable":true,"href":"https:\/\/streetmarkets.fr\/app\/wp-json\/wp\/v2\/product_cat?post=703139"},{"taxonomy":"product_tag","embeddable":true,"href":"https:\/\/streetmarkets.fr\/app\/wp-json\/wp\/v2\/product_tag?post=703139"}],"curies":[{"name":"wp","href":"https:\/\/api.w.org\/{rel}","templated":true}]}}